{"id":102,"date":"2019-06-19T08:38:12","date_gmt":"2019-06-19T12:38:12","guid":{"rendered":"https:\/\/ppgcultcpaq.ufms.br\/?page_id=102"},"modified":"2019-07-02T10:35:11","modified_gmt":"2019-07-02T14:35:11","slug":"processo-seletivo-2019-1","status":"publish","type":"page","link":"https:\/\/ppgcultcpaq.ufms.br\/en\/processo-seletivo-2019-1\/","title":{"rendered":"Processo Seletivo 2019.1"},"content":{"rendered":"<p><strong>Anexos do edital\u00a0PPGCult 01\/2019 <\/strong>\u2013 PPGCult 2019.1:<strong>\u00a0<\/strong><a href=\"https:\/\/ppgcultcpaq.ufms.br\/resultado-da-analise-de-anteprojeto-de-pesquisa-e-memorial-academico-processo-seletivo-2019-1\/\" target=\"_blank\" rel=\"noopener noreferrer\">clique aqui<\/a><strong>\u00a0<\/strong>(Anteprojeto de Pesquisa: identifica\u00e7\u00e3o e indica\u00e7\u00e3o de Linha de Pesquisa; Termo de Compromisso e Responsabilidade; Formul\u00e1rio de Autodeclara\u00e7\u00e3o de Identidade Ind\u00edgena; Formul\u00e1rio de Autodeclara\u00e7\u00e3o \u00c9tnico-racial; Formul\u00e1rio de Autodeclara\u00e7\u00e3o de Pessoa com Defici\u00eancia; Bibliografia para Prova Escrita; Pedido de Isen\u00e7\u00e3o de Taxa de Inscri\u00e7\u00e3o; Formul\u00e1rio de Identifica\u00e7\u00e3o Especial; Requerimento de Recurso; Solicita\u00e7\u00e3o de Atendimento Diferenciado para Pessoas com Defici\u00eancia; Procura\u00e7\u00e3o)<\/p>\n<p><strong>Resultado final do processo seletivo<\/strong> &#8211; PPGCult 2019.1: <a href=\"https:\/\/ppgcultcpaq.ufms.br\/resultado-final-processo-seletivo-2019-1\/\">clique aqui<\/a><\/p>\n<p><strong>Resultado da an\u00e1lise de anteprojeto de pesquisa e memorial acad\u00eamico <\/strong>&#8211; PPGCult 2019.1: <a href=\"https:\/\/ppgcultcpaq.ufms.br\/resultado-da-analise-de-anteprojeto-de-pesquisa-e-memorial-academico-processo-seletivo-2019-1\/\">clique aqui<\/a><\/p>\n<p><strong>Agendamento de hor\u00e1rio para argui\u00e7\u00e3o do anteprojeto de pesquisa e do memorial acad\u00eamico<\/strong>\u00a0\u2013 PPGCult 2019.1:\u00a0<a href=\"https:\/\/ppgcultcpaq.ufms.br\/agendamento-de-horario-para-arguicao-do-anteprojeto-de-pesquisa-e-do-memorial-academico-ppgcult-2019-1\/\" target=\"_blank\" rel=\"noopener noreferrer\">clique aqui<\/a><\/p>\n<p><strong>Resultado da an\u00e1lise de anteprojeto de pesquisa e memorial acad\u00eamico<\/strong>\u00a0\u2013 PPGCult 2019.1:\u00a0<a href=\"https:\/\/ppgcultcpaq.ufms.br\/resultado-da-banca-de-avaliacao-e-verificacao-da-veracidade-da-autodeclaracao-de-autodeclarados-negros-para-vaga-de-acoes-afirmativas-processo-seletivo-ppgcult-2019-1\/\" target=\"_blank\" rel=\"noopener noreferrer\">clique aqui<\/a><\/p>\n<p><strong>Resultado da banca de avalia\u00e7\u00e3o e verifica\u00e7\u00e3o da veracidade da autodeclara\u00e7\u00e3o de \u201cautodeclarados negros\u201d para vaga de a\u00e7\u00f5es afirmativas<\/strong>\u00a0\u2013 PPGCult 2019.1:\u00a0<a href=\"https:\/\/ppgcultcpaq.ufms.br\/resultado-da-banca-de-avaliacao-e-verificacao-da-veracidade-da-autodeclaracao-de-autodeclarados-negros-para-vaga-de-acoes-afirmativas-processo-seletivo-ppgcult-2019-1\/\" target=\"_blank\" rel=\"noopener noreferrer\">clique aqui<\/a><\/p>\n<p><strong>Resultado dos recursos da prova escrita<\/strong>\u00a0&#8211; PPGCult 2019.1:\u00a0<a href=\"https:\/\/ppgcultcpaq.ufms.br\/resultado-da-prova-escrita-processo-seletivo-ppgcult-2019-1\/\" target=\"_blank\" rel=\"noopener noreferrer\">clique aqui<\/a><\/p>\n<p><strong>Resultado da prova escrita<\/strong>\u00a0&#8211; PPGCult 2019.1:\u00a0<a href=\"https:\/\/ppgcultcpaq.ufms.br\/resultado-da-prova-escrita-processo-seletivo-ppgcult-2019-1\/\" target=\"_blank\" rel=\"noopener noreferrer\">clique aqui<\/a><\/p>\n<p><strong>Resultado final das inscri\u00e7\u00f5es deferidas e indeferidas<\/strong>\u00a0\u2013 PPGCult 2019.1:\u00a0<a href=\"https:\/\/ppgcultcpaq.ufms.br\/resultado-final-das-inscricoes-deferidas-e-indeferidas-ppgcult-2019-1\/\" target=\"_blank\" rel=\"noopener noreferrer\">clique aqui<\/a><\/p>\n<p><strong>Resultado dos recursos do indeferimento de inscri\u00e7\u00f5es<\/strong>\u00a0&#8211;\u00a0PPGCult 2019.1:\u00a0<a href=\"https:\/\/ppgcultcpaq.ufms.br\/resultado-dos-recursos-do-indeferimento-de-inscricoes-ppgcult-2019-1\/\" target=\"_blank\" rel=\"noopener noreferrer\">clique aqui<\/a><\/p>\n<p><strong>Rela\u00e7\u00e3o de inscri\u00e7\u00f5es deferidas e indeferidas<\/strong>\u00a0\u2013 PPGCult 2019.1:\u00a0<a href=\"https:\/\/ppgcultcpaq.ufms.br\/relacao-de-inscricoes-deferidas-e-indeferidas-ppgcult-2019-1\/\" target=\"_blank\" rel=\"noopener noreferrer\">clique aqui<\/a><\/p>\n<p><strong>Rela\u00e7\u00e3o de isen\u00e7\u00f5es deferidas e indeferidas<\/strong>\u00a0\u2013 PPGCult 2019.1:\u00a0<a href=\"https:\/\/ppgcultcpaq.ufms.br\/relacao-de-isencoes-deferidas-e-indeferidas-ppgcult-2019-1\/\" target=\"_blank\" rel=\"noopener noreferrer\">clique aqui<\/a><\/p>\n<p><strong>Edital de abertura<\/strong>\u00a0&#8211; PPGCult 2019.1:\u00a0<a href=\"https:\/\/ppgcultcpaq.ufms.br\/inscricoes-abertas-para-mestrado-em-estudos-culturais\/\" target=\"_blank\" rel=\"noopener noreferrer\">clique aqui<\/a>\u00a0(<em>visualize tamb\u00e9m em formato html, para tradu\u00e7\u00f5es):\u00a0<a href=\"https:\/\/ppgcultcpaq.ufms.br\/files\/2019\/06\/Edital-Mestrado-em-Estudos-Culturais-CPAQ-2019-1.zip\">clique aqui<\/a>.<\/em><\/p>\n","protected":false},"excerpt":{"rendered":"<p>Anexos do edital\u00a0PPGCult 01\/2019 \u2013 PPGCult 2019.1:\u00a0clique aqui\u00a0(Anteprojeto de Pesquisa: identifica\u00e7\u00e3o e indica\u00e7\u00e3o de Linha de Pesquisa; Termo de Compromisso e Responsabilidade; Formul\u00e1rio de Autodeclara\u00e7\u00e3o de Identidade Ind\u00edgena; Formul\u00e1rio de Autodeclara\u00e7\u00e3o \u00c9tnico-racial; Formul\u00e1rio de Autodeclara\u00e7\u00e3o de Pessoa com Defici\u00eancia; Bibliografia para Prova Escrita; Pedido de Isen\u00e7\u00e3o de Taxa de Inscri\u00e7\u00e3o; Formul\u00e1rio de Identifica\u00e7\u00e3o Especial; Requerimento [&hellip;]<\/p>\n","protected":false},"author":26697,"featured_media":83,"parent":0,"menu_order":0,"comment_status":"closed","ping_status":"closed","template":"page-templates\/page-coordenadorias.php","meta":{"ngg_post_thumbnail":0,"footnotes":""},"coauthors":[],"class_list":["post-102","page","type-page","status-publish","has-post-thumbnail","hentry"],"_links":{"self":[{"href":"https:\/\/ppgcultcpaq.ufms.br\/en\/wp-json\/wp\/v2\/pages\/102","targetHints":{"allow":["GET"]}}],"collection":[{"href":"https:\/\/ppgcultcpaq.ufms.br\/en\/wp-json\/wp\/v2\/pages"}],"about":[{"href":"https:\/\/ppgcultcpaq.ufms.br\/en\/wp-json\/wp\/v2\/types\/page"}],"author":[{"embeddable":true,"href":"https:\/\/ppgcultcpaq.ufms.br\/en\/wp-json\/wp\/v2\/users\/26697"}],"replies":[{"embeddable":true,"href":"https:\/\/ppgcultcpaq.ufms.br\/en\/wp-json\/wp\/v2\/comments?post=102"}],"version-history":[{"count":9,"href":"https:\/\/ppgcultcpaq.ufms.br\/en\/wp-json\/wp\/v2\/pages\/102\/revisions"}],"predecessor-version":[{"id":162,"href":"https:\/\/ppgcultcpaq.ufms.br\/en\/wp-json\/wp\/v2\/pages\/102\/revisions\/162"}],"wp:featuredmedia":[{"embeddable":true,"href":"https:\/\/ppgcultcpaq.ufms.br\/en\/wp-json\/wp\/v2\/media\/83"}],"wp:attachment":[{"href":"https:\/\/ppgcultcpaq.ufms.br\/en\/wp-json\/wp\/v2\/media?parent=102"}],"wp:term":[{"taxonomy":"author","embeddable":true,"href":"https:\/\/ppgcultcpaq.ufms.br\/en\/wp-json\/wp\/v2\/coauthors?post=102"}],"curies":[{"name":"wp","href":"https:\/\/api.w.org\/{rel}","templated":true}]}}