{"id":1030,"date":"2021-03-22T13:43:18","date_gmt":"2021-03-22T17:43:18","guid":{"rendered":"https:\/\/ppgcultcpaq.ufms.br\/?page_id=1030"},"modified":"2021-05-03T11:02:38","modified_gmt":"2021-05-03T15:02:38","slug":"eventos","status":"publish","type":"page","link":"https:\/\/ppgcultcpaq.ufms.br\/en\/eventos\/","title":{"rendered":"Eventos"},"content":{"rendered":"<ul>\n<li><strong>Aula Inaugural 2021 &#8220;Cinema, G\u00eanero e Democracia\u201d &#8211; <a href=\"https:\/\/ppgcultcpaq.ufms.br\/mestrado-em-estudos-culturais-convida-para-sua-aula-inaugural-em-2021\/\" target=\"_blank\" rel=\"noopener noreferrer\">Clique aqui.<\/a><\/strong><\/li>\n<li><strong>I Semin\u00e1rio Interdisciplinar Representatividade Negra: Feminismos e Movimentos Sociais &#8211;<\/strong> <strong>\u00a0<a href=\"https:\/\/ppgcultcpaq.ufms.br\/i-seminario-interdisciplinar-representatividade-negra-feminismos-e-movimentos-sociais\/\" target=\"_blank\" rel=\"noopener noreferrer\">Clique aqui.<\/a><\/strong><\/li>\n<li><strong>1\u00ba Semin\u00e1rio Sujeitos e Linguagens &#8211;\u00a0<a href=\"https:\/\/ppgcultcpaq.ufms.br\/em-outubro-ppgcult-promovera-o-1o-seminario-sujeitos-e-linguagens\/\" target=\"_blank\" rel=\"noopener noreferrer\">Clique aqui.<\/a><\/strong><\/li>\n<li><strong>Live \u201cComunica\u00e7\u00e3o, sujeitos e democracia\u201d &#8211; <a href=\"https:\/\/ppgcultcpaq.ufms.br\/estudos-culturais-em-debate-projeto-do-ppgcult-cpaq-realizara-live-com-o-tema-comunicacao-sujeitos-e-democracia\/\" target=\"_blank\" rel=\"noopener noreferrer\">Clique aqui.<\/a><\/strong><\/li>\n<li><strong>Live \u201cEmancipa\u00e7\u00f5es &amp; Lutas das Popula\u00e7\u00f5es Negras no Brasil\u201d &#8211;\u00a0<a href=\"https:\/\/ppgcultcpaq.ufms.br\/live-discutira-as-lutas-das-populacoes-negras-no-brasil-participe\/\" target=\"_blank\" rel=\"noopener noreferrer\">Clique aqui.<\/a><\/strong><\/li>\n<li><strong>Live \u201cEstudos Culturais em Debate, mulheres na ci\u00eancia\u201d &#8211;\u00a0<a href=\"https:\/\/ppgcultcpaq.ufms.br\/live-discutira-o-trabalho-das-mulheres-na-ciencia-em-tempos-de-pandemia\/\" target=\"_blank\" rel=\"noopener noreferrer\">Clique aqui.<\/a><\/strong><\/li>\n<li><strong>I Semin\u00e1rio Integrador do PPGCult &#8211;\u00a0<a href=\"https:\/\/ppgcultcpaq.ufms.br\/programa-de-pos-graduacao-em-estudos-culturais-do-cpaq-ufms-realiza-seu-primeiro-seminario-integrador\/\" target=\"_blank\" rel=\"noopener noreferrer\">Clique aqui.<\/a><\/strong><\/li>\n<li><strong>Live \u201cCultura &amp; Democracia\u201d &#8211;\u00a0<a href=\"https:\/\/ppgcultcpaq.ufms.br\/ppgcult-convida-para-a-live-cultura-democracia\/\" target=\"_blank\" rel=\"noopener noreferrer\">Clique aqui.<\/a><\/strong><\/li>\n<li><strong>Live \u201cDi\u00e1logo com Bakhtin: contribui\u00e7\u00f5es para o campo dos Estudos Culturais\u201d &#8211;\u00a0<a href=\"https:\/\/ppgcultcpaq.ufms.br\/discentes-do-ppgcult-realizarao-evento-online-nesta-quarta-feira\/\" target=\"_blank\" rel=\"noopener noreferrer\">Clique aqui.<\/a><\/strong><\/li>\n<li><strong>Aula Inaugural 2020 \u201cEstudos Culturais, Pluriculturalismo &amp; Estado Nacional\u201d &#8211;<a href=\"https:\/\/ppgcultcpaq.ufms.br\/mestrado-em-estudos-culturais-convida-para-sua-aula-inaugural-em-2020\/\" target=\"_blank\" rel=\"noopener noreferrer\">Clique aqui.<\/a><\/strong><\/li>\n<li><strong>I Congresso Nacional de Estudos Culturais: sujeitos, alteridades &amp; democracias no s\u00e9culo XXI &#8211;\u00a0<a href=\"https:\/\/ppgcultcpaq.ufms.br\/i-congresso-nacional-de-estudos-culturais-sujeitos-alteridades-democracias-no-seculo-xxi\/\" target=\"_blank\" rel=\"noopener noreferrer\">Clique aqui.<\/a><\/strong>\n<ul>\n<li>Anais do I Congresso Nacional de Estudos Culturais <a href=\"https:\/\/periodicos.ufms.br\/index.php\/CNEC\/issue\/view\/574\" target=\"_blank\" rel=\"noopener noreferrer\">Clique aqui.<\/a><\/li>\n<\/ul>\n<\/li>\n<li><strong>Palestra \u201cA Pol\u00edtica Nacional de Aten\u00e7\u00e3o \u00e0 Sa\u00fade Ind\u00edgena\u201d &#8211;\u00a0<a href=\"https:\/\/ppgcultcpaq.ufms.br\/palestra-tera-como-tema-a-politica-nacional-de-atencao-a-saude-indigena-compareca\/\" target=\"_blank\" rel=\"noopener noreferrer\">Clique aqui.<\/a><\/strong><\/li>\n<li><strong>Aula Inaugural 2019 \u201cUma vis\u00e3o inter e transdisciplinar dos Estudos Culturais \u2013 hist\u00f3rico e epistemologias\u201d &#8211;\u00a0<a href=\"https:\/\/ppgcultcpaq.ufms.br\/com-o-tema-estudos-culturais-mestrado-convida-para-sua-aula-inaugural\/\" target=\"_blank\" rel=\"noopener noreferrer\">Clique aqui.<\/a><\/strong><\/li>\n<\/ul>\n<p>&nbsp;<\/p>\n","protected":false},"excerpt":{"rendered":"<p>Aula Inaugural 2021 &#8220;Cinema, G\u00eanero e Democracia\u201d &#8211; Clique aqui. I Semin\u00e1rio Interdisciplinar Representatividade Negra: Feminismos e Movimentos Sociais &#8211; \u00a0Clique aqui. 1\u00ba Semin\u00e1rio Sujeitos e Linguagens &#8211;\u00a0Clique aqui. Live \u201cComunica\u00e7\u00e3o, sujeitos e democracia\u201d &#8211; Clique aqui. Live \u201cEmancipa\u00e7\u00f5es &amp; Lutas das Popula\u00e7\u00f5es Negras no Brasil\u201d &#8211;\u00a0Clique aqui. Live \u201cEstudos Culturais em Debate, mulheres na [&hellip;]<\/p>\n","protected":false},"author":3740,"featured_media":0,"parent":0,"menu_order":0,"comment_status":"closed","ping_status":"closed","template":"","meta":{"ngg_post_thumbnail":0,"footnotes":""},"coauthors":[],"class_list":["post-1030","page","type-page","status-publish","hentry"],"_links":{"self":[{"href":"https:\/\/ppgcultcpaq.ufms.br\/en\/wp-json\/wp\/v2\/pages\/1030","targetHints":{"allow":["GET"]}}],"collection":[{"href":"https:\/\/ppgcultcpaq.ufms.br\/en\/wp-json\/wp\/v2\/pages"}],"about":[{"href":"https:\/\/ppgcultcpaq.ufms.br\/en\/wp-json\/wp\/v2\/types\/page"}],"author":[{"embeddable":true,"href":"https:\/\/ppgcultcpaq.ufms.br\/en\/wp-json\/wp\/v2\/users\/3740"}],"replies":[{"embeddable":true,"href":"https:\/\/ppgcultcpaq.ufms.br\/en\/wp-json\/wp\/v2\/comments?post=1030"}],"version-history":[{"count":22,"href":"https:\/\/ppgcultcpaq.ufms.br\/en\/wp-json\/wp\/v2\/pages\/1030\/revisions"}],"predecessor-version":[{"id":1088,"href":"https:\/\/ppgcultcpaq.ufms.br\/en\/wp-json\/wp\/v2\/pages\/1030\/revisions\/1088"}],"wp:attachment":[{"href":"https:\/\/ppgcultcpaq.ufms.br\/en\/wp-json\/wp\/v2\/media?parent=1030"}],"wp:term":[{"taxonomy":"author","embeddable":true,"href":"https:\/\/ppgcultcpaq.ufms.br\/en\/wp-json\/wp\/v2\/coauthors?post=1030"}],"curies":[{"name":"wp","href":"https:\/\/api.w.org\/{rel}","templated":true}]}}