{"id":1090,"date":"2021-05-12T10:00:59","date_gmt":"2021-05-12T14:00:59","guid":{"rendered":"https:\/\/ppgcultcpaq.ufms.br\/?page_id=1090"},"modified":"2025-10-07T11:07:34","modified_gmt":"2025-10-07T15:07:34","slug":"pesquisadores-pos-doutorado","status":"publish","type":"page","link":"https:\/\/ppgcultcpaq.ufms.br\/en\/pesquisadores-pos-doutorado\/","title":{"rendered":"Pesquisadoras e Pesquisadores de P\u00f3s-Doutorado"},"content":{"rendered":"<ul>\n<li style=\"list-style-type: none\"><\/li>\n<li><span style=\"font-family: georgia, palatino, serif;font-size: 12pt\"><strong>AILTON SALGADO ROSENDO<\/strong><\/span><\/li>\n<\/ul>\n<p><span style=\"font-family: georgia, palatino, serif;font-size: 12pt\">Projeto: A FORMA\u00c7\u00c3O DOCENTE A PARTIR DE CURR\u00cdCULOS DECOLONIAIS: AN\u00c1LISE DE EXPERI\u00caNCIA DO CURSO DE LICENCIATURA INTERCULTURAL IND\u00cdGENA TEKO ARANDU DA UNIVERSIDADE FEDERAL DA GRANDE DOURADOS<\/span><\/p>\n<p><span style=\"font-family: georgia, palatino, serif;font-size: 12pt\">Situa\u00e7\u00e3o: Em andamento (09\/06\/2022)<\/span><\/p>\n<ul>\n<li><span style=\"font-family: georgia, palatino, serif;font-size: 12pt\"><strong>LORI\u00c9GE PESSOA BITENCOURT<\/strong><\/span><\/li>\n<\/ul>\n<p><span style=\"font-family: georgia, palatino, serif;font-size: 12pt\">Projeto: PEDAGOGIA UNIVERSIT\u00c1RIA DECOLONIAL: OS PROCESSOS INTERACIONAIS E DIAL\u00d3GICOS DA FORMA\u00c7\u00c3O DE PROFESSORES IND\u00cdGENAS NO CONTEXTO DA FACULDADE IND\u00cdGENA INTERCULTURAL \u2013 FAINDI\/UNEMAT<\/span><\/p>\n<p><span style=\"font-family: georgia, palatino, serif;font-size: 12pt\">Situa\u00e7\u00e3o: Em andamento (07\/07\/2022)<\/span><\/p>\n<ul>\n<li>\n<h2 style=\"background: white;margin: 15.0pt 0cm 7.5pt 0cm\"><span style=\"font-family: georgia, palatino, serif;font-size: 12pt\"><strong><span style=\"color: #333333\">VICTOR FERRI MAURO<\/span><\/strong><\/span><\/h2>\n<\/li>\n<\/ul>\n<p><span style=\"font-family: georgia, palatino, serif;font-size: 12pt\">Projeto: FORMAS DE RESIST\u00caNCIA TERENA \u00c0 COLONIALIDADE DO PODER ESTATAL NA DITADURA MILITAR<\/span><\/p>\n<p><span style=\"font-family: georgia, palatino, serif;font-size: 12pt\">Situa\u00e7\u00e3o: Em andamento (24\/05\/2022)<\/span><\/p>\n<ul>\n<li><span style=\"font-family: georgia, palatino, serif;font-size: 12pt\"><strong>SAMUEL DE SOUSA SILVA<\/strong><\/span><\/li>\n<\/ul>\n<p><span style=\"font-family: georgia, palatino, serif;font-size: 12pt\">Projeto:\u00a0NARRATIVAS SOBRE SA\u00daDE MENTAL DE MULHERES DA REGI\u00c3O DO PANTANAL DE AQUIDAUANA, MATO GROSSO DO SUL, BRASIL<\/span><\/p>\n<p><span style=\"font-family: georgia, palatino, serif;font-size: 12pt\">Situa\u00e7\u00e3o: Finalizado (01\/03\/2022 &#8211; 01\/03\/2023)<\/span><\/p>\n<ul>\n<li><span style=\"font-family: georgia, palatino, serif;font-size: 12pt\"><strong>VANUSA MENEGHEL<\/strong><\/span><\/li>\n<\/ul>\n<p><span style=\"font-family: georgia, palatino, serif;font-size: 12pt\">Projeto: NARRATIVAS E MEM\u00d3RIAS SOBRE SA\u00daDE MENTAL DE MULHERES DA REGI\u00c3O DO PANTANAL DE AQUIDAUANA, MATO GROSSO SO SUL, BRASIL.<\/span><\/p>\n<p><span style=\"font-family: georgia, palatino, serif;font-size: 12pt\">Situa\u00e7\u00e3o: Finalizado\u00a0 (17\/03\/2021 \u00e0 16\/03\/2022)<\/span><\/p>\n<ul>\n<li><span style=\"font-family: georgia, palatino, serif;font-size: 12pt\"><strong>LEANDRO MENDON\u00c7A BARBOSA\u00a0<\/strong><\/span><\/li>\n<\/ul>\n<p><span style=\"font-family: georgia, palatino, serif;font-size: 12pt\">Projeto:\u00a0A GUERRA DA TR\u00cdPLICE ALIAN\u00c7A\/GUERRA GUASU E OS USOS DO PASSADO: AN\u00c1LISE DE NARRATIVAS DO CONFLITO POR MEIO DO PATRIM\u00d4NIO HIST\u00d3RICO EM UMA PERSPECTIVA DECOLONIAL.<\/span><\/p>\n<p><span style=\"font-family: georgia, palatino, serif;font-size: 12pt\">Situa\u00e7\u00e3o: Finalizado (01\/02\/2021 \u00e0 31\/01\/2022)<\/span><\/p>\n<ul>\n<li><span style=\"font-family: georgia, palatino, serif;font-size: 12pt\"><strong>IVANETE RODRIGUES DOS SANTOS<\/strong><\/span><\/li>\n<\/ul>\n<p><span style=\"font-family: georgia, palatino, serif;font-size: 12pt\">Projeto: EDUCA\u00c7\u00c3O CONTRA A BARB\u00c1RIE NEOLIBERAL: UM OLHAR A PARTIR DO PENSAMENTO POL\u00cdTICO-PEDAG\u00d3GICO DE JOS\u00c9 MART\u00cd.<\/span><\/p>\n<p><span style=\"font-family: georgia, palatino, serif;font-size: 12pt\">Situa\u00e7\u00e3o: Finalizado (05\/03\/2020 \u00e0 30\/04\/2021)<\/span><\/p>\n<ul>\n<li><span style=\"font-family: georgia, palatino, serif;font-size: 12pt\"><strong>DENISE SILVA\u00a0<\/strong><\/span><\/li>\n<\/ul>\n<p><span style=\"font-family: georgia, palatino, serif;font-size: 12pt\">Projeto:\u00a0NO PANTANAL TEM GENTE!? ESTUDO SOBRE O POTENCIAL TUR\u00cdSTICO E OS SABERES DAS COMUNIDADES TRADICIONAIS DO PANTANAL.<\/span><\/p>\n<p><span style=\"font-family: georgia, palatino, serif;font-size: 12pt\">Situa\u00e7\u00e3o: Finalizado (01\/04\/2020 \u00e0 31\/03\/2021)<\/span><\/p>\n<ul>\n<li><span style=\"font-family: georgia, palatino, serif;font-size: 12pt\"><strong>GUILHERME IGNACIO FRANCO DE ANDRADE<\/strong><\/span><\/li>\n<\/ul>\n<p><span style=\"font-family: georgia, palatino, serif;font-size: 12pt\">Projeto: O AVAN\u00c7O DA EXTREMA DIREITA NO S\u00c9CULO XXI: UMA AN\u00c1LISE COMPARATIVA ENTRE FRAN\u00c7A E BRASIL (2012-2018).<\/span><\/p>\n<p><span style=\"font-family: georgia, palatino, serif;font-size: 12pt\">Situa\u00e7\u00e3o: Finalizado (01\/04\/2020 \u00e0 31\/03\/2021)<\/span><\/p>\n","protected":false},"excerpt":{"rendered":"<p>AILTON SALGADO ROSENDO Projeto: A FORMA\u00c7\u00c3O DOCENTE A PARTIR DE CURR\u00cdCULOS DECOLONIAIS: AN\u00c1LISE DE EXPERI\u00caNCIA DO CURSO DE LICENCIATURA INTERCULTURAL IND\u00cdGENA TEKO ARANDU DA UNIVERSIDADE FEDERAL DA GRANDE DOURADOS Situa\u00e7\u00e3o: Em andamento (09\/06\/2022) LORI\u00c9GE PESSOA BITENCOURT Projeto: PEDAGOGIA UNIVERSIT\u00c1RIA DECOLONIAL: OS PROCESSOS INTERACIONAIS E DIAL\u00d3GICOS DA FORMA\u00c7\u00c3O DE PROFESSORES IND\u00cdGENAS NO CONTEXTO DA FACULDADE IND\u00cdGENA [&hellip;]<\/p>\n","protected":false},"author":3740,"featured_media":0,"parent":0,"menu_order":0,"comment_status":"closed","ping_status":"closed","template":"","meta":{"ngg_post_thumbnail":0,"footnotes":""},"coauthors":[7],"class_list":["post-1090","page","type-page","status-publish","hentry"],"_links":{"self":[{"href":"https:\/\/ppgcultcpaq.ufms.br\/en\/wp-json\/wp\/v2\/pages\/1090","targetHints":{"allow":["GET"]}}],"collection":[{"href":"https:\/\/ppgcultcpaq.ufms.br\/en\/wp-json\/wp\/v2\/pages"}],"about":[{"href":"https:\/\/ppgcultcpaq.ufms.br\/en\/wp-json\/wp\/v2\/types\/page"}],"author":[{"embeddable":true,"href":"https:\/\/ppgcultcpaq.ufms.br\/en\/wp-json\/wp\/v2\/users\/3740"}],"replies":[{"embeddable":true,"href":"https:\/\/ppgcultcpaq.ufms.br\/en\/wp-json\/wp\/v2\/comments?post=1090"}],"version-history":[{"count":18,"href":"https:\/\/ppgcultcpaq.ufms.br\/en\/wp-json\/wp\/v2\/pages\/1090\/revisions"}],"predecessor-version":[{"id":3093,"href":"https:\/\/ppgcultcpaq.ufms.br\/en\/wp-json\/wp\/v2\/pages\/1090\/revisions\/3093"}],"wp:attachment":[{"href":"https:\/\/ppgcultcpaq.ufms.br\/en\/wp-json\/wp\/v2\/media?parent=1090"}],"wp:term":[{"taxonomy":"author","embeddable":true,"href":"https:\/\/ppgcultcpaq.ufms.br\/en\/wp-json\/wp\/v2\/coauthors?post=1090"}],"curies":[{"name":"wp","href":"https:\/\/api.w.org\/{rel}","templated":true}]}}