{"id":1238,"date":"2021-10-28T14:15:58","date_gmt":"2021-10-28T18:15:58","guid":{"rendered":"https:\/\/ppgcultcpaq.ufms.br\/?page_id=1238"},"modified":"2022-07-06T07:43:19","modified_gmt":"2022-07-06T11:43:19","slug":"egressos","status":"publish","type":"page","link":"https:\/\/ppgcultcpaq.ufms.br\/en\/egressos\/","title":{"rendered":"Egressos"},"content":{"rendered":"<h3><strong data-uw-styling-context=\"true\">Turma 2020<\/strong><\/h3>\n<p>Rafael Mascarenhas Matos<\/p>\n<h3><strong data-uw-styling-context=\"true\">Turma 2019<\/strong><\/h3>\n<p>Adriana Cristiane Lopes Lino<\/p>\n<p>Alice Pereira Fanhani<\/p>\n<p>Diego Aparecido Cafola<\/p>\n<p>Gisele Paquer Camargo<\/p>\n<p>Katicilayne Roberta de Alcantara<\/p>\n<p>Luar Nogueira Maia Carvalho<\/p>\n<p>Marcelo de Jesus Lima<\/p>\n<p>M\u00e1rcia Capellini<\/p>\n<p>Rog\u00e9rio Le\u00e3o Ferreira<\/p>\n<p>Tamires Vila Maior<\/p>\n<p>Taynara Martins de Moraes<\/p>\n","protected":false},"excerpt":{"rendered":"<p>Turma 2020 Rafael Mascarenhas Matos Turma 2019 Adriana Cristiane Lopes Lino Alice Pereira Fanhani Diego Aparecido Cafola Gisele Paquer Camargo Katicilayne Roberta de Alcantara Luar Nogueira Maia Carvalho Marcelo de Jesus Lima M\u00e1rcia Capellini Rog\u00e9rio Le\u00e3o Ferreira Tamires Vila Maior Taynara Martins de Moraes<\/p>\n","protected":false},"author":3740,"featured_media":0,"parent":0,"menu_order":0,"comment_status":"closed","ping_status":"closed","template":"","meta":{"ngg_post_thumbnail":0,"footnotes":""},"coauthors":[],"class_list":["post-1238","page","type-page","status-publish","hentry"],"_links":{"self":[{"href":"https:\/\/ppgcultcpaq.ufms.br\/en\/wp-json\/wp\/v2\/pages\/1238","targetHints":{"allow":["GET"]}}],"collection":[{"href":"https:\/\/ppgcultcpaq.ufms.br\/en\/wp-json\/wp\/v2\/pages"}],"about":[{"href":"https:\/\/ppgcultcpaq.ufms.br\/en\/wp-json\/wp\/v2\/types\/page"}],"author":[{"embeddable":true,"href":"https:\/\/ppgcultcpaq.ufms.br\/en\/wp-json\/wp\/v2\/users\/3740"}],"replies":[{"embeddable":true,"href":"https:\/\/ppgcultcpaq.ufms.br\/en\/wp-json\/wp\/v2\/comments?post=1238"}],"version-history":[{"count":4,"href":"https:\/\/ppgcultcpaq.ufms.br\/en\/wp-json\/wp\/v2\/pages\/1238\/revisions"}],"predecessor-version":[{"id":1749,"href":"https:\/\/ppgcultcpaq.ufms.br\/en\/wp-json\/wp\/v2\/pages\/1238\/revisions\/1749"}],"wp:attachment":[{"href":"https:\/\/ppgcultcpaq.ufms.br\/en\/wp-json\/wp\/v2\/media?parent=1238"}],"wp:term":[{"taxonomy":"author","embeddable":true,"href":"https:\/\/ppgcultcpaq.ufms.br\/en\/wp-json\/wp\/v2\/coauthors?post=1238"}],"curies":[{"name":"wp","href":"https:\/\/api.w.org\/{rel}","templated":true}]}}