{"id":1290,"date":"2021-12-29T10:10:49","date_gmt":"2021-12-29T14:10:49","guid":{"rendered":"https:\/\/ppgcultcpaq.ufms.br\/?page_id=1290"},"modified":"2022-01-25T13:45:29","modified_gmt":"2022-01-25T17:45:29","slug":"processo-seletivo-202-1","status":"publish","type":"page","link":"https:\/\/ppgcultcpaq.ufms.br\/en\/processo-seletivo-202-1\/","title":{"rendered":"Processo Seletivo 2022\/1"},"content":{"rendered":"<h3>Os resultados das etapas do Processo Seletivo s\u00e3o divulgados na forma de not\u00edcia na\u00a0<a href=\"https:\/\/ppgcultcpaq.ufms.br\/\" target=\"_blank\" rel=\"noopener noreferrer\" data-uw-styling-context=\"true\">p\u00e1gina inicial<\/a>\u00a0do site.<\/h3>\n<p data-uw-styling-context=\"true\"><strong data-uw-styling-context=\"true\">As inscri\u00e7\u00f5es v\u00e3o de 13\/12\/2021 a 20\/01\/2022<\/strong>, e podem ser realizadas no endere\u00e7o eletr\u00f4nico\u00a0<a href=\"https:\/\/posgraduacao.ufms.br\/portal\" target=\"_blank\" rel=\"noopener\" data-uw-styling-context=\"true\">https:\/\/posgraduacao.ufms.br\/portal<\/a>\u00a0por meio de formul\u00e1rio de inscri\u00e7\u00e3o e pagamento de Boleto Banc\u00e1rio. A taxa de inscri\u00e7\u00e3o ser\u00e1 de R$ 120,00 (cento e vinte reais).<\/p>\n<p data-uw-styling-context=\"true\"><strong data-uw-styling-context=\"true\">As provas ocorrer\u00e3o de 31\/01\/2022 a 11\/02\/2022<\/strong>, e o Resultado Final ser\u00e1 divulgado em 22\/02\/2022.<\/p>\n<p data-uw-styling-context=\"true\">As informa\u00e7\u00f5es gerais e as espec\u00edficas do Programa de P\u00f3s-Gradua\u00e7\u00e3o em Estudos Culturais podem ser acessadas neste arquivo.<\/p>\n<p data-uw-styling-context=\"true\">[gview file=&#8221;https:\/\/ppgcultcpaq.ufms.br\/files\/2021\/12\/Edital_Propp_118_de_3-12-2021_PPGCult.pdf&#8221;]\n<p data-uw-styling-context=\"true\">Para solicitar a isen\u00e7\u00e3o do pagamento da taxa de inscri\u00e7\u00e3o, ver item 7 do Edital.\u00a0 Para realizar a inscri\u00e7\u00e3o, ver item 6 do Edital.<\/p>\n<p data-uw-styling-context=\"true\">Para acessar a documenta\u00e7\u00e3o exigida para a inscri\u00e7\u00e3o, as informa\u00e7\u00f5es espec\u00edficas do Curso e o cronograma da sele\u00e7\u00e3o, clique\u00a0<a href=\"https:\/\/drive.google.com\/file\/d\/1HAYjOC6rFgQ0qH0KLoApCD6KNNfM0_xA\/view?usp=sharing\" target=\"_blank\" rel=\"noopener\" data-uw-styling-context=\"true\">Anexo X<\/a>.<\/p>\n<p data-uw-styling-context=\"true\">Para obter o\u00a0<strong data-uw-styling-context=\"true\">modelo de Projeto em Formato Word<\/strong>,\u00a0<a href=\"https:\/\/docs.google.com\/document\/d\/17he3FbtVe7TrNMe9ONOEIUEi9s3vLcY7\/edit?usp=sharing&amp;ouid=107647770689202858260&amp;rtpof=true&amp;sd=true\" target=\"_blank\" rel=\"noopener\" data-uw-styling-context=\"true\">Clique aqui.<\/a><\/p>\n<p data-uw-styling-context=\"true\">Para obter a <strong>Tabela de Pontua\u00e7\u00e3o do Curr\u00edculo em Formato Word<\/strong>, <a href=\"https:\/\/docs.google.com\/document\/d\/1joKJpVsQHNYKbF9p_vBKx1-cyyvU8TEx\/edit?usp=sharing&amp;ouid=107647770689202858260&amp;rtpof=true&amp;sd=true\" target=\"_blank\" rel=\"noopener\">Clique aqui.<\/a><\/p>\n<p data-uw-styling-context=\"true\">Para visualizar os demais anexos, clique\u00a0<a href=\"https:\/\/drive.google.com\/file\/d\/1Kxw6F1h5lqGKnXawaCdefBNXQIEtUbRz\/view?usp=sharing\" target=\"_blank\" rel=\"noopener\" data-uw-styling-context=\"true\">Anexo I<\/a>,\u00a0<a href=\"https:\/\/drive.google.com\/file\/d\/16Q8MEM8QwhB4UB2ZPWye4zqtRuiyRt1K\/view?usp=sharing\" target=\"_blank\" rel=\"noopener\" data-uw-styling-context=\"true\">Anexo II<\/a>,\u00a0<a href=\"https:\/\/drive.google.com\/file\/d\/1kuHE2_ZXMMJbVtDMYCJMMbG0HCuGw8F0\/view?usp=sharing\" target=\"_blank\" rel=\"noopener\" data-uw-styling-context=\"true\">Anexo III<\/a>,\u00a0<a href=\"https:\/\/drive.google.com\/file\/d\/1O1jslzULSjA2Twtzzb_aF7sm1trEdV-Z\/view?usp=sharing\" target=\"_blank\" rel=\"noopener\" data-uw-styling-context=\"true\">Anexo IV<\/a>,\u00a0<a href=\"https:\/\/drive.google.com\/file\/d\/1MAlNoPnDeM7i774ig85kRYeFwOzhPVhF\/view?usp=sharing\" target=\"_blank\" rel=\"noopener\" data-uw-styling-context=\"true\">Anexo V<\/a>,\u00a0<a href=\"https:\/\/drive.google.com\/file\/d\/1ZrXzfcW9tS_NWcIflCjoBAhglwt8ySzT\/view?usp=sharing\" target=\"_blank\" rel=\"noopener\" data-uw-styling-context=\"true\">Anexo VI<\/a>,\u00a0<a href=\"https:\/\/drive.google.com\/file\/d\/1MyhgU9NeyWJADLQPkpxpS-K_CN1aAuue\/view?usp=sharing\" target=\"_blank\" rel=\"noopener\" data-uw-styling-context=\"true\">Anexo VII<\/a>,\u00a0<a href=\"https:\/\/drive.google.com\/file\/d\/1qFlZ1DZlkbT6csh5ATVkY3hIGNORxUpt\/view?usp=sharing\" target=\"_blank\" rel=\"noopener\" data-uw-styling-context=\"true\">Anexo VIII<\/a>,\u00a0<a href=\"https:\/\/drive.google.com\/file\/d\/1K0AOQRidUS6dCHK889K4iM3jGXKeLaos\/view?usp=sharing\" target=\"_blank\" rel=\"noopener\" data-uw-styling-context=\"true\">Anexo IX<\/a><\/p>\n<p data-uw-styling-context=\"true\">Para acessar o Edital em formato HTML\u00a0<a href=\"https:\/\/drive.google.com\/file\/d\/1EnZ3_GLQ_gbWR_va-rYfIOpHeXKad7N0\/view?usp=sharing\" target=\"_blank\" rel=\"noopener\">(Clique aqui).<\/a><\/p>\n<p data-uw-styling-context=\"true\">Edital de retifica\u00e7\u00e3o \u2013 Altera\u00e7\u00e3o no Cronograma\u00a0<a href=\"https:\/\/ppgcultcpaq.ufms.br\/processo-seletivo-2022-alteracao-no-cronograma\/\" target=\"_blank\" rel=\"noopener\">Clique aqui.<\/a><\/p>\n<p data-uw-styling-context=\"true\">O Edital pode ser acessado integralmente no endere\u00e7o:\u00a0<a href=\"https:\/\/propp.ufms.br\/diretorias\/processo-seletivo-unificado-de-pos-graduacao-stricto-sensu-mestrado-e-doutorado-2022\/\" data-saferedirecturl=\"https:\/\/www.google.com\/url?q=https:\/\/propp.ufms.br\/diretorias\/processo-seletivo-unificado-de-pos-graduacao-stricto-sensu-mestrado-e-doutorado-2022\/&amp;source=gmail&amp;ust=1638995940424000&amp;usg=AOvVaw2056vJi7RkUJO2b-xHcdgM\" data-uw-styling-context=\"true\">https:\/\/propp.ufms.br\/diretorias\/processo-seletivo-unificado-de-pos-graduacao-stricto-sensu-mestrado-e-doutorado-2022\/<\/a><\/p>\n","protected":false},"excerpt":{"rendered":"<p>Os resultados das etapas do Processo Seletivo s\u00e3o divulgados na forma de not\u00edcia na\u00a0p\u00e1gina inicial\u00a0do site. As inscri\u00e7\u00f5es v\u00e3o de 13\/12\/2021 a 20\/01\/2022, e podem ser realizadas no endere\u00e7o eletr\u00f4nico\u00a0https:\/\/posgraduacao.ufms.br\/portal\u00a0por meio de formul\u00e1rio de inscri\u00e7\u00e3o e pagamento de Boleto Banc\u00e1rio. A taxa de inscri\u00e7\u00e3o ser\u00e1 de R$ 120,00 (cento e vinte reais). As provas ocorrer\u00e3o [&hellip;]<\/p>\n","protected":false},"author":3740,"featured_media":0,"parent":0,"menu_order":0,"comment_status":"closed","ping_status":"closed","template":"","meta":{"ngg_post_thumbnail":0,"footnotes":""},"coauthors":[],"class_list":["post-1290","page","type-page","status-publish","hentry"],"_links":{"self":[{"href":"https:\/\/ppgcultcpaq.ufms.br\/en\/wp-json\/wp\/v2\/pages\/1290","targetHints":{"allow":["GET"]}}],"collection":[{"href":"https:\/\/ppgcultcpaq.ufms.br\/en\/wp-json\/wp\/v2\/pages"}],"about":[{"href":"https:\/\/ppgcultcpaq.ufms.br\/en\/wp-json\/wp\/v2\/types\/page"}],"author":[{"embeddable":true,"href":"https:\/\/ppgcultcpaq.ufms.br\/en\/wp-json\/wp\/v2\/users\/3740"}],"replies":[{"embeddable":true,"href":"https:\/\/ppgcultcpaq.ufms.br\/en\/wp-json\/wp\/v2\/comments?post=1290"}],"version-history":[{"count":6,"href":"https:\/\/ppgcultcpaq.ufms.br\/en\/wp-json\/wp\/v2\/pages\/1290\/revisions"}],"predecessor-version":[{"id":1309,"href":"https:\/\/ppgcultcpaq.ufms.br\/en\/wp-json\/wp\/v2\/pages\/1290\/revisions\/1309"}],"wp:attachment":[{"href":"https:\/\/ppgcultcpaq.ufms.br\/en\/wp-json\/wp\/v2\/media?parent=1290"}],"wp:term":[{"taxonomy":"author","embeddable":true,"href":"https:\/\/ppgcultcpaq.ufms.br\/en\/wp-json\/wp\/v2\/coauthors?post=1290"}],"curies":[{"name":"wp","href":"https:\/\/api.w.org\/{rel}","templated":true}]}}