{"id":139,"date":"2019-07-02T10:08:54","date_gmt":"2019-07-02T14:08:54","guid":{"rendered":"https:\/\/ppgcultcpaq.ufms.br\/?page_id=139"},"modified":"2025-10-07T11:05:02","modified_gmt":"2025-10-07T15:05:02","slug":"colegiado-de-curso","status":"publish","type":"page","link":"https:\/\/ppgcultcpaq.ufms.br\/en\/colegiado-de-curso\/","title":{"rendered":"Colegiado de curso"},"content":{"rendered":"<p><strong>Calend\u00e1rio de Reuni\u00f5es em 2025<\/strong><\/p>\n<table style=\"width: 67.5156%\">\n<tbody>\n<tr style=\"border-style: solid;border-color: #000000\">\n<td style=\"text-align: left;padding-left: 90px;width: 61.3584%\">Reuni\u00e3o<\/td>\n<td style=\"padding-left: 30px;width: 82.4594%;text-align: center\">Data*<\/td>\n<\/tr>\n<tr style=\"border-style: solid;border-color: #000000\">\n<td style=\"width: 61.3584%\">39\u00b0 Reuni\u00e3o ordin\u00e1ria<\/td>\n<td style=\"width: 82.4594%\">13 de mar\u00e7o de 2025<\/td>\n<\/tr>\n<tr style=\"border-style: solid;border-color: #000000\">\n<td style=\"width: 61.3584%\">40\u00b0 Reuni\u00e3o ordin\u00e1ria<\/td>\n<td style=\"width: 82.4594%\">12 de junho de 2025<\/td>\n<\/tr>\n<tr style=\"border-style: solid;border-color: #000000\">\n<td style=\"width: 61.3584%\">\u00a041\u00b0 Reuni\u00e3o ordin\u00e1ria<\/td>\n<td style=\"width: 82.4594%\">11 de setembro de 2025<\/td>\n<\/tr>\n<tr style=\"border-style: solid;border-color: #000000\">\n<td style=\"width: 61.3584%\">\u00a042\u00b0 Reuni\u00e3o ordin\u00e1ria<\/td>\n<td style=\"width: 82.4594%\">20 de novembro de 2025<\/td>\n<\/tr>\n<\/tbody>\n<\/table>\n<p><span style=\"font-size: 10pt\">(*) RESOLU\u00c7\u00c3O n\u00ba 343-CPOS\/ECT\/CPAQ\/UFMS de 28 de novembro de 2024. Sujeito a altera\u00e7\u00f5es.\u00a0<\/span><\/p>\n<h4>Colegiado de Curso 2025-2027 (Vigente)<\/h4>\n<p><strong><span style=\"font-size: 12pt\">Presidente:\u00a0<\/span><\/strong><\/p>\n<p><span style=\"font-size: 12pt\">Aguinaldo Rodrigues Gomes<\/span><\/p>\n<p><strong><span style=\"font-size: 12pt\">Membros:<\/span><\/strong><\/p>\n<p><span style=\"font-size: 12pt\">F\u00e1bio da Silva Sousa<\/span><\/p>\n<p><span style=\"font-size: 12pt\">I\u00e1ra Quelho de Castro<\/span><\/p>\n<p><span style=\"font-size: 12pt\">Marina Brasiliano Salerno<\/span><\/p>\n<p><span style=\"font-size: 12pt\">Representante discente:<\/span><\/p>\n<p><strong>Atos administrativos para composi\u00e7\u00e3o do Colegiado de Curso 2025-2027<\/strong><\/p>\n<ul>\n<li>Composi\u00e7\u00e3o do Colegiado de Curso, mandato 2025-2027, Portaria CPAQ n\u00ba84\/2025\u00a0 <a href=\"https:\/\/drive.google.com\/file\/d\/10NoEaLC-PaCb-6zLcCLC7SZpKR9bjSvc\/view?usp=sharing\">Clique aqui<\/a><\/li>\n<li>Coordenadora substituta, Portaria RTR n\u00ba 1097\/2025 <a href=\"https:\/\/drive.google.com\/file\/d\/1OVJsXlTi6D17qKGJxJb6qpumB0_OA_q6\/view?usp=sharing\" target=\"_blank\" rel=\"noopener\">Clique aqui<\/a><\/li>\n<\/ul>\n<p>________________________________________________<\/p>\n<h4>Colegiado de Curso 2022-2024<\/h4>\n<p><strong><span style=\"font-size: 12pt\">Presidente:\u00a0<\/span><\/strong><\/p>\n<p><span style=\"font-size: 12pt\">Miguel Rodrigues de Sousa Neto<\/span><\/p>\n<p><strong><span style=\"font-size: 12pt\">Membros:<\/span><\/strong><\/p>\n<p><span style=\"font-size: 12pt\">Helen Paola Vieira Bueno<\/span><\/p>\n<p><span style=\"font-size: 12pt\">Janete Rosa da Fonseca<\/span><\/p>\n<p><span style=\"font-size: 12pt\">Vera Lucia Ferreira Vargas Cesco<\/span><\/p>\n<p><span style=\"font-size: 12pt\">Representante discente:<\/span><\/p>\n<p><strong>Atos administrativos para composi\u00e7\u00e3o do Colegiado de Curso 2022-2024<\/strong><\/p>\n<ul>\n<li>Prorroga\u00e7\u00e3o, em car\u00e1ter de excepcionalidade, do mandato do Coordenador de Curso, Resolu\u00e7\u00e3o n\u00ba 359-COUN\/UFMS, de 2 de outubro de 2024 <a href=\"https:\/\/ppgcultcpaq.ufms.br\/files\/2024\/10\/RESOLUCAO-COUN-n-359-de-02-10-2024.pdf\">Clique aqui<\/a>.; Portaria n\u00ba 1.329-RTR\/UFMS, de 25 de outubro de 2024 <a title=\"https:\/\/boletimoficial.ufms.br\/bse\/publicacao?id=538707\" href=\"https:\/\/boletimoficial.ufms.br\/bse\/publicacao?id=538707\" target=\"_blank\" rel=\"noopener\">Clique aqui.<\/a><\/li>\n<li>Prorroga\u00e7\u00e3o de mandato do Coordenador de Curso, Portaria RTR n\u00ba1551\/2022 <a href=\"https:\/\/boletimoficial.ufms.br\/bse\/publicacao?id=477191\" target=\"_blank\" rel=\"noopener\">Clique aqui.<\/a><\/li>\n<li>Prorroga\u00e7\u00e3o de mandato do Colegiado de Curso, Resolu\u00e7\u00e3o COUN n\u00ba 237\/2022\u00a0<a href=\"https:\/\/boletimoficial.ufms.br\/bse\/publicacao?id=477193\" target=\"_blank\" rel=\"noopener\">Clique aqui.<\/a><\/li>\n<li>Coordenadora substituta, Portaria RTR n\u00ba 1095\/2022 <a href=\"https:\/\/drive.google.com\/file\/d\/1TCrP5OU9cdryLzoT_LfTpWZD1kTJrGZu\/view?usp=sharing\" target=\"_blank\" rel=\"noopener\">Clique aqui<\/a><\/li>\n<li>Recondu\u00e7\u00e3o Coordenador de Curso, Portaria RTR n\u00b01078\/2022 <a href=\"https:\/\/drive.google.com\/file\/d\/19W3DlBqqIaynz55dOiPXaD7aKMvIyWkh\/view?usp=sharing\" target=\"_blank\" rel=\"noopener\">Clique aqui<\/a><\/li>\n<li>Composi\u00e7\u00e3o do Colegiado de Curso, mandato 2022-2024, Portaria CPAQ n\u00ba139\/2022\u00a0 <a href=\"https:\/\/drive.google.com\/file\/d\/1EYylf-hu7H7estclOgUmZcIaDeax1pXN\/view?usp=sharing\" target=\"_blank\" rel=\"noopener\">Clique aqui<\/a><\/li>\n<\/ul>\n<p>________________________________________________<\/p>\n<h4>Colegiado de Curso 2018-2022<\/h4>\n<p><strong><span style=\"font-size: 12pt\">Presidente:\u00a0<\/span><\/strong><\/p>\n<p><span style=\"font-size: 12pt\">Miguel Rodrigues de Sousa Neto<\/span><\/p>\n<p><strong><span style=\"font-size: 12pt\">Membros:<\/span><\/strong><\/p>\n<p><span style=\"font-size: 12pt\">Aguinaldo Rodrigues Gomes<\/span><\/p>\n<p><span style=\"font-size: 12pt\">Ana Paula Squinelo<\/span><\/p>\n<p><span style=\"font-size: 12pt\">Helen Paola Vieira Bueno<\/span><\/p>\n<p><span style=\"font-size: 12pt\">Janete Rosa da Fonseca<\/span><\/p>\n<p><span style=\"font-size: 12pt\">Vera Lucia Ferreira Vargas<\/span><\/p>\n<p><span style=\"font-size: 12pt\">Representante discente:<\/span><\/p>\n<p><span style=\"font-size: 12pt\">&#8211;<\/span><\/p>\n<p><strong>Atos administrativos para composi\u00e7\u00e3o do Colegiado de Curso 2018-2022<\/strong><\/p>\n<ul>\n<li>Prorroga\u00e7\u00e3o do mandato do Coordenador de Curso, Portaria RTR\/UFMS n\u00ba 130\u00a0 <a href=\"https:\/\/boletimoficial.ufms.br\/bse\/publicacao?id=447279\" target=\"_blank\" rel=\"noopener\">Clique aqui.<\/a><\/li>\n<li>Prorroga\u00e7\u00e3o de mandato 2021-2022, Resolu\u00e7\u00e3o COUN\/UFMS n\u00ba 151\/2021. <a href=\"https:\/\/drive.google.com\/file\/d\/1t-QEkJza_3PheXuj76W_eo9YR_B_sZq4\/view?usp=sharing\" target=\"_blank\" rel=\"noopener\">Clique aqui.<\/a><\/li>\n<li>Composi\u00e7\u00e3o atual, complementa\u00e7\u00e3o de mandato 2018-2021, Portaria GAB\/CPAQ n\u00ba 46\/2021 <a href=\"https:\/\/drive.google.com\/file\/d\/1n_0__Y-Sak60YD8KbKFOHLs8xbHKnJC8\/view?usp=sharing\" target=\"_blank\" rel=\"noopener\">Clique aqui.<\/a><\/li>\n<li>Altera\u00e7\u00e3o mandato 2018-2021, IS CPAQ n\u00ba 250\/2018 <a href=\"https:\/\/drive.google.com\/file\/d\/1_e0ZavvA_D1cP3yb8iLXGEh9H7tw5dBa\/view?usp=sharing\" target=\"_blank\" rel=\"noopener\">Clique aqui.<\/a><\/li>\n<li>Composi\u00e7\u00e3o inicial mandato 2018-2021 IS CPAQ n\u00ba 217\/2018 <a href=\"https:\/\/drive.google.com\/file\/d\/1ERVoxyGqVepWzL2I8HitViToczCENIDz\/view?usp=sharing\" target=\"_blank\" rel=\"noopener\">Clique aqui.<\/a><\/li>\n<\/ul>\n<p>_____________________________________________________<\/p>\n<p>O Regimento Interno dos Colegiados de Curso pode ser visualizado a seguir.<\/p>\n[gview file=&#8221;https:\/\/ppgcultcpaq.ufms.br\/files\/2022\/01\/Regimento-Colegiados.pdf&#8221;]\n","protected":false},"excerpt":{"rendered":"<p>Calend\u00e1rio de Reuni\u00f5es em 2025 Reuni\u00e3o Data* 39\u00b0 Reuni\u00e3o ordin\u00e1ria 13 de mar\u00e7o de 2025 40\u00b0 Reuni\u00e3o ordin\u00e1ria 12 de junho de 2025 \u00a041\u00b0 Reuni\u00e3o ordin\u00e1ria 11 de setembro de 2025 \u00a042\u00b0 Reuni\u00e3o ordin\u00e1ria 20 de novembro de 2025 (*) RESOLU\u00c7\u00c3O n\u00ba 343-CPOS\/ECT\/CPAQ\/UFMS de 28 de novembro de 2024. Sujeito a altera\u00e7\u00f5es.\u00a0 Colegiado de Curso [&hellip;]<\/p>\n","protected":false},"author":2904,"featured_media":83,"parent":0,"menu_order":0,"comment_status":"closed","ping_status":"closed","template":"page-templates\/page-coordenadorias.php","meta":{"ngg_post_thumbnail":0,"footnotes":""},"coauthors":[10],"class_list":["post-139","page","type-page","status-publish","has-post-thumbnail","hentry"],"_links":{"self":[{"href":"https:\/\/ppgcultcpaq.ufms.br\/en\/wp-json\/wp\/v2\/pages\/139","targetHints":{"allow":["GET"]}}],"collection":[{"href":"https:\/\/ppgcultcpaq.ufms.br\/en\/wp-json\/wp\/v2\/pages"}],"about":[{"href":"https:\/\/ppgcultcpaq.ufms.br\/en\/wp-json\/wp\/v2\/types\/page"}],"author":[{"embeddable":true,"href":"https:\/\/ppgcultcpaq.ufms.br\/en\/wp-json\/wp\/v2\/users\/2904"}],"replies":[{"embeddable":true,"href":"https:\/\/ppgcultcpaq.ufms.br\/en\/wp-json\/wp\/v2\/comments?post=139"}],"version-history":[{"count":62,"href":"https:\/\/ppgcultcpaq.ufms.br\/en\/wp-json\/wp\/v2\/pages\/139\/revisions"}],"predecessor-version":[{"id":3092,"href":"https:\/\/ppgcultcpaq.ufms.br\/en\/wp-json\/wp\/v2\/pages\/139\/revisions\/3092"}],"wp:featuredmedia":[{"embeddable":true,"href":"https:\/\/ppgcultcpaq.ufms.br\/en\/wp-json\/wp\/v2\/media\/83"}],"wp:attachment":[{"href":"https:\/\/ppgcultcpaq.ufms.br\/en\/wp-json\/wp\/v2\/media?parent=139"}],"wp:term":[{"taxonomy":"author","embeddable":true,"href":"https:\/\/ppgcultcpaq.ufms.br\/en\/wp-json\/wp\/v2\/coauthors?post=139"}],"curies":[{"name":"wp","href":"https:\/\/api.w.org\/{rel}","templated":true}]}}