{"id":144,"date":"2019-07-02T10:12:23","date_gmt":"2019-07-02T14:12:23","guid":{"rendered":"https:\/\/ppgcultcpaq.ufms.br\/?page_id=144"},"modified":"2021-06-23T20:45:43","modified_gmt":"2021-06-24T00:45:43","slug":"laboratorios","status":"publish","type":"page","link":"https:\/\/ppgcultcpaq.ufms.br\/en\/laboratorios\/","title":{"rendered":"Laborat\u00f3rios"},"content":{"rendered":"<p>O Programa de P\u00f3s-Gradua\u00e7\u00e3o em Estudos Culturais conta com os seguintes laborat\u00f3rios de pesquisa:<\/p>\n<ul>\n<li><a href=\"https:\/\/ppgcultcpaq.ufms.br\/laboratorio-de-estudos-em-diferencas-linguagens-ledlin\/\" target=\"_blank\" rel=\"noopener noreferrer\">Laborat\u00f3rio de Estudos em Diferen\u00e7as &amp; Linguagens &#8211; LEDLin<\/a>;<\/li>\n<li><a href=\"https:\/\/ppgcultcpaq.ufms.br\/laboratorio-de-historia-indigena-lhin\/\" target=\"_blank\" rel=\"noopener noreferrer\">Laborat\u00f3rio de Hist\u00f3ria Ind\u00edgena \u2013 LHIN<\/a>;<\/li>\n<li><a href=\"https:\/\/ppgcultcpaq.ufms.br\/centro-de-documentacao-historica-cedhis\/\" target=\"_blank\" rel=\"noopener noreferrer\">Centro de Documenta\u00e7\u00e3o Hist\u00f3rica \u2013 CeDHis<\/a>\u00a0.<\/li>\n<\/ul>\n","protected":false},"excerpt":{"rendered":"<p>O Programa de P\u00f3s-Gradua\u00e7\u00e3o em Estudos Culturais conta com os seguintes laborat\u00f3rios de pesquisa: Laborat\u00f3rio de Estudos em Diferen\u00e7as &amp; Linguagens &#8211; LEDLin; Laborat\u00f3rio de Hist\u00f3ria Ind\u00edgena \u2013 LHIN; Centro de Documenta\u00e7\u00e3o Hist\u00f3rica \u2013 CeDHis\u00a0.<\/p>\n","protected":false},"author":2904,"featured_media":83,"parent":0,"menu_order":0,"comment_status":"closed","ping_status":"closed","template":"page-templates\/page-coordenadorias.php","meta":{"ngg_post_thumbnail":0,"footnotes":""},"coauthors":[],"class_list":["post-144","page","type-page","status-publish","has-post-thumbnail","hentry"],"_links":{"self":[{"href":"https:\/\/ppgcultcpaq.ufms.br\/en\/wp-json\/wp\/v2\/pages\/144","targetHints":{"allow":["GET"]}}],"collection":[{"href":"https:\/\/ppgcultcpaq.ufms.br\/en\/wp-json\/wp\/v2\/pages"}],"about":[{"href":"https:\/\/ppgcultcpaq.ufms.br\/en\/wp-json\/wp\/v2\/types\/page"}],"author":[{"embeddable":true,"href":"https:\/\/ppgcultcpaq.ufms.br\/en\/wp-json\/wp\/v2\/users\/2904"}],"replies":[{"embeddable":true,"href":"https:\/\/ppgcultcpaq.ufms.br\/en\/wp-json\/wp\/v2\/comments?post=144"}],"version-history":[{"count":7,"href":"https:\/\/ppgcultcpaq.ufms.br\/en\/wp-json\/wp\/v2\/pages\/144\/revisions"}],"predecessor-version":[{"id":1135,"href":"https:\/\/ppgcultcpaq.ufms.br\/en\/wp-json\/wp\/v2\/pages\/144\/revisions\/1135"}],"wp:featuredmedia":[{"embeddable":true,"href":"https:\/\/ppgcultcpaq.ufms.br\/en\/wp-json\/wp\/v2\/media\/83"}],"wp:attachment":[{"href":"https:\/\/ppgcultcpaq.ufms.br\/en\/wp-json\/wp\/v2\/media?parent=144"}],"wp:term":[{"taxonomy":"author","embeddable":true,"href":"https:\/\/ppgcultcpaq.ufms.br\/en\/wp-json\/wp\/v2\/coauthors?post=144"}],"curies":[{"name":"wp","href":"https:\/\/api.w.org\/{rel}","templated":true}]}}