{"id":1466,"date":"2022-03-09T15:10:31","date_gmt":"2022-03-09T19:10:31","guid":{"rendered":"https:\/\/ppgcultcpaq.ufms.br\/?page_id=1466"},"modified":"2024-07-08T13:21:07","modified_gmt":"2024-07-08T17:21:07","slug":"tutoriais","status":"publish","type":"page","link":"https:\/\/ppgcultcpaq.ufms.br\/en\/tutoriais\/","title":{"rendered":"Tutoriais"},"content":{"rendered":"<p><strong>Envio da Disserta\u00e7\u00e3o pelo portal (para ESTUDANTES):<\/strong><\/p>\n[gview file=&#8221;https:\/\/ppgcultcpaq.ufms.br\/files\/2024\/07\/Tutorial_17___aluno_enviar_trabalho_pelo_Portal-1.pdf&#8221;]\n<p><strong>Lan\u00e7amento de situa\u00e7\u00e3o (aprova\u00e7\u00e3o\/reprova\u00e7\u00e3o) da disciplina Disserta\u00e7\u00e3o:<\/strong><\/p>\n[gview file=&#8221;https:\/\/ppgcultcpaq.ufms.br\/files\/2023\/05\/Tutorial-para-lancamento-na-disciplina-Dissertacao-1.pdf&#8221;]\n<p><strong>Lan\u00e7amento dos Planos de Ensino no novo sistema (Di\u00e1rio do Professor):<\/strong><\/p>\n[gview file=&#8221;https:\/\/ppgcultcpaq.ufms.br\/files\/2023\/03\/Tutorial-Lancamento-dos-Planos-de-Ensino-no-novo-sistema-1.pdf&#8221;]\n<p><strong>Solicita\u00e7\u00e3o de matr\u00edculas no Portal da p\u00f3s-Gradua\u00e7\u00e3o<\/strong><\/p>\n[gview file=&#8221;https:\/\/ppgcultcpaq.ufms.br\/files\/2022\/03\/Tutorial_3___solicitacao_de_matricula_online-2.pdf&#8221;]\n<p>&nbsp;<\/p>\n<p><strong>Solicita\u00e7\u00e3o de renova\u00e7\u00e3o de matr\u00edcula (renova\u00e7\u00e3o de v\u00ednculo)<\/strong><\/p>\n[gview file=&#8221;https:\/\/ppgcultcpaq.ufms.br\/files\/2022\/03\/Tutorial_6___solicitacao_de_renovacao_de_vinculo.pdf&#8221;]\n<p>&nbsp;<\/p>\n<p><strong>Emiss\u00e3o de documentos no Portal da P\u00f3s-Gradua\u00e7\u00e3o<\/strong><\/p>\n[gview file=&#8221;https:\/\/ppgcultcpaq.ufms.br\/files\/2022\/03\/Tutorial_15___emissao_de_documentos_pelo_Portal-2-2.pdf&#8221;]\n<p>&nbsp;<\/p>\n<p><strong>Requerimento acad\u00eamico<\/strong><\/p>\n[gview file=&#8221;https:\/\/ppgcultcpaq.ufms.br\/files\/2022\/03\/Requerimento-academico.pdf&#8221;]\n<p>&nbsp;<\/p>\n<p><strong>Solicita\u00e7\u00e3o para assinatura da Dire\u00e7\u00e3o na Folha de Rosto &#8211; Plataforma Brasil<\/strong><\/p>\n[gview file=&#8221;https:\/\/ppgcultcpaq.ufms.br\/files\/2022\/05\/Solicitacao-para-assinatura-da-Direcao-do-Campus-de-Aquidauana-na-Folha-de-Rosto-para-projeto-submetido-a-Plataforma-Brasil.pdf&#8221;]\n<p>&nbsp;<\/p>\n","protected":false},"excerpt":{"rendered":"<p>Envio da Disserta\u00e7\u00e3o pelo portal (para ESTUDANTES): [gview file=&#8221;https:\/\/ppgcultcpaq.ufms.br\/files\/2024\/07\/Tutorial_17___aluno_enviar_trabalho_pelo_Portal-1.pdf&#8221;] Lan\u00e7amento de situa\u00e7\u00e3o (aprova\u00e7\u00e3o\/reprova\u00e7\u00e3o) da disciplina Disserta\u00e7\u00e3o: [gview file=&#8221;https:\/\/ppgcultcpaq.ufms.br\/files\/2023\/05\/Tutorial-para-lancamento-na-disciplina-Dissertacao-1.pdf&#8221;] Lan\u00e7amento dos Planos de Ensino no novo sistema (Di\u00e1rio do Professor): [gview file=&#8221;https:\/\/ppgcultcpaq.ufms.br\/files\/2023\/03\/Tutorial-Lancamento-dos-Planos-de-Ensino-no-novo-sistema-1.pdf&#8221;] Solicita\u00e7\u00e3o de matr\u00edculas no Portal da p\u00f3s-Gradua\u00e7\u00e3o [gview file=&#8221;https:\/\/ppgcultcpaq.ufms.br\/files\/2022\/03\/Tutorial_3___solicitacao_de_matricula_online-2.pdf&#8221;] &nbsp; Solicita\u00e7\u00e3o de renova\u00e7\u00e3o de matr\u00edcula (renova\u00e7\u00e3o de v\u00ednculo) [gview file=&#8221;https:\/\/ppgcultcpaq.ufms.br\/files\/2022\/03\/Tutorial_6___solicitacao_de_renovacao_de_vinculo.pdf&#8221;] &nbsp; Emiss\u00e3o de documentos [&hellip;]<\/p>\n","protected":false},"author":3740,"featured_media":0,"parent":0,"menu_order":0,"comment_status":"closed","ping_status":"closed","template":"","meta":{"ngg_post_thumbnail":0,"footnotes":""},"coauthors":[],"class_list":["post-1466","page","type-page","status-publish","hentry"],"_links":{"self":[{"href":"https:\/\/ppgcultcpaq.ufms.br\/en\/wp-json\/wp\/v2\/pages\/1466","targetHints":{"allow":["GET"]}}],"collection":[{"href":"https:\/\/ppgcultcpaq.ufms.br\/en\/wp-json\/wp\/v2\/pages"}],"about":[{"href":"https:\/\/ppgcultcpaq.ufms.br\/en\/wp-json\/wp\/v2\/types\/page"}],"author":[{"embeddable":true,"href":"https:\/\/ppgcultcpaq.ufms.br\/en\/wp-json\/wp\/v2\/users\/3740"}],"replies":[{"embeddable":true,"href":"https:\/\/ppgcultcpaq.ufms.br\/en\/wp-json\/wp\/v2\/comments?post=1466"}],"version-history":[{"count":9,"href":"https:\/\/ppgcultcpaq.ufms.br\/en\/wp-json\/wp\/v2\/pages\/1466\/revisions"}],"predecessor-version":[{"id":2655,"href":"https:\/\/ppgcultcpaq.ufms.br\/en\/wp-json\/wp\/v2\/pages\/1466\/revisions\/2655"}],"wp:attachment":[{"href":"https:\/\/ppgcultcpaq.ufms.br\/en\/wp-json\/wp\/v2\/media?parent=1466"}],"wp:term":[{"taxonomy":"author","embeddable":true,"href":"https:\/\/ppgcultcpaq.ufms.br\/en\/wp-json\/wp\/v2\/coauthors?post=1466"}],"curies":[{"name":"wp","href":"https:\/\/api.w.org\/{rel}","templated":true}]}}