{"id":1531,"date":"2022-04-25T15:10:48","date_gmt":"2022-04-25T19:10:48","guid":{"rendered":"https:\/\/ppgcultcpaq.ufms.br\/?page_id=1531"},"modified":"2022-06-30T13:06:57","modified_gmt":"2022-06-30T17:06:57","slug":"processo-seletivo-2022-2","status":"publish","type":"page","link":"https:\/\/ppgcultcpaq.ufms.br\/en\/processo-seletivo-2022-2\/","title":{"rendered":"Processo Seletivo 2022\/2"},"content":{"rendered":"<h3>Resultado Final Preliminar:\u00a0<a href=\"https:\/\/propp.ufms.br\/2022\/06\/27\/resultado-preliminar-de-selecao-processo-seletivo-unificado-de-pos-graduacao-stricto-sensu-vagas-remanescentes-2022-2\/\" target=\"_blank\" rel=\"noopener\">Clique aqui.<\/a><\/h3>\n<h3 class=\"big_title\">Orienta\u00e7\u00f5es para realiza\u00e7\u00e3o da Prova de L\u00ednguas e da Prova de Conhecimentos\u00a0Espec\u00edficos <a href=\"https:\/\/ppgcultcpaq.ufms.br\/processo-seletivo-2022-2-orientacoes-para-realizacao-da-prova-de-linguas-e-da-prova-de-conhecimentos-especificos\/\" target=\"_blank\" rel=\"noopener\">(clique aqui).<\/a><\/h3>\n<h3 data-uw-styling-context=\"true\">Os resultados das etapas do Processo Seletivo s\u00e3o divulgados na forma de not\u00edcia na\u00a0<a href=\"https:\/\/ppgcultcpaq.ufms.br\/\" target=\"_blank\" rel=\"noopener noreferrer\" data-uw-styling-context=\"true\">p\u00e1gina inicial<\/a>\u00a0do site.<\/h3>\n<p data-uw-styling-context=\"true\"><strong data-uw-styling-context=\"true\">S\u00e3o quatro (4) vagas<\/strong>\u00a0no Curso de Mestrado em Estudos Culturais do Campus de Aquidauana, distribu\u00eddas das seguinte forma:<\/p>\n<ul data-uw-styling-context=\"true\">\n<li data-uw-styling-context=\"true\"><strong data-uw-styling-context=\"true\">Duas (2) Vagas para Ampla Concorr\u00eancia<\/strong>; e<\/li>\n<li data-uw-styling-context=\"true\"><strong data-uw-styling-context=\"true\">Duas (2) vagas para o programa Qualifica<\/strong>\u00a0(sendo 1 vagas para servidores da UFMS e 1 vaga para servidores do IFMS).<\/li>\n<\/ul>\n<p data-uw-styling-context=\"true\"><strong data-uw-styling-context=\"true\">As inscri\u00e7\u00f5es v\u00e3o de 28\/04\/2022 a 23\/05\/2022<\/strong>, e podem ser realizadas no endere\u00e7o eletr\u00f4nico\u00a0<a href=\"https:\/\/posgraduacao.ufms.br\/portal\" target=\"_blank\" rel=\"noopener\" data-uw-styling-context=\"true\">https:\/\/posgraduacao.ufms.br\/portal<\/a>\u00a0por meio de formul\u00e1rio de inscri\u00e7\u00e3o e pagamento de Boleto Banc\u00e1rio. A taxa de inscri\u00e7\u00e3o ser\u00e1 de R$ 120,00 (cento e vinte reais).<\/p>\n<p data-uw-styling-context=\"true\"><strong data-uw-styling-context=\"true\">As provas ocorrer\u00e3o de 06 \u00e0 13\/06\/2022<\/strong>, e o Resultado Final ser\u00e1 divulgado em 27\/06\/2022.<\/p>\n<p data-uw-styling-context=\"true\">As informa\u00e7\u00f5es gerais e as espec\u00edficas do Programa de P\u00f3s-Gradua\u00e7\u00e3o em Estudos Culturais podem ser acessadas neste arquivo.<\/p>\n<p class=\"gde-text\" data-uw-styling-context=\"true\">[gview file=&#8221;https:\/\/ppgcultcpaq.ufms.br\/files\/2022\/04\/EDITAL-PROPP_RTR-n-65-de-22-04-2022.-1-1.pdf&#8221;]\n<p data-uw-styling-context=\"true\">Os anexos podem ser acessados separadamente clicando:\u00a0<a href=\"https:\/\/drive.google.com\/file\/d\/15DEovcdTf3Upr9aIHRItLz1Ni1aF7KLe\/view?usp=sharing\" target=\"_blank\" rel=\"noopener\" data-uw-styling-context=\"true\">Anexo I<\/a>\u00a0<a href=\"https:\/\/drive.google.com\/file\/d\/1_l1Av6Z55Q_jcwfKJJggpUCYTRzdq2fh\/view?usp=sharing\" target=\"_blank\" rel=\"noopener\" data-uw-styling-context=\"true\">Anexo II<\/a>,\u00a0<a href=\"https:\/\/drive.google.com\/file\/d\/1V210TOhtvHuEW8aZ8jKiRBKARpUKxjZD\/view?usp=sharing\" target=\"_blank\" rel=\"noopener\" data-uw-styling-context=\"true\">Anexo III<\/a>,<a href=\"https:\/\/drive.google.com\/file\/d\/12l5ME1VmbDdj8WXrqK3M6r4W003-GaTa\/view?usp=sharing\" target=\"_blank\" rel=\"noopener\" data-uw-styling-context=\"true\">Anexo IV<\/a>,\u00a0<a href=\"https:\/\/drive.google.com\/file\/d\/1yFiX49qW1D6rIgvBNPsdNF0cMm__d_tE\/view?usp=sharing\" target=\"_blank\" rel=\"noopener\" data-uw-styling-context=\"true\">Anexo V<\/a>,\u00a0<a href=\"https:\/\/drive.google.com\/file\/d\/1Q5PElkdBkd15dm66h7V25yUzXZ3yk1CV\/view?usp=sharing\" target=\"_blank\" rel=\"noopener\" data-uw-styling-context=\"true\">Anexo VI<\/a>\u00a0\u00a0<a href=\"https:\/\/drive.google.com\/file\/d\/1WJPp-B3JvzEo7JeziThoUy0WhgUjqtyo\/view?usp=sharing\" target=\"_blank\" rel=\"noopener\" data-uw-styling-context=\"true\">Anexo VII<\/a>,\u00a0<a href=\"https:\/\/drive.google.com\/file\/d\/16TltUpth7QyNHgUy3msM5cHCHtWrDurA\/view?usp=sharing\" target=\"_blank\" rel=\"noopener\" data-uw-styling-context=\"true\">Anexo VIII<\/a>,\u00a0<a href=\"https:\/\/drive.google.com\/file\/d\/1FlIq2DXQC0E1nLgRRjkYc7FBzs7RgGPd\/view?usp=sharing\" target=\"_blank\" rel=\"noopener\" data-uw-styling-context=\"true\">Anexo IX<\/a>\u00a0e\u00a0<a href=\"https:\/\/drive.google.com\/file\/d\/1qtLmuawT3t_1VeL4yu8AzcgCKPpbpHGl\/view?usp=sharing\" target=\"_blank\" rel=\"noopener\" data-uw-styling-context=\"true\">Anexo X<\/a>.<\/p>\n","protected":false},"excerpt":{"rendered":"<p>Resultado Final Preliminar:\u00a0Clique aqui. Orienta\u00e7\u00f5es para realiza\u00e7\u00e3o da Prova de L\u00ednguas e da Prova de Conhecimentos\u00a0Espec\u00edficos (clique aqui). Os resultados das etapas do Processo Seletivo s\u00e3o divulgados na forma de not\u00edcia na\u00a0p\u00e1gina inicial\u00a0do site. S\u00e3o quatro (4) vagas\u00a0no Curso de Mestrado em Estudos Culturais do Campus de Aquidauana, distribu\u00eddas das seguinte forma: Duas (2) Vagas [&hellip;]<\/p>\n","protected":false},"author":3740,"featured_media":0,"parent":0,"menu_order":0,"comment_status":"closed","ping_status":"closed","template":"","meta":{"ngg_post_thumbnail":0,"footnotes":""},"coauthors":[],"class_list":["post-1531","page","type-page","status-publish","hentry"],"_links":{"self":[{"href":"https:\/\/ppgcultcpaq.ufms.br\/en\/wp-json\/wp\/v2\/pages\/1531","targetHints":{"allow":["GET"]}}],"collection":[{"href":"https:\/\/ppgcultcpaq.ufms.br\/en\/wp-json\/wp\/v2\/pages"}],"about":[{"href":"https:\/\/ppgcultcpaq.ufms.br\/en\/wp-json\/wp\/v2\/types\/page"}],"author":[{"embeddable":true,"href":"https:\/\/ppgcultcpaq.ufms.br\/en\/wp-json\/wp\/v2\/users\/3740"}],"replies":[{"embeddable":true,"href":"https:\/\/ppgcultcpaq.ufms.br\/en\/wp-json\/wp\/v2\/comments?post=1531"}],"version-history":[{"count":4,"href":"https:\/\/ppgcultcpaq.ufms.br\/en\/wp-json\/wp\/v2\/pages\/1531\/revisions"}],"predecessor-version":[{"id":1742,"href":"https:\/\/ppgcultcpaq.ufms.br\/en\/wp-json\/wp\/v2\/pages\/1531\/revisions\/1742"}],"wp:attachment":[{"href":"https:\/\/ppgcultcpaq.ufms.br\/en\/wp-json\/wp\/v2\/media?parent=1531"}],"wp:term":[{"taxonomy":"author","embeddable":true,"href":"https:\/\/ppgcultcpaq.ufms.br\/en\/wp-json\/wp\/v2\/coauthors?post=1531"}],"curies":[{"name":"wp","href":"https:\/\/api.w.org\/{rel}","templated":true}]}}