{"id":169,"date":"2019-07-02T11:14:35","date_gmt":"2019-07-02T15:14:35","guid":{"rendered":"https:\/\/ppgcultcpaq.ufms.br\/?page_id=169"},"modified":"2025-10-07T11:02:26","modified_gmt":"2025-10-07T15:02:26","slug":"calendario-academico","status":"publish","type":"page","link":"https:\/\/ppgcultcpaq.ufms.br\/en\/calendario-academico\/","title":{"rendered":"Calend\u00e1rio acad\u00eamico"},"content":{"rendered":"<ul>\n<li><strong>Calend\u00e1rio acad\u00eamico 2025:<\/strong><a title=\"https:\/\/boletimoficial.ufms.br\/bse\/publicacao?id=526856\" href=\"https:\/\/drive.google.com\/file\/d\/10Yvf9KfJrd4WMoWwDE29ZEfEYfIwrwgv\/view?usp=sharing\" target=\"_blank\" rel=\"noopener\">Clique aqui.<\/a><\/li>\n<li><strong>Calend\u00e1rio acad\u00eamico 2024:<\/strong><a title=\"https:\/\/boletimoficial.ufms.br\/bse\/publicacao?id=526856\" href=\"https:\/\/boletimoficial.ufms.br\/bse\/publicacao?id=526856\" target=\"_blank\" rel=\"noopener\">Clique aqui.<\/a><\/li>\n<li><strong>Calend\u00e1rio acad\u00eamico 2023:<\/strong>\u00a0<a href=\"https:\/\/prograd.ufms.br\/calendario-academico\/\" target=\"_blank\" rel=\"noopener\">Clique aqui.<\/a><\/li>\n<li><strong>Calend\u00e1rio acad\u00eamico 2022:<\/strong>\u00a0<a href=\"https:\/\/prograd.ufms.br\/calendario-academico\/\" target=\"_blank\" rel=\"noopener\">Clique aqui.<\/a><\/li>\n<li><strong>Calend\u00e1rio acad\u00eamico 2021:<\/strong>\u00a0<a href=\"https:\/\/drive.google.com\/file\/d\/102Ljt0zzxBwNIkQXyNvC7yzPyTvHK5h6\/view?usp=sharing\" target=\"_blank\" rel=\"noopener noreferrer\">Clique aqui.<\/a><\/li>\n<li><strong>Calend\u00e1rio acad\u00eamico 2020<\/strong>:\u00a0<a href=\"https:\/\/prograd.ufms.br\/files\/2020\/06\/calend%C3%A1rio-2020-CONSOLIDADO.pdf\" target=\"_blank\" rel=\"noopener noreferrer\">Clique aqui.<\/a><\/li>\n<li><strong>Calend\u00e1rio acad\u00eamico 2019<\/strong>: <a href=\"https:\/\/boletimoficial.ufms.br\/bse\/publicacao?id=333092\">clique aqui<\/a><\/li>\n<\/ul>\n","protected":false},"excerpt":{"rendered":"<p>Calend\u00e1rio acad\u00eamico 2025:Clique aqui. Calend\u00e1rio acad\u00eamico 2024:Clique aqui. Calend\u00e1rio acad\u00eamico 2023:\u00a0Clique aqui. Calend\u00e1rio acad\u00eamico 2022:\u00a0Clique aqui. Calend\u00e1rio acad\u00eamico 2021:\u00a0Clique aqui. Calend\u00e1rio acad\u00eamico 2020:\u00a0Clique aqui. Calend\u00e1rio acad\u00eamico 2019: clique aqui<\/p>\n","protected":false},"author":2904,"featured_media":83,"parent":0,"menu_order":0,"comment_status":"closed","ping_status":"closed","template":"page-templates\/page-coordenadorias.php","meta":{"ngg_post_thumbnail":0,"footnotes":""},"coauthors":[10],"class_list":["post-169","page","type-page","status-publish","has-post-thumbnail","hentry"],"_links":{"self":[{"href":"https:\/\/ppgcultcpaq.ufms.br\/en\/wp-json\/wp\/v2\/pages\/169","targetHints":{"allow":["GET"]}}],"collection":[{"href":"https:\/\/ppgcultcpaq.ufms.br\/en\/wp-json\/wp\/v2\/pages"}],"about":[{"href":"https:\/\/ppgcultcpaq.ufms.br\/en\/wp-json\/wp\/v2\/types\/page"}],"author":[{"embeddable":true,"href":"https:\/\/ppgcultcpaq.ufms.br\/en\/wp-json\/wp\/v2\/users\/2904"}],"replies":[{"embeddable":true,"href":"https:\/\/ppgcultcpaq.ufms.br\/en\/wp-json\/wp\/v2\/comments?post=169"}],"version-history":[{"count":13,"href":"https:\/\/ppgcultcpaq.ufms.br\/en\/wp-json\/wp\/v2\/pages\/169\/revisions"}],"predecessor-version":[{"id":3091,"href":"https:\/\/ppgcultcpaq.ufms.br\/en\/wp-json\/wp\/v2\/pages\/169\/revisions\/3091"}],"wp:featuredmedia":[{"embeddable":true,"href":"https:\/\/ppgcultcpaq.ufms.br\/en\/wp-json\/wp\/v2\/media\/83"}],"wp:attachment":[{"href":"https:\/\/ppgcultcpaq.ufms.br\/en\/wp-json\/wp\/v2\/media?parent=169"}],"wp:term":[{"taxonomy":"author","embeddable":true,"href":"https:\/\/ppgcultcpaq.ufms.br\/en\/wp-json\/wp\/v2\/coauthors?post=169"}],"curies":[{"name":"wp","href":"https:\/\/api.w.org\/{rel}","templated":true}]}}