{"id":1848,"date":"2022-09-29T16:22:30","date_gmt":"2022-09-29T20:22:30","guid":{"rendered":"https:\/\/ppgcultcpaq.ufms.br\/?page_id=1848"},"modified":"2022-12-23T20:42:54","modified_gmt":"2022-12-24T00:42:54","slug":"aluno-regular-2023-1","status":"publish","type":"page","link":"https:\/\/ppgcultcpaq.ufms.br\/en\/aluno-regular-2023-1\/","title":{"rendered":"Aluno Regular 2023.1"},"content":{"rendered":"<p>A FUNDA\u00c7\u00c3O UNIVERSIDADE FEDERAL DE MATO GROSSO DO SUL, por meio da Pr\u00f3-Reitoria de Pesquisa e P\u00f3s-Gradua\u00e7\u00e3o &#8211; Propp, publicou nesta ter\u00e7a-feira (13\/09\/2022) o Edital UFMS\/PROPP n\u00ba 201, de 12 de setembro de 2022,\u00a0 que torna p\u00fablica a abertura de inscri\u00e7\u00f5es para <strong>processo seletivo unificado<\/strong> para preenchimento de vagas nos cursos de <strong>mestrado e de doutorado dos Programas de P\u00f3s-Gradua\u00e7\u00e3o Stricto Sensu<\/strong> &#8211; PPGs da UFMS, para ingresso no primeiro semestre do ano letivo de 2023.<\/p>\n<p>S\u00e3o 29 vagas para o Curso de Mestrado em Estudos Culturais no C\u00e2mpus de Aquidauana: Ampla Concorr\u00eancia &#8211; 21 vagas, A\u00e7\u00f5es afirmativas &#8211; 5 vagas, Qualifica UFMS &#8211; 2 vagas, e Qualifica IFMS &#8211; 1 vaga.<\/p>\n<p>As inscri\u00e7\u00f5es estar\u00e3o abertas de 15\/09 a 06\/11\/2022, exclusivamente pela internet, no endere\u00e7o eletr\u00f4nico\u00a0<a href=\"https:\/\/posgraduacao.ufms.br\/portal\" target=\"_blank\" rel=\"noopener\">https:\/\/posgraduacao.ufms.br\/portal<\/a>, seguindo as orienta\u00e7\u00f5es do item 6.4 do edital.<\/p>\n<p><strong>Orienta\u00e7\u00f5es para realiza\u00e7\u00e3o da Prova de L\u00ednguas e da Prova de Conhecimentos\u00a0<\/strong><strong>Espec\u00edficos<\/strong>\u00a0<a href=\"https:\/\/drive.google.com\/file\/d\/1eMgJSkMCI0RC8QxQZcBJ61frli-xIykE\/view?usp=share_link\" target=\"_blank\" rel=\"noopener\">Clique aqui.<\/a><\/p>\n<p>Edital 201\/2022 (<strong>Consolidado com retifica\u00e7\u00f5es<\/strong>)\u00a0<a href=\"https:\/\/drive.google.com\/file\/d\/1IYMm9SFAcMUswZr7Df3P7KXwifpN53Cz\/view?usp=sharing\" target=\"_blank\" rel=\"noopener\">Clique aqui.<\/a><\/p>\n<p>Edital 201\/2022 (<strong>Completo com retifica\u00e7\u00f5es<\/strong>)\u00a0<a href=\"https:\/\/drive.google.com\/file\/d\/1WH-j93T1-8iu5knoLjBryqZlZZPUElGG\/view?usp=sharing\" target=\"_blank\" rel=\"noopener\">Clique aqui.<\/a><\/p>\n<p>Edital Retifica\u00e7\u00e3o 229\/2022\u00a0\u00a0<a href=\"https:\/\/drive.google.com\/file\/d\/19p4MoWV7cQ8z1JS6rLW4jiGsCzSgUzb5\/view?usp=sharing\" target=\"_blank\" rel=\"noopener\">Clique aqui.<\/a><\/p>\n<p>Edital 201\/2022 (Consolidado) <a href=\"https:\/\/drive.google.com\/file\/d\/1J4nTghGtPHmCP587QPif6eTHGC16p-i_\/view?usp=sharing\" target=\"_blank\" rel=\"noopener\">Clique aqui.<\/a>.<\/p>\n<p>Edital 201\/2022 (Completo)\u00a0<a href=\"\/\/propp.ufms.br\/files\/2022\/09\/Edital-201-2022.pdf\" target=\"_blank\" rel=\"noopener\">Clique aqui.<\/a><\/p>\n<p>Anexos I e II <a href=\"https:\/\/drive.google.com\/file\/d\/1aPfwDpy7kseU1PcWYfWfy0epHOcU544J\/view?usp=sharing\" target=\"_blank\" rel=\"noopener\">Clique aqui.<\/a><\/p>\n<p>Anexo III <a href=\"https:\/\/drive.google.com\/file\/d\/1i2apyEFo45yY7Fm3yXqbkeeCtiXNaA8z\/view?usp=sharing\" target=\"_blank\" rel=\"noopener\">Clique aqui.<\/a><\/p>\n<p>Anexo IV\u00a0<a href=\"https:\/\/drive.google.com\/file\/d\/1gELifqdOGP7NsDvyCFIdA1_u2RAWu17S\/view?usp=sharing\" target=\"_blank\" rel=\"noopener\">Clique aqui.<\/a><\/p>\n<p>Anexo V\u00a0<a href=\"https:\/\/drive.google.com\/file\/d\/1xcL99fPS6TQhjhDOF8ZsYcwNvvHOXttU\/view?usp=sharing\" target=\"_blank\" rel=\"noopener\">Clique aqui.<\/a><\/p>\n<p>Anexo VI\u00a0<a href=\"https:\/\/drive.google.com\/file\/d\/1KzRFO89BWUZ4qOsfHFth9Iw9Qo7e78Vz\/view?usp=sharing\" target=\"_blank\" rel=\"noopener\">Clique aqui.<\/a><\/p>\n<p>Anexo VII\u00a0<a href=\"https:\/\/drive.google.com\/file\/d\/1pggmVBUBclM0eI-7YjlNagCl1UZ_cyef\/view?usp=sharing\" target=\"_blank\" rel=\"noopener\">Clique aqui.<\/a><\/p>\n<p>Anexo VIII <a href=\"https:\/\/drive.google.com\/file\/d\/1jUgkZvXihCGdhV-M9_JYvW6ZO0KHyoRU\/view?usp=sharing\" target=\"_blank\" rel=\"noopener\">Clique aqui.<\/a><\/p>\n<p>Anexo IX\u00a0<a href=\"https:\/\/drive.google.com\/file\/d\/1exU7GzvIDxV-Mn0it4qSmb-FepJxKCUA\/view?usp=sharing\" target=\"_blank\" rel=\"noopener\">Clique aqui.<\/a><\/p>\n<p>Anexo X (Informa\u00e7\u00f5es espec\u00edficas do Curso) <a href=\"https:\/\/drive.google.com\/file\/d\/1130MpoHU5-8c6mEbzbxv36FYmVXcy5fn\/view?usp=sharing\" target=\"_blank\" rel=\"noopener\">Clique aqui.<\/a><\/p>\n<p>Tabela de Pontua\u00e7\u00e3o do Curr\u00edculo em Word\u00a0<a href=\"https:\/\/docs.google.com\/document\/d\/1MX9JvOYrX7ymTfx4GJ7M6TCwQ3KMvJ_X\/edit?usp=sharing&amp;ouid=107647770689202858260&amp;rtpof=true&amp;sd=true\" target=\"_blank\" rel=\"noopener\">Clique aqui.<\/a><\/p>\n[gview file=&#8221;https:\/\/ppgcultcpaq.ufms.br\/files\/2022\/09\/Minuta-Edital-Unificado-2023-1-1-versao-9-final-com-anexo-X-para-publicacao-apos-retificacao-07-10-2022-2.pdf&#8221;]\n<h4>Resultados Processo Seletivo<\/h4>\n<ul>\n<li>Resultado final\u00a0<a href=\"https:\/\/ppgcultcpaq.ufms.br\/resultado-final-processo-seletivo-2023-1\/\" target=\"_blank\" rel=\"noopener\">Clique aqui.<\/a><\/li>\n<li>Resultado preliminar\u00a0<a href=\"https:\/\/ppgcultcpaq.ufms.br\/resultado-preliminar-processo-seletivo-2023-1\/\" target=\"_blank\" rel=\"noopener\">Clique aqui.<\/a><\/li>\n<li>Resultado preliminar da etapa de Avalia\u00e7\u00e3o de M\u00e9rito\u00a0<a href=\"https:\/\/ppgcultcpaq.ufms.br\/resultado-preliminar-da-etapa-de-avaliacao-de-merito-processo-seletivo-2023-1\/\" target=\"_blank\" rel=\"noopener\">Clique aqui.<\/a><\/li>\n<li>Resultado da Prova de L\u00ednguas\u00a0<a href=\"https:\/\/ppgcultcpaq.ufms.br\/resultado-final-prova-de-linguas-processo-seletivo-2023-1\/\" target=\"_blank\" rel=\"noopener\">Clique aqui.<\/a><\/li>\n<li>Resultado dos recursos Prova de L\u00ednguas\u00a0<a href=\"https:\/\/ppgcultcpaq.ufms.br\/resultado-dos-recursos-prova-de-linguas-processo-seletivo-2023-1\/\" target=\"_blank\" rel=\"noopener\">Clique aqui<\/a><\/li>\n<li>Convoca\u00e7\u00e3o para defesa do pr\u00e9-projeto de pesquisa\u00a0<a href=\"https:\/\/ppgcultcpaq.ufms.br\/convocacao-para-defesa-do-pre-projeto-de-pesquisa\/\" target=\"_blank\" rel=\"noopener\">Clique aqui.<\/a><\/li>\n<li>Resultado preliminar da prova de l\u00ednguas\u00a0<a href=\"https:\/\/ppgcultcpaq.ufms.br\/resultado-preliminar-da-prova-de-linguas-processo-seletivo-2023-1\/\" target=\"_blank\" rel=\"noopener\">Clique aqui.<\/a><\/li>\n<li>Homologa\u00e7\u00e3o das inscri\u00e7\u00f5es\u00a0<a href=\"https:\/\/ppgcultcpaq.ufms.br\/homologacao-das-inscricoes\/\" target=\"_blank\" rel=\"noopener\">Clique aqui.<\/a><\/li>\n<li>Resultado da an\u00e1lise de recursos\u00a0<a href=\"https:\/\/ppgcultcpaq.ufms.br\/resultado-da-analise-de-recursos\/\" target=\"_blank\" rel=\"noopener\">Clique aqui.<\/a><\/li>\n<li>Resultado preliminar dos candidatos inscritos \u2013 Processo seletivo 2023\/1 <a href=\"https:\/\/ppgcultcpaq.ufms.br\/resultado-preliminar-dos-candidatos-inscritos-processo-seletivo-2023-1\/\" target=\"_blank\" rel=\"noopener\">Clique aqui.<\/a><\/li>\n<\/ul>\n","protected":false},"excerpt":{"rendered":"<p>A FUNDA\u00c7\u00c3O UNIVERSIDADE FEDERAL DE MATO GROSSO DO SUL, por meio da Pr\u00f3-Reitoria de Pesquisa e P\u00f3s-Gradua\u00e7\u00e3o &#8211; Propp, publicou nesta ter\u00e7a-feira (13\/09\/2022) o Edital UFMS\/PROPP n\u00ba 201, de 12 de setembro de 2022,\u00a0 que torna p\u00fablica a abertura de inscri\u00e7\u00f5es para processo seletivo unificado para preenchimento de vagas nos cursos de mestrado e de [&hellip;]<\/p>\n","protected":false},"author":3740,"featured_media":0,"parent":0,"menu_order":0,"comment_status":"closed","ping_status":"closed","template":"","meta":{"ngg_post_thumbnail":0,"footnotes":""},"coauthors":[],"class_list":["post-1848","page","type-page","status-publish","hentry"],"_links":{"self":[{"href":"https:\/\/ppgcultcpaq.ufms.br\/en\/wp-json\/wp\/v2\/pages\/1848","targetHints":{"allow":["GET"]}}],"collection":[{"href":"https:\/\/ppgcultcpaq.ufms.br\/en\/wp-json\/wp\/v2\/pages"}],"about":[{"href":"https:\/\/ppgcultcpaq.ufms.br\/en\/wp-json\/wp\/v2\/types\/page"}],"author":[{"embeddable":true,"href":"https:\/\/ppgcultcpaq.ufms.br\/en\/wp-json\/wp\/v2\/users\/3740"}],"replies":[{"embeddable":true,"href":"https:\/\/ppgcultcpaq.ufms.br\/en\/wp-json\/wp\/v2\/comments?post=1848"}],"version-history":[{"count":26,"href":"https:\/\/ppgcultcpaq.ufms.br\/en\/wp-json\/wp\/v2\/pages\/1848\/revisions"}],"predecessor-version":[{"id":1968,"href":"https:\/\/ppgcultcpaq.ufms.br\/en\/wp-json\/wp\/v2\/pages\/1848\/revisions\/1968"}],"wp:attachment":[{"href":"https:\/\/ppgcultcpaq.ufms.br\/en\/wp-json\/wp\/v2\/media?parent=1848"}],"wp:term":[{"taxonomy":"author","embeddable":true,"href":"https:\/\/ppgcultcpaq.ufms.br\/en\/wp-json\/wp\/v2\/coauthors?post=1848"}],"curies":[{"name":"wp","href":"https:\/\/api.w.org\/{rel}","templated":true}]}}