{"id":1981,"date":"2023-01-13T13:36:53","date_gmt":"2023-01-13T17:36:53","guid":{"rendered":"https:\/\/ppgcultcpaq.ufms.br\/?page_id=1981"},"modified":"2023-09-12T13:20:33","modified_gmt":"2023-09-12T17:20:33","slug":"aluno-estrangeiro-2023-2024","status":"publish","type":"page","link":"https:\/\/ppgcultcpaq.ufms.br\/en\/aluno-estrangeiro-2023-2024\/","title":{"rendered":"Aluno estrangeiro   2023 &#8211; 2024"},"content":{"rendered":"<p>&nbsp;<\/p>\n<p>Edital fluxo cont\u00ednuo (2023-2024)\u00a0<a href=\"https:\/\/ppgcultcpaq.ufms.br\/processo-seletivo-de-candidatos-estrangeiros-para-os-cursos-de-mestrado-em-estudos-culturais\/\" target=\"_blank\" rel=\"noopener\">Clique aqui.<\/a><\/p>\n<p>&nbsp;<\/p>\n<p class=\"big_title\">Resultado preliminar das inscri\u00e7\u00f5es deferidas e indeferidas no m\u00eas de agosto\/2023 \u2013 processo seletivo para candidatos\/as estrangeiros\/as\u00a0 <a href=\"https:\/\/ppgcultcpaq.ufms.br\/resultado-preliminar-das-inscricoes-deferidas-e-indeferidas-processo-seletivo-estudante-estangeiro\/\" target=\"_blank\" rel=\"noopener\">(Clique aqui).<\/a><\/p>\n","protected":false},"excerpt":{"rendered":"<p>&nbsp; Edital fluxo cont\u00ednuo (2023-2024)\u00a0Clique aqui. &nbsp; Resultado preliminar das inscri\u00e7\u00f5es deferidas e indeferidas no m\u00eas de agosto\/2023 \u2013 processo seletivo para candidatos\/as estrangeiros\/as\u00a0 (Clique aqui).<\/p>\n","protected":false},"author":3740,"featured_media":0,"parent":0,"menu_order":0,"comment_status":"closed","ping_status":"closed","template":"","meta":{"ngg_post_thumbnail":0,"footnotes":""},"coauthors":[],"class_list":["post-1981","page","type-page","status-publish","hentry"],"_links":{"self":[{"href":"https:\/\/ppgcultcpaq.ufms.br\/en\/wp-json\/wp\/v2\/pages\/1981","targetHints":{"allow":["GET"]}}],"collection":[{"href":"https:\/\/ppgcultcpaq.ufms.br\/en\/wp-json\/wp\/v2\/pages"}],"about":[{"href":"https:\/\/ppgcultcpaq.ufms.br\/en\/wp-json\/wp\/v2\/types\/page"}],"author":[{"embeddable":true,"href":"https:\/\/ppgcultcpaq.ufms.br\/en\/wp-json\/wp\/v2\/users\/3740"}],"replies":[{"embeddable":true,"href":"https:\/\/ppgcultcpaq.ufms.br\/en\/wp-json\/wp\/v2\/comments?post=1981"}],"version-history":[{"count":3,"href":"https:\/\/ppgcultcpaq.ufms.br\/en\/wp-json\/wp\/v2\/pages\/1981\/revisions"}],"predecessor-version":[{"id":2370,"href":"https:\/\/ppgcultcpaq.ufms.br\/en\/wp-json\/wp\/v2\/pages\/1981\/revisions\/2370"}],"wp:attachment":[{"href":"https:\/\/ppgcultcpaq.ufms.br\/en\/wp-json\/wp\/v2\/media?parent=1981"}],"wp:term":[{"taxonomy":"author","embeddable":true,"href":"https:\/\/ppgcultcpaq.ufms.br\/en\/wp-json\/wp\/v2\/coauthors?post=1981"}],"curies":[{"name":"wp","href":"https:\/\/api.w.org\/{rel}","templated":true}]}}