{"id":2126,"date":"2023-04-17T13:33:38","date_gmt":"2023-04-17T17:33:38","guid":{"rendered":"https:\/\/ppgcultcpaq.ufms.br\/?page_id=2126"},"modified":"2023-06-30T14:47:06","modified_gmt":"2023-06-30T18:47:06","slug":"vagas-remanescentes-edital-ufms-propp-no-118-2023","status":"publish","type":"page","link":"https:\/\/ppgcultcpaq.ufms.br\/en\/aluno-regular-2023-2\/vagas-remanescentes-edital-ufms-propp-no-118-2023\/","title":{"rendered":"Vagas Remanescentes &#8211; Edital UFMS\/PROPP n\u00ba 118\/2023"},"content":{"rendered":"<p><span style=\"font-family: arial, helvetica, sans-serif\">A FUNDA\u00c7\u00c3O UNIVERSIDADE FEDERAL DE MATO GROSSO DO SUL, por meio da Pr\u00f3-Reitoria de Pesquisa e P\u00f3s-Gradua\u00e7\u00e3o &#8211; Propp, no uso de suas atribui\u00e7\u00f5es legais e considerando a Resolu\u00e7\u00e3o n\u00b0 154\/COUN, de 17 de janeiro de 2022, a Resolu\u00e7\u00e3o n\u00ba 206\/COUN, de 1 de setembro de 2022, a Resolu\u00e7\u00e3o n\u00ba 458\/COPP, de 17 de dezembro de 2021, e a Instru\u00e7\u00e3o Normativa n\u00ba 10\/GAB\/PROPP, de 26 de fevereiro de 2021, torna p\u00fablica a abertura de inscri\u00e7\u00f5es para processo seletivo de candidatos brasileiros para preenchimento de <strong>vagas <span style=\"font-family: arial, helvetica, sans-serif\">remanescentes<\/span><\/strong> do Edital Propp\/UFMS n\u00ba 201\/2022 nos cursos de <strong>mestrado dos Programas de P\u00f3s- Gradua\u00e7\u00e3o Stricto Sensu &#8211; PPGs<\/strong> da UFMS, para ingresso no segundo semestre do ano letivo de 2023.<\/span><\/p>\n<p><span style=\"font-family: arial, helvetica, sans-serif\">S\u00e3o 18 vagas para o Curso de Mestrado em Estudos Culturais no C\u00e2mpus de Aquidauana: Ampla Concorr\u00eancia &#8211; 12 vagas, A\u00e7\u00f5es Afirmativas 4 vagas, Qualifica UFMS 2 vagas.<\/span><\/p>\n<p><span style=\"font-family: arial, helvetica, sans-serif\">As inscri\u00e7\u00f5es estar\u00e3o abertas de 15\/04 a 14\/05\/2023, exclusivamente pela internet, no endere\u00e7o eletr\u00f4nico<a href=\"https:\/\/posgraduacao.ufms.br\/portal\"> https:\/\/posgraduacao.ufms.br\/portal<\/a>, seguindo as orienta\u00e7\u00f5es do item 6.4 do edital.<\/span><\/p>\n<p><span style=\"font-family: arial, helvetica, sans-serif\"><strong>OBS<\/strong>: O resultados das etapas de sele\u00e7\u00e3o constam na parte inferior desta p\u00e1gina.<\/span><\/p>\n<p>&nbsp;<\/p>\n<p><a href=\"https:\/\/drive.google.com\/file\/d\/10oLvsjRnwao8-mjBnE6hHW-LqclEdwqG\/view\" target=\"_blank\" rel=\"noopener\"><span style=\"font-family: arial, helvetica, sans-serif\"><strong>Edital\u00a0 UFMS\/PROPP N\u00b0 118\/2023 (Edital Geral Retificado Completo)<\/strong><\/span><\/a><\/p>\n<p><span style=\"font-family: arial, helvetica, sans-serif\">Anexos I\u00a0 <a href=\"https:\/\/drive.google.com\/file\/d\/1dNGTdbSjeXypMDUDjUlI_2SNEnCysrlf\/view?usp=share_link\" target=\"_blank\" rel=\"noopener\">Clique aqui.<\/a><\/span><\/p>\n<p><span style=\"font-family: arial, helvetica, sans-serif\">Anexos III e IV <a href=\"https:\/\/drive.google.com\/file\/d\/1VKRajmOv0IwMvwo9MIiMTzPGD3aP43FH\/view?usp=share_link\" target=\"_blank\" rel=\"noopener\">Clique aqui.<\/a><\/span><\/p>\n<p><span style=\"font-family: arial, helvetica, sans-serif\">Anexo V <a href=\"https:\/\/drive.google.com\/file\/d\/1ThSagflLON9g6k-atXrs6pJky6CAdFwy\/view?usp=share_link\" target=\"_blank\" rel=\"noopener\">Clique aqui.<\/a><\/span><\/p>\n<p><span style=\"font-family: arial, helvetica, sans-serif\">Anexo VI <a href=\"https:\/\/drive.google.com\/file\/d\/1OuMShvBLti5kOqteJ3mkVYWEHVH2rKhu\/view?usp=share_link\" target=\"_blank\" rel=\"noopener\">Clique aqui.<\/a><\/span><\/p>\n<p><span style=\"font-family: arial, helvetica, sans-serif\">Anexo VII <a href=\"https:\/\/drive.google.com\/file\/d\/1unXLtPVRFcFJeew2ma6nZO00feKtE-3P\/view?usp=share_link\" target=\"_blank\" rel=\"noopener\">Clique aqui.<\/a><\/span><\/p>\n<p><span style=\"font-family: arial, helvetica, sans-serif\">Anexo VIII <a href=\"https:\/\/drive.google.com\/file\/d\/1Xc-Jr2MaKAthXVOj2yU7U8f9cpnYMt8I\/view?usp=share_link\" target=\"_blank\" rel=\"noopener\">Clique aqui.<\/a><\/span><\/p>\n<p><span style=\"font-family: arial, helvetica, sans-serif\">Anexo IX <a href=\"https:\/\/drive.google.com\/file\/d\/1MrV_hB3iE87g_QwnjQXQeYsREVGLICoW\/view?usp=share_link\" target=\"_blank\" rel=\"noopener\">Clique aqui.<\/a><\/span><\/p>\n<p><span style=\"font-family: arial, helvetica, sans-serif\">Tabela de pontua\u00e7\u00e3o formato Word <a href=\"https:\/\/docs.google.com\/document\/d\/1-CBlDziIG0hmSRSGRX4_AAHFvfZV4xne\/edit?usp=share_link&amp;ouid=107647770689202858260&amp;rtpof=true&amp;sd=true\">Clique aqui<\/a>.<\/span><\/p>\n<p><strong>Confira abaixo o Edital Consolidado com as informa\u00e7\u00f5es espec\u00edficas do Curso.<\/strong><\/p>\n[gview file=&#8221;https:\/\/ppgcultcpaq.ufms.br\/files\/2023\/05\/ilovepdf_merged-1.pdf&#8221;]\n<p>&nbsp;<\/p>\n<h3><span style=\"font-family: arial, helvetica, sans-serif\">Resultados das etapas de sele\u00e7\u00e3o:<\/span><\/h3>\n<p><span style=\"font-family: georgia, palatino, serif;font-size: 12pt\">Resultado das inscri\u00e7\u00f5es deferidas e indeferidas\u00a0<a href=\"https:\/\/ppgcultcpaq.ufms.br\/resultado-preliminar-das-inscricoes-deferidas-e-indeferidas-processo-seletivo-para-vagas-remanescentes-2023-2\/\" target=\"_blank\" rel=\"noopener\">(Clique aqui).<\/a><\/span><\/p>\n<p><span style=\"font-family: georgia, palatino, serif;font-size: 12pt\">Resultado de recurso e homologa\u00e7\u00e3o das inscri\u00e7\u00f5es\u00a0<a href=\"https:\/\/ppgcultcpaq.ufms.br\/resultado-de-recurso-e-homologacao-das-inscricoes-deferidas-e-indeferidas-processo-seletivo-para-vagas-remanescentes-2023-2\/\" target=\"_blank\" rel=\"noopener\">(Clique aqui).<\/a><\/span><\/p>\n<p><span style=\"font-family: georgia, palatino, serif;font-size: 12pt\">Procedimentos para realiza\u00e7\u00e3o da prova de l\u00ednguas\u00a0<a href=\"https:\/\/ppgcultcpaq.ufms.br\/orientacoes-para-realizacao-da-prova-de-linguas\/\" target=\"_blank\" rel=\"noopener\">(Clique aqui).<\/a><\/span><\/p>\n<p><span style=\"font-family: georgia, palatino, serif;font-size: 12pt\">Agendamento para Defesa do Pr\u00e9-Projeto de Pesquisa\u00a0<a href=\"https:\/\/ppgcultcpaq.ufms.br\/agendamento-para-defesa-do-pre-projeto-de-pesquisa-processo-seletivo-para-vagas-remanescentes-2023-2\/\" target=\"_blank\" rel=\"noopener\">(Clique aqui).<\/a><\/span><\/p>\n<p><span style=\"font-size: 12pt;font-family: georgia, palatino, serif\">Resultado Preliminar da Etapa de avalia\u00e7\u00e3o de m\u00e9rito <a href=\"https:\/\/ppgcultcpaq.ufms.br\/resultado-preliminar-da-etapa-de-avaliacao-de-merito-processo-seletivo-para-vagas-remanescentes-2023-2\/\" target=\"_blank\" rel=\"noopener\">(Clique aqui).<\/a><\/span><\/p>\n<p><span style=\"font-size: 12pt\">Resultado preliminar da prova de sufici\u00eancia em l\u00edngua estrangeira\u00a0\u00a0<a href=\"https:\/\/ppgcultcpaq.ufms.br\/resultado-preliminar-da-prova-de-suficiencia-em-lingua-estrangeira-processo-seletivo-para-vagas-remanescentes-2023-2\/\" target=\"_blank\" rel=\"noopener\">(Clique aqui).<\/a><\/span><\/p>\n<p><span style=\"font-size: 12pt\">Resultado Final da etapa de avalia\u00e7\u00e3o de m\u00e9rito <a href=\"https:\/\/ppgcultcpaq.ufms.br\/resultado-final-da-etapa-de-avaliacao-de-merito-processo-seletivo-para-vagas-remanescentes-2023-2\/\" target=\"_blank\" rel=\"noopener\">(Clique aqui).<\/a><\/span><\/p>\n<p class=\"big_title\"><span style=\"font-size: 12pt\">Resultado Final Preliminar\u00a0\u00a0<a href=\"https:\/\/ppgcultcpaq.ufms.br\/resultado-final-preliminar-processo-seletivo-para-vagas-remanescentes-2023-2\/\" target=\"_blank\" rel=\"noopener\">(Clique aqui).<\/a><\/span><\/p>\n<p>Resultado Recursos prova de sufici\u00eancia em l\u00edngua estrangeira\u00a0<a href=\"https:\/\/ppgcultcpaq.ufms.br\/resultado-recursos-prova-de-suficiencia-em-lingua-estrangeira-processo-seletivo-para-vagas-remanescentes-2023-2\/\" target=\"_blank\" rel=\"noopener\">(Clique aqui).<\/a><\/p>\n<p class=\"big_title\">Resultado Final prova de sufici\u00eancia em l\u00edngua estrangeira <a href=\"https:\/\/ppgcultcpaq.ufms.br\/resultado-final-prova-de-suficiencia-em-lingua-estrangeira-processo-seletivo-para-vagas-remanescentes-2023-2\/\" target=\"_blank\" rel=\"noopener\">(Clique aqui).<\/a><\/p>\n<p class=\"big_title\">Resultado final da sele\u00e7\u00e3o e a convoca\u00e7\u00e3o para matr\u00edcula dos candidatados aprovados\u00a0<a href=\"https:\/\/ppgcultcpaq.ufms.br\/resultado-final-da-selecao-e-a-convocacao-para-matricula-dos-candidatados-aprovados-processo-seletivo-para-vagas-remanescentes-2023-2\/\" target=\"_blank\" rel=\"noopener\">(Clique aqui).<\/a><\/p>\n","protected":false},"excerpt":{"rendered":"<p>A FUNDA\u00c7\u00c3O UNIVERSIDADE FEDERAL DE MATO GROSSO DO SUL, por meio da Pr\u00f3-Reitoria de Pesquisa e P\u00f3s-Gradua\u00e7\u00e3o &#8211; Propp, no uso de suas atribui\u00e7\u00f5es legais e considerando a Resolu\u00e7\u00e3o n\u00b0 154\/COUN, de 17 de janeiro de 2022, a Resolu\u00e7\u00e3o n\u00ba 206\/COUN, de 1 de setembro de 2022, a Resolu\u00e7\u00e3o n\u00ba 458\/COPP, de 17 de dezembro [&hellip;]<\/p>\n","protected":false},"author":3852,"featured_media":0,"parent":2122,"menu_order":0,"comment_status":"closed","ping_status":"closed","template":"","meta":{"ngg_post_thumbnail":0,"footnotes":""},"coauthors":[],"class_list":["post-2126","page","type-page","status-publish","hentry"],"_links":{"self":[{"href":"https:\/\/ppgcultcpaq.ufms.br\/en\/wp-json\/wp\/v2\/pages\/2126","targetHints":{"allow":["GET"]}}],"collection":[{"href":"https:\/\/ppgcultcpaq.ufms.br\/en\/wp-json\/wp\/v2\/pages"}],"about":[{"href":"https:\/\/ppgcultcpaq.ufms.br\/en\/wp-json\/wp\/v2\/types\/page"}],"author":[{"embeddable":true,"href":"https:\/\/ppgcultcpaq.ufms.br\/en\/wp-json\/wp\/v2\/users\/3852"}],"replies":[{"embeddable":true,"href":"https:\/\/ppgcultcpaq.ufms.br\/en\/wp-json\/wp\/v2\/comments?post=2126"}],"version-history":[{"count":38,"href":"https:\/\/ppgcultcpaq.ufms.br\/en\/wp-json\/wp\/v2\/pages\/2126\/revisions"}],"predecessor-version":[{"id":2297,"href":"https:\/\/ppgcultcpaq.ufms.br\/en\/wp-json\/wp\/v2\/pages\/2126\/revisions\/2297"}],"up":[{"embeddable":true,"href":"https:\/\/ppgcultcpaq.ufms.br\/en\/wp-json\/wp\/v2\/pages\/2122"}],"wp:attachment":[{"href":"https:\/\/ppgcultcpaq.ufms.br\/en\/wp-json\/wp\/v2\/media?parent=2126"}],"wp:term":[{"taxonomy":"author","embeddable":true,"href":"https:\/\/ppgcultcpaq.ufms.br\/en\/wp-json\/wp\/v2\/coauthors?post=2126"}],"curies":[{"name":"wp","href":"https:\/\/api.w.org\/{rel}","templated":true}]}}