{"id":2242,"date":"2023-06-05T15:41:20","date_gmt":"2023-06-05T19:41:20","guid":{"rendered":"https:\/\/ppgcultcpaq.ufms.br\/?page_id=2242"},"modified":"2023-06-05T16:12:02","modified_gmt":"2023-06-05T20:12:02","slug":"solicitacao-de-recursos-financeiros","status":"publish","type":"page","link":"https:\/\/ppgcultcpaq.ufms.br\/en\/solicitacao-de-recursos-financeiros\/","title":{"rendered":"Solicita\u00e7\u00e3o de recursos financeiros"},"content":{"rendered":"<p>As solicita\u00e7\u00f5es de recursos financeiros ao Programa devem ser realizadas conforme estipulado abaixo, devendo sempre ser realizadas at\u00e9 o dia 5 do m\u00eas anterior ao evento\/viagem. A concess\u00e3o ficar\u00e1 condicionada a disponibilidade de recursos e seguir\u00e1 as normas e diretrizes das ag\u00eancias de fomento internas e\/ou externas \u00e0 UFMS. N\u00e3o haver\u00e1 o pagamento retroativo ou ressarcimento.<\/p>\n<h2><span style=\"color: #993300\">Docentes\/Servidores<\/span><\/h2>\n<h4>Solicita\u00e7\u00e3o de di\u00e1rias:<\/h4>\n<ul>\n<li>Abrir processo SEI (Finan\u00e7as: Pagamento de Di\u00e1rias)<\/li>\n<\/ul>\n<p>Tratando-se de participa\u00e7\u00e3o em eventos, anexar:<\/p>\n<ul>\n<li>Comprovante de inscri\u00e7\u00e3o no evento;<\/li>\n<li>C\u00f3pia do trabalho a ser apresentado;<\/li>\n<li>Carta de aceite do trabalho\/convite;<\/li>\n<li>Print da p\u00e1gina do evento;<\/li>\n<li>Print da Programa\u00e7\u00e3o do evento.<\/li>\n<li>Inserir a Portaria de afastamento (quando evento presencial)<\/li>\n<li>Gerar documento tipo \u201cFormul\u00e1rio de Solicita\u00e7\u00e3o de Di\u00e1rias e Passagens\u201d<\/li>\n<li>Tramitar o processo para CPOS\/ECT\/CPAQ<\/li>\n<\/ul>\n<p>Tratando-se de outras atividades acad\u00eamicas (Pesquisa, aula de campo, entre outras)<\/p>\n<ul>\n<li>Inserir os documentos comprobat\u00f3rios das atividades (plano de ensino aprovado pelo Colegiado de Curso, convite, aprova\u00e7\u00e3o de projeto de pesquisa vinculados ao Programa, entre outros)<\/li>\n<li>Gerar documento tipo \u201cFormul\u00e1rio de Solicita\u00e7\u00e3o de Di\u00e1rias e Passagens\u201d<\/li>\n<li>Tramitar o processo para CPOS\/ECT\/CPAQ<\/li>\n<\/ul>\n<h4>Solicita\u00e7\u00e3o de aux\u00edlio pesquisador (taxa de inscri\u00e7\u00e3o em evento)<\/h4>\n<ul>\n<li>Abrir processo SEI (Finan\u00e7as: Pagamento de Bolsas e Aux\u00edlios)<\/li>\n<\/ul>\n<p>Tratando-se de participa\u00e7\u00e3o em eventos, anexar:<\/p>\n<ul>\n<li>Comprovante de inscri\u00e7\u00e3o no evento;<\/li>\n<li>C\u00f3pia do trabalho a ser apresentado;<\/li>\n<li>Carta de aceite do trabalho;<\/li>\n<li>Print da p\u00e1gina do evento;<\/li>\n<li>Print da Programa\u00e7\u00e3o do evento;<\/li>\n<li>Print da p\u00e1gina com o valor praticado para a inscri\u00e7\u00e3o<\/li>\n<li>Inserir a Portaria de afastamento (quando evento presencial)<\/li>\n<li>Gerar e preencher despacho (texto padr\u00e3o \u201cSolicita\u00e7\u00e3o de pagamento de taxa de inscri\u00e7\u00e3o\u201d)<\/li>\n<li>Tramitar o processo para CPOS\/ECT\/CPAQ<\/li>\n<\/ul>\n<p>OBS: quando tratar-se de solicita\u00e7\u00e3o de aux\u00edlio pesquisador e pagamento de di\u00e1rias para o mesmo evento, gerar documento tipo \u201cFormul\u00e1rio de Solicita\u00e7\u00e3o de Di\u00e1rias e Passagens\u201d no mesmo processo.<\/p>\n<h4>Para presta\u00e7\u00e3o de contas<\/h4>\n<p>Anexar o relat\u00f3rio de viagem (em caso de recebimento de di\u00e1rias), o recibo do pagamento de di\u00e1rias\u00a0<a href=\"https:\/\/docs.google.com\/document\/d\/1bgdg4HxVHeMIgAyCJ6yjen4IqN7vdZG4\/edit?usp=share_link&amp;ouid=104852593351745035520&amp;rtpof=true&amp;sd=true\" target=\"_blank\" rel=\"noopener\">(Clique aqui).<\/a>\u00a0(no caso de fomento externo, como Capes, Fundect, entre outras), o comprovante de participa\u00e7\u00e3o no evento\/Apresenta\u00e7\u00e3o do trabalho (no caso de eventos cient\u00edficos) e demais itens comprobat\u00f3rios.<\/p>\n<p>&nbsp;<\/p>\n<h2><span style=\"color: #993300\">Estudantes<\/span><\/h2>\n<p>Solicita\u00e7\u00e3o de aux\u00edlio pesquisador (inscri\u00e7\u00e3o\/participa\u00e7\u00e3o em evento cient\u00edfico)<\/p>\n<ul>\n<li>Enviar ao e-mail da secretaria de curso (ppgcult.cpaq@ufms.br) solicita\u00e7\u00e3o de aux\u00edlio estudante indicando o nome, per\u00edodo e local do evento, nome completo, CPF e dados banc\u00e1rios, descri\u00e7\u00e3o do valor requerido e, ainda, os seguintes anexos:<\/li>\n<li>Comprovante de inscri\u00e7\u00e3o no evento;<\/li>\n<li>C\u00f3pia do trabalho a ser apresentado;<\/li>\n<li>Carta de aceite do trabalho;<\/li>\n<li>Print da p\u00e1gina do evento;<\/li>\n<li>Print da Programa\u00e7\u00e3o do evento;<\/li>\n<li>Print da p\u00e1gina com o valor praticado para a inscri\u00e7\u00e3o.<\/li>\n<\/ul>\n<h4>Para presta\u00e7\u00e3o de contas<\/h4>\n<p>Anexar o recibo de recebimento de aux\u00edlio (quando houver), o comprovante de participa\u00e7\u00e3o no evento\/Apresenta\u00e7\u00e3o do trabalho (no caso de eventos cient\u00edficos) e demais itens comprobat\u00f3rios (notas fiscais quando for o caso).<\/p>\n","protected":false},"excerpt":{"rendered":"<p>As solicita\u00e7\u00f5es de recursos financeiros ao Programa devem ser realizadas conforme estipulado abaixo, devendo sempre ser realizadas at\u00e9 o dia 5 do m\u00eas anterior ao evento\/viagem. A concess\u00e3o ficar\u00e1 condicionada a disponibilidade de recursos e seguir\u00e1 as normas e diretrizes das ag\u00eancias de fomento internas e\/ou externas \u00e0 UFMS. N\u00e3o haver\u00e1 o pagamento retroativo ou [&hellip;]<\/p>\n","protected":false},"author":3740,"featured_media":0,"parent":0,"menu_order":0,"comment_status":"closed","ping_status":"closed","template":"","meta":{"ngg_post_thumbnail":0,"footnotes":""},"coauthors":[],"class_list":["post-2242","page","type-page","status-publish","hentry"],"_links":{"self":[{"href":"https:\/\/ppgcultcpaq.ufms.br\/en\/wp-json\/wp\/v2\/pages\/2242","targetHints":{"allow":["GET"]}}],"collection":[{"href":"https:\/\/ppgcultcpaq.ufms.br\/en\/wp-json\/wp\/v2\/pages"}],"about":[{"href":"https:\/\/ppgcultcpaq.ufms.br\/en\/wp-json\/wp\/v2\/types\/page"}],"author":[{"embeddable":true,"href":"https:\/\/ppgcultcpaq.ufms.br\/en\/wp-json\/wp\/v2\/users\/3740"}],"replies":[{"embeddable":true,"href":"https:\/\/ppgcultcpaq.ufms.br\/en\/wp-json\/wp\/v2\/comments?post=2242"}],"version-history":[{"count":4,"href":"https:\/\/ppgcultcpaq.ufms.br\/en\/wp-json\/wp\/v2\/pages\/2242\/revisions"}],"predecessor-version":[{"id":2247,"href":"https:\/\/ppgcultcpaq.ufms.br\/en\/wp-json\/wp\/v2\/pages\/2242\/revisions\/2247"}],"wp:attachment":[{"href":"https:\/\/ppgcultcpaq.ufms.br\/en\/wp-json\/wp\/v2\/media?parent=2242"}],"wp:term":[{"taxonomy":"author","embeddable":true,"href":"https:\/\/ppgcultcpaq.ufms.br\/en\/wp-json\/wp\/v2\/coauthors?post=2242"}],"curies":[{"name":"wp","href":"https:\/\/api.w.org\/{rel}","templated":true}]}}