{"id":2405,"date":"2023-10-31T14:38:54","date_gmt":"2023-10-31T18:38:54","guid":{"rendered":"https:\/\/ppgcultcpaq.ufms.br\/?page_id=2405"},"modified":"2024-03-08T21:49:28","modified_gmt":"2024-03-09T01:49:28","slug":"aluno-regular-2024-1","status":"publish","type":"page","link":"https:\/\/ppgcultcpaq.ufms.br\/en\/aluno-regular-2024-1\/","title":{"rendered":"Aluno Regular 2024.1"},"content":{"rendered":"<h4>Etapas de Sele\u00e7\u00e3o<\/h4>\n<ul>\n<li>(<span style=\"color: #ff0000\">Novo<\/span>) Convoca\u00e7\u00e3o para matr\u00edcula de candidatos em lista de espera\u00a0<a title=\"https:\/\/ppgcultcpaq.ufms.br\/convocacao-para-matricula-de-candidatos-em-lista-de-espera-processo-seletivo-2024-1\/\" href=\"https:\/\/ppgcultcpaq.ufms.br\/convocacao-para-matricula-de-candidatos-em-lista-de-espera-processo-seletivo-2024-1\/\" target=\"_blank\" rel=\"noopener\">(Clique Aqui).<\/a><\/li>\n<li>(<span style=\"color: #ff0000\">Novo<\/span>) Resultado final da sele\u00e7\u00e3o e convoca\u00e7\u00e3o para matr\u00edcula <a title=\"https:\/\/ppgcultcpaq.ufms.br\/resultado-final-processo-seletivo-2024-1\/\" href=\"https:\/\/ppgcultcpaq.ufms.br\/resultado-final-processo-seletivo-2024-1\/\" target=\"_blank\" rel=\"noopener\">(Clique Aqui).<\/a><\/li>\n<li>Resultado preliminar da sele\u00e7\u00e3o\u00a0<a title=\"https:\/\/ppgcultcpaq.ufms.br\/resultado-preliminar-da-selecao-processo-seletivo-2024-1\/\" href=\"https:\/\/ppgcultcpaq.ufms.br\/resultado-preliminar-da-selecao-processo-seletivo-2024-1\/\" target=\"_blank\" rel=\"noopener\">(Clique aqui).<\/a><\/li>\n<li>Resultado Final da An\u00e1lise de Curr\u00edculo\u00a0<a title=\"https:\/\/ppgcultcpaq.ufms.br\/resultado-final-da-analise-de-curriculo-processo-seletivo-2024-1\/\" href=\"https:\/\/ppgcultcpaq.ufms.br\/resultado-final-da-analise-de-curriculo-processo-seletivo-2024-1\/\" target=\"_blank\" rel=\"noopener\">(Clique aqui).<\/a><\/li>\n<li>Resultado Preliminar da An\u00e1lise de Curr\u00edculo\u00a0<a title=\"https:\/\/ppgcultcpaq.ufms.br\/resultado-preliminar-da-analise-de-curriculo-processo-seletivo-2024-1\/\" href=\"https:\/\/ppgcultcpaq.ufms.br\/resultado-preliminar-da-analise-de-curriculo-processo-seletivo-2024-1\/\" target=\"_blank\" rel=\"noopener\">(Clique aqui).<\/a><\/li>\n<li>Resultado Final da Defesa do Pr\u00e9-Projeto\u00a0<a title=\"https:\/\/ppgcultcpaq.ufms.br\/resultado-final-da-defesa-do-pre-projeto-processo-seletivo-2024-1\/\" href=\"https:\/\/ppgcultcpaq.ufms.br\/resultado-final-da-defesa-do-pre-projeto-processo-seletivo-2024-1\/\" target=\"_blank\" rel=\"noopener\">(Clique aqui).<\/a><\/li>\n<li>Resultado Preliminar da Defesa do Pr\u00e9-Projeto (<a href=\"https:\/\/ppgcultcpaq.ufms.br\/resultado-preliminar-da-defesa-do-pre-projeto-processo-seletivo-2024-1\/\">Clique aqui<\/a>)<\/li>\n<li>Orienta\u00e7\u00f5es para realiza\u00e7\u00e3o da Prova de L\u00ednguas e Prova de Conhecimentos Espec\u00edficos no AVA <a title=\"https:\/\/ppgcultcpaq.ufms.br\/orientacoes-para-realizacao-da-prova-de-linguas-e-prova-de-conhecimentos-especificos-no-ava-processo-seletivo-2024-1\/\" href=\"https:\/\/ppgcultcpaq.ufms.br\/orientacoes-para-realizacao-da-prova-de-linguas-e-prova-de-conhecimentos-especificos-no-ava-processo-seletivo-2024-1\/\" target=\"_blank\" rel=\"noopener\">(Clique aqui).<\/a><\/li>\n<li>Agendamento para Defesa do Pr\u00e9-Projeto de Pesquisa \u00a0<a title=\"https:\/\/ppgcultcpaq.ufms.br\/agendamento-para-defesa-do-pre-projeto-de-pesquisa-processo-seletivo-2024-1\/\" href=\"https:\/\/ppgcultcpaq.ufms.br\/agendamento-para-defesa-do-pre-projeto-de-pesquisa-processo-seletivo-2024-1\/\" target=\"_blank\" rel=\"noopener\">(Clique aqui).<\/a><\/li>\n<li>Resultado Final da An\u00e1lise do Pr\u00e9-Projeto <a title=\"https:\/\/ppgcultcpaq.ufms.br\/resultado-final-da-analise-do-pre-projeto-processo-seletivo-2024-1\/\" href=\"https:\/\/ppgcultcpaq.ufms.br\/resultado-final-da-analise-do-pre-projeto-processo-seletivo-2024-1\/\" target=\"_blank\" rel=\"noopener\">(Clique aqui).<\/a><\/li>\n<li>Resultado preliminar da Prova de L\u00ednguas <a title=\"https:\/\/ppgcultcpaq.ufms.br\/resultado-preliminar-da-prova-de-linguas-processo-seletivo-2024-1\/\" href=\"https:\/\/ppgcultcpaq.ufms.br\/resultado-preliminar-da-prova-de-linguas-processo-seletivo-2024-1\/\" target=\"_blank\" rel=\"noopener\">(Clique aqui).<\/a><\/li>\n<li>Resultado Preliminar da An\u00e1lise do Pr\u00e9-Projeto <a title=\"https:\/\/ppgcultcpaq.ufms.br\/2468-2\/\" href=\"https:\/\/ppgcultcpaq.ufms.br\/2468-2\/\" target=\"_blank\" rel=\"noopener\">(Clique aqui).<\/a><\/li>\n<li>Homologa\u00e7\u00e3o das inscri\u00e7\u00f5es\u00a0<a title=\"https:\/\/ppgcultcpaq.ufms.br\/homologacao-das-inscricoes-processo-seletivo-2024-1\/\" href=\"https:\/\/ppgcultcpaq.ufms.br\/homologacao-das-inscricoes-processo-seletivo-2024-1\/\" target=\"_blank\" rel=\"noopener\">(Clique aqui).<\/a><\/li>\n<li>Resultado da an\u00e1lise dos recursos do resultado preliminar dos candidatos inscritos\u00a0<a title=\"https:\/\/ppgcultcpaq.ufms.br\/resultado-da-analise-dos-recursos-do-resultado-preliminar-dos-candidatos-inscritos-processo-seletivo-2024-1\/\" href=\"https:\/\/ppgcultcpaq.ufms.br\/resultado-da-analise-dos-recursos-do-resultado-preliminar-dos-candidatos-inscritos-processo-seletivo-2024-1\/\" target=\"_blank\" rel=\"noopener\">(Clique aqui).<\/a><\/li>\n<li>Resultado preliminar dos candidatos inscritos\u00a0 <a title=\"https:\/\/ppgcultcpaq.ufms.br\/resultado-preliminar-dos-candidatos-inscritos-processo-seletivo-2024-1\/\" href=\"https:\/\/ppgcultcpaq.ufms.br\/resultado-preliminar-dos-candidatos-inscritos-processo-seletivo-2024-1\/\" target=\"_blank\" rel=\"noopener\">(Clique aqui).<\/a><\/li>\n<li>Edital de Abertura das Inscri\u00e7\u00f5es\u00a0<a title=\"https:\/\/ppgcultcpaq.ufms.br\/abertas-as-inscricoes-para-ingresso-no-curso-de-mestrado-em-estudos-culturais\/\" href=\"https:\/\/ppgcultcpaq.ufms.br\/abertas-as-inscricoes-para-ingresso-no-curso-de-mestrado-em-estudos-culturais\/\" target=\"_blank\" rel=\"noopener\">(Clique aqui).<\/a><\/li>\n<\/ul>\n<p>__________________________________________________________<\/p>\n<p>A FUNDA\u00c7\u00c3O UNIVERSIDADE FEDERAL DE MATO GROSSO DO SUL, por meio da Pr\u00f3-Reitoria de Pesquisa e P\u00f3s-Gradua\u00e7\u00e3o \u2013 Propp, torna p\u00fablica a abertura de inscri\u00e7\u00f5es para processo seletivo de candidatos brasileiros e estrangeiros para preenchimento de vagas nos cursos de\u00a0<strong>mestrado dos Programas de P\u00f3s- Gradua\u00e7\u00e3o Stricto Sensu \u2013 PPGs<\/strong>\u00a0da UFMS, para ingresso no primeiro semestre do ano letivo de 2024.<\/p>\n<p>S\u00e3o\u00a0<strong>28 vagas para o Curso de Mestrado em Estudos Culturais no C\u00e2mpus de Aquidauana<\/strong>: Ampla Concorr\u00eancia \u2013 20 vagas, A\u00e7\u00f5es Afirmativas 6 vagas, Qualifica UFMS 2 vagas.<\/p>\n<p>As inscri\u00e7\u00f5es estar\u00e3o abertas de 16\/10\/23 a 15\/01\/24, exclusivamente pela internet, no endere\u00e7o eletr\u00f4nico<a href=\"https:\/\/posgraduacao.ufms.br\/portal\">\u00a0https:\/\/posgraduacao.ufms.br\/portal<\/a>, seguindo as orienta\u00e7\u00f5es do item 6 do edital.<\/p>\n<p>&nbsp;<\/p>\n<p>Para ter acesso ao <strong>edital de abertura completo<\/strong> <a title=\"https:\/\/boletimoficial.ufms.br\/bse\/publicacao?id=503176\" href=\"https:\/\/boletimoficial.ufms.br\/bse\/publicacao?id=503176\" target=\"_blank\" rel=\"noopener\">Clique aqui.<\/a><\/p>\n<p>Para ter acesso ao\u00a0<strong>edital completo retificado<\/strong>\u00a0<a title=\"https:\/\/drive.google.com\/file\/d\/1bqrK9NH3d6GZK7gah0vY53IfkVNExlbG\/view?usp=drive_link\" href=\"https:\/\/drive.google.com\/file\/d\/1bqrK9NH3d6GZK7gah0vY53IfkVNExlbG\/view?usp=drive_link\" target=\"_blank\" rel=\"noopener\">(Clique aqui).<\/a><\/p>\n<p>Tabela de Pontua\u00e7\u00e3o do Curr\u00edculo em formato Word\u00a0<a title=\"https:\/\/docs.google.com\/document\/d\/1jOk33RDjEF8eKboKs7dP69jLN1xOlZHO\/edit?usp=drive_link&amp;ouid=107647770689202858260&amp;rtpof=true&amp;sd=true\" href=\"https:\/\/docs.google.com\/document\/d\/1jOk33RDjEF8eKboKs7dP69jLN1xOlZHO\/edit?usp=drive_link&amp;ouid=107647770689202858260&amp;rtpof=true&amp;sd=true\" target=\"_blank\" rel=\"noopener\">Clique aqui.<\/a><\/p>\n<p>Confira abaixo o edital simplificado (com retifica\u00e7\u00f5es):<\/p>\n[gview file=&#8221;https:\/\/ppgcultcpaq.ufms.br\/files\/2023\/10\/Edital-Unificado-2024-1-Retificado-2.pdf&#8221;]\n","protected":false},"excerpt":{"rendered":"<p>Etapas de Sele\u00e7\u00e3o (Novo) Convoca\u00e7\u00e3o para matr\u00edcula de candidatos em lista de espera\u00a0(Clique Aqui). (Novo) Resultado final da sele\u00e7\u00e3o e convoca\u00e7\u00e3o para matr\u00edcula (Clique Aqui). Resultado preliminar da sele\u00e7\u00e3o\u00a0(Clique aqui). Resultado Final da An\u00e1lise de Curr\u00edculo\u00a0(Clique aqui). Resultado Preliminar da An\u00e1lise de Curr\u00edculo\u00a0(Clique aqui). Resultado Final da Defesa do Pr\u00e9-Projeto\u00a0(Clique aqui). Resultado Preliminar da Defesa [&hellip;]<\/p>\n","protected":false},"author":3740,"featured_media":0,"parent":0,"menu_order":0,"comment_status":"closed","ping_status":"closed","template":"","meta":{"ngg_post_thumbnail":0,"footnotes":""},"coauthors":[],"class_list":["post-2405","page","type-page","status-publish","hentry"],"_links":{"self":[{"href":"https:\/\/ppgcultcpaq.ufms.br\/en\/wp-json\/wp\/v2\/pages\/2405","targetHints":{"allow":["GET"]}}],"collection":[{"href":"https:\/\/ppgcultcpaq.ufms.br\/en\/wp-json\/wp\/v2\/pages"}],"about":[{"href":"https:\/\/ppgcultcpaq.ufms.br\/en\/wp-json\/wp\/v2\/types\/page"}],"author":[{"embeddable":true,"href":"https:\/\/ppgcultcpaq.ufms.br\/en\/wp-json\/wp\/v2\/users\/3740"}],"replies":[{"embeddable":true,"href":"https:\/\/ppgcultcpaq.ufms.br\/en\/wp-json\/wp\/v2\/comments?post=2405"}],"version-history":[{"count":25,"href":"https:\/\/ppgcultcpaq.ufms.br\/en\/wp-json\/wp\/v2\/pages\/2405\/revisions"}],"predecessor-version":[{"id":2583,"href":"https:\/\/ppgcultcpaq.ufms.br\/en\/wp-json\/wp\/v2\/pages\/2405\/revisions\/2583"}],"wp:attachment":[{"href":"https:\/\/ppgcultcpaq.ufms.br\/en\/wp-json\/wp\/v2\/media?parent=2405"}],"wp:term":[{"taxonomy":"author","embeddable":true,"href":"https:\/\/ppgcultcpaq.ufms.br\/en\/wp-json\/wp\/v2\/coauthors?post=2405"}],"curies":[{"name":"wp","href":"https:\/\/api.w.org\/{rel}","templated":true}]}}