{"id":2779,"date":"2025-01-08T14:14:58","date_gmt":"2025-01-08T18:14:58","guid":{"rendered":"https:\/\/ppgcultcpaq.ufms.br\/?page_id=2779"},"modified":"2025-09-05T08:32:04","modified_gmt":"2025-09-05T12:32:04","slug":"processo-seletivo-2025-1","status":"publish","type":"page","link":"https:\/\/ppgcultcpaq.ufms.br\/en\/processo-seletivo-2025-1\/","title":{"rendered":"Aluno Regular 2025\/1"},"content":{"rendered":"<ul>\n<li>\n<h3>Retifica\u00e7\u00e3o (21\/03\/2025) do Edital de Resultado Final<span style=\"font-size: 16px\">\u00a0\u00a0<\/span><a style=\"font-size: 16px\" title=\"https:\/\/ppgcultcpaq.ufms.br\/2946-2\/\" href=\"https:\/\/ppgcultcpaq.ufms.br\/2946-2\/\" target=\"_blank\" rel=\"noopener\">Clique aqui.<\/a><span style=\"font-size: 16px\">\u00a0<\/span><strong style=\"color: #ff0000;font-size: 16px\">NOVO!<\/strong><\/h3>\n<\/li>\n<li>\n<h3 class=\"big_title\">Resultado preliminar da avalia\u00e7\u00e3o da veracidade da autodeclara\u00e7\u00e3o dos candidatos pretos ou pardos e de pessoas com defici\u00eancia (PcD) <a style=\"font-size: 16px\" title=\"https:\/\/ppgcultcpaq.ufms.br\/resultado-preliminar-da-avaliacao-da-veracidade-da-autodeclaracao-dos-candidatos-pretos-ou-pardos-e-de-pessoas-com-deficiencia-pcd\/\" href=\"https:\/\/ppgcultcpaq.ufms.br\/resultado-preliminar-da-avaliacao-da-veracidade-da-autodeclaracao-dos-candidatos-pretos-ou-pardos-e-de-pessoas-com-deficiencia-pcd\/\" target=\"_blank\" rel=\"noopener\">Clique aqui.<\/a><strong style=\"color: #ff0000;font-size: 16px\">\u00a0<\/strong><\/h3>\n<\/li>\n<\/ul>\n<ul>\n<li>\n<h3>Homologa\u00e7\u00e3o do Resultado Final de Sele\u00e7\u00e3o Aluno Regular 2025.1 \u00a0<a href=\"https:\/\/ppgcultcpaq.ufms.br\/homologacao-do-resultado-final-de-selecao-aluno-regular-2025-1\/\">Clique aqui!<\/a><\/h3>\n<\/li>\n<li>\n<h3>Retifica\u00e7\u00e3o do Edital de Resultado Final da Defesa do Pr\u00e9-Projeto <a href=\"https:\/\/ppgcultcpaq.ufms.br\/retificacao-do-edital-de-resultado-final-de-defesa-do-pre-projeto-processo-seletivo-2025-1\/\">Clique aqui!<\/a><\/h3>\n<\/li>\n<li>\n<h3>Resultado Final da Defesa do Pr\u00e9-Projeto <a title=\"https:\/\/ppgcultcpaq.ufms.br\/resultado-final-da-defesa-do-pre-projeto-processo-seletivo-2025-1\/\" href=\"https:\/\/ppgcultcpaq.ufms.br\/resultado-final-da-defesa-do-pre-projeto-processo-seletivo-2025-1\/\" target=\"_blank\" rel=\"noopener\">Clique aqui.<\/a><\/h3>\n<\/li>\n<li>\n<h3>Resultado Preliminar da Defesa do Pr\u00e9-Projeto <a title=\"https:\/\/ppgcultcpaq.ufms.br\/?p=2861&amp;preview=true\" href=\"https:\/\/ppgcultcpaq.ufms.br\/?p=2861&amp;preview=true\" target=\"_blank\" rel=\"noopener\">Clique aqui.<\/a><span style=\"color: #ff0000\"><strong>\u00a0<\/strong><\/span><\/h3>\n<\/li>\n<li>\n<h3>Resultado Final da An\u00e1lise do Pr\u00e9-Projeto\u00a0<a title=\"https:\/\/ppgcultcpaq.ufms.br\/resultado-final-da-analise-de-pre-projeto-processo-seletivo-2025-1\/\" href=\"https:\/\/ppgcultcpaq.ufms.br\/resultado-final-da-analise-de-pre-projeto-processo-seletivo-2025-1\/\" target=\"_blank\" rel=\"noopener\">Clique aqui.<\/a><\/h3>\n<\/li>\n<li>\n<h3><span style=\"color: #ff0000\">Retifica\u00e7\u00e3o de Edital<\/span> &#8211; Altera\u00e7\u00e3o da data de Defesa do Pr\u00e9-Projeto &#8211; Estudos Culturais <a href=\"https:\/\/ppgcultcpaq.ufms.br\/retificacao-do-edital-processo-seletivo-2025-1\/\">Clique aqui.<\/a><\/h3>\n<\/li>\n<li>\n<h3>Resultado Preliminar da An\u00e1lise do Pr\u00e9-Projeto\u00a0 \u00a0<a title=\"https:\/\/ppgcultcpaq.ufms.br\/resultado-preliminar-da-analise-de-pre-projeto-processo-seletivo-2025-1\/\" href=\"https:\/\/ppgcultcpaq.ufms.br\/resultado-preliminar-da-analise-de-pre-projeto-processo-seletivo-2025-1\/\" target=\"_blank\" rel=\"noopener\">Clique aqui.<\/a><span style=\"color: #ff0000\"><strong>\u00a0<\/strong><\/span><\/h3>\n<\/li>\n<li>\n<h3>Resultado dos Recursos Administrativos das Inscri\u00e7\u00f5es e Homologa\u00e7\u00e3o das Inscri\u00e7\u00f5es \u2013 Processo Seletivo de P\u00f3s-Gradua\u00e7\u00e3o Stricto Sensu 2025\/1, <a href=\"https:\/\/boletimoficial.ufms.br\/bse\/publicacao?id=547194\">Clique aqui.<\/a><\/h3>\n<\/li>\n<li>\n<h3>Orienta\u00e7\u00f5es para realiza\u00e7\u00e3o da Prova de L\u00ednguas, <a href=\"https:\/\/ppgcultcpaq.ufms.br\/files\/2025\/01\/00-ORIENTACOES-PARA-PROVA-DE-LINGUAS-Edital-Unificado-2025-1.docx.pdf\">Clique aqui.<\/a><\/h3>\n<\/li>\n<li>\n<h3>Resultado preliminar dos candidatos inscritos: <a href=\"https:\/\/propp.ufms.br\/files\/2025\/01\/Edital-21-2025.pdf\">Clique aqui.<\/a><\/h3>\n<\/li>\n<li>\n<h3>Inscri\u00e7\u00f5es em:\u00a0<a title=\"https:\/\/posgraduacao.ufms.br\/portal\" href=\"https:\/\/posgraduacao.ufms.br\/portal\" target=\"_blank\" rel=\"noopener\">Clique aqui.<\/a><\/h3>\n<\/li>\n<li>\n<h3>Edital de abertura<\/h3>\n<\/li>\n<\/ul>\n<a href=\"https:\/\/ppgcultcpaq.ufms.br\/files\/2025\/09\/Edital-de-abertura.pdf\" class=\"pdfemb-viewer\" style=\"\" data-width=\"max\" data-height=\"max\" data-toolbar=\"bottom\" data-toolbar-fixed=\"off\">Edital-de-abertura<\/a>\n<ul>\n<li>\n<h3>Informa\u00e7\u00f5es espec\u00edficas do Curso <span style=\"color: #ff0000\">(Retificado em 07\/02\/2025)<\/span><\/h3>\n<\/li>\n<\/ul>\n<a href=\"https:\/\/ppgcultcpaq.ufms.br\/files\/2025\/09\/Estudos-Culturais-versao-SEPOS.docx-1.pdf\" class=\"pdfemb-viewer\" style=\"\" data-width=\"max\" data-height=\"max\" data-toolbar=\"bottom\" data-toolbar-fixed=\"off\">Estudos-Culturais-versao-SEPOS.docx-1<\/a>\n","protected":false},"excerpt":{"rendered":"<p>Retifica\u00e7\u00e3o (21\/03\/2025) do Edital de Resultado Final\u00a0\u00a0Clique aqui.\u00a0NOVO! Resultado preliminar da avalia\u00e7\u00e3o da veracidade da autodeclara\u00e7\u00e3o dos candidatos pretos ou pardos e de pessoas com defici\u00eancia (PcD) Clique aqui.\u00a0 Homologa\u00e7\u00e3o do Resultado Final de Sele\u00e7\u00e3o Aluno Regular 2025.1 \u00a0Clique aqui! Retifica\u00e7\u00e3o do Edital de Resultado Final da Defesa do Pr\u00e9-Projeto Clique aqui! Resultado Final da [&hellip;]<\/p>\n","protected":false},"author":3740,"featured_media":0,"parent":0,"menu_order":0,"comment_status":"closed","ping_status":"closed","template":"","meta":{"ngg_post_thumbnail":0,"footnotes":""},"coauthors":[7],"class_list":["post-2779","page","type-page","status-publish","hentry"],"_links":{"self":[{"href":"https:\/\/ppgcultcpaq.ufms.br\/en\/wp-json\/wp\/v2\/pages\/2779","targetHints":{"allow":["GET"]}}],"collection":[{"href":"https:\/\/ppgcultcpaq.ufms.br\/en\/wp-json\/wp\/v2\/pages"}],"about":[{"href":"https:\/\/ppgcultcpaq.ufms.br\/en\/wp-json\/wp\/v2\/types\/page"}],"author":[{"embeddable":true,"href":"https:\/\/ppgcultcpaq.ufms.br\/en\/wp-json\/wp\/v2\/users\/3740"}],"replies":[{"embeddable":true,"href":"https:\/\/ppgcultcpaq.ufms.br\/en\/wp-json\/wp\/v2\/comments?post=2779"}],"version-history":[{"count":24,"href":"https:\/\/ppgcultcpaq.ufms.br\/en\/wp-json\/wp\/v2\/pages\/2779\/revisions"}],"predecessor-version":[{"id":3085,"href":"https:\/\/ppgcultcpaq.ufms.br\/en\/wp-json\/wp\/v2\/pages\/2779\/revisions\/3085"}],"wp:attachment":[{"href":"https:\/\/ppgcultcpaq.ufms.br\/en\/wp-json\/wp\/v2\/media?parent=2779"}],"wp:term":[{"taxonomy":"author","embeddable":true,"href":"https:\/\/ppgcultcpaq.ufms.br\/en\/wp-json\/wp\/v2\/coauthors?post=2779"}],"curies":[{"name":"wp","href":"https:\/\/api.w.org\/{rel}","templated":true}]}}