{"id":295,"date":"2019-09-30T08:00:09","date_gmt":"2019-09-30T12:00:09","guid":{"rendered":"https:\/\/ppgcultcpaq.ufms.br\/?page_id=295"},"modified":"2021-02-19T13:54:29","modified_gmt":"2021-02-19T17:54:29","slug":"aluno-regular-2020-1","status":"publish","type":"page","link":"https:\/\/ppgcultcpaq.ufms.br\/en\/aluno-regular-2020-1\/","title":{"rendered":"Aluno regular 2020\/1"},"content":{"rendered":"<p>Os resultados das etapas do Processo Seletivo s\u00e3o divulgados na forma de not\u00edcia na <a href=\"https:\/\/ppgcultcpaq.ufms.br\/\" target=\"_blank\" rel=\"noopener noreferrer\">p\u00e1gina inicial<\/a> do site.<\/p>\n<p>Confira o <strong>edital de abertura<\/strong>: <a href=\"https:\/\/ppgcultcpaq.ufms.br\/inscricoes-abertas-para-mestrado-em-estudos-culturais-2020\/\" target=\"_blank\" rel=\"noopener noreferrer\">clique aqui<\/a><\/p>\n<p>Baixe os <strong>anexos do edital<\/strong> em formato word (.doc): <a href=\"https:\/\/drive.google.com\/open?id=1p32cTg50zCopyAOJotekUkDnUHghflo_\" target=\"_blank\" rel=\"noopener noreferrer\">Clique aqui<\/a><\/p>\n<p>Acesse o edital em formato HTML:\u00a0<a href=\"https:\/\/drive.google.com\/open?id=1GP32mwKYpXqezbd6CVKUBLg55AJK9xmT\" target=\"_blank\" rel=\"noopener noreferrer\">Clique aqui<\/a><\/p>\n<p>Acesse o edital em LIBRAS:\u00a0<a href=\"https:\/\/youtu.be\/CKeLrOzGX5U\" target=\"_blank\" rel=\"noopener noreferrer\">Clique aqui<\/a><\/p>\n","protected":false},"excerpt":{"rendered":"<p>Os resultados das etapas do Processo Seletivo s\u00e3o divulgados na forma de not\u00edcia na p\u00e1gina inicial do site. Confira o edital de abertura: clique aqui Baixe os anexos do edital em formato word (.doc): Clique aqui Acesse o edital em formato HTML:\u00a0Clique aqui Acesse o edital em LIBRAS:\u00a0Clique aqui<\/p>\n","protected":false},"author":2904,"featured_media":0,"parent":0,"menu_order":0,"comment_status":"closed","ping_status":"closed","template":"","meta":{"ngg_post_thumbnail":0,"footnotes":""},"coauthors":[],"class_list":["post-295","page","type-page","status-publish","hentry"],"_links":{"self":[{"href":"https:\/\/ppgcultcpaq.ufms.br\/en\/wp-json\/wp\/v2\/pages\/295","targetHints":{"allow":["GET"]}}],"collection":[{"href":"https:\/\/ppgcultcpaq.ufms.br\/en\/wp-json\/wp\/v2\/pages"}],"about":[{"href":"https:\/\/ppgcultcpaq.ufms.br\/en\/wp-json\/wp\/v2\/types\/page"}],"author":[{"embeddable":true,"href":"https:\/\/ppgcultcpaq.ufms.br\/en\/wp-json\/wp\/v2\/users\/2904"}],"replies":[{"embeddable":true,"href":"https:\/\/ppgcultcpaq.ufms.br\/en\/wp-json\/wp\/v2\/comments?post=295"}],"version-history":[{"count":12,"href":"https:\/\/ppgcultcpaq.ufms.br\/en\/wp-json\/wp\/v2\/pages\/295\/revisions"}],"predecessor-version":[{"id":940,"href":"https:\/\/ppgcultcpaq.ufms.br\/en\/wp-json\/wp\/v2\/pages\/295\/revisions\/940"}],"wp:attachment":[{"href":"https:\/\/ppgcultcpaq.ufms.br\/en\/wp-json\/wp\/v2\/media?parent=295"}],"wp:term":[{"taxonomy":"author","embeddable":true,"href":"https:\/\/ppgcultcpaq.ufms.br\/en\/wp-json\/wp\/v2\/coauthors?post=295"}],"curies":[{"name":"wp","href":"https:\/\/api.w.org\/{rel}","templated":true}]}}