{"id":2975,"date":"2025-03-31T13:42:04","date_gmt":"2025-03-31T17:42:04","guid":{"rendered":"https:\/\/ppgcultcpaq.ufms.br\/?page_id=2975"},"modified":"2025-05-08T16:34:11","modified_gmt":"2025-05-08T20:34:11","slug":"planejamento-e-autoavaliacao","status":"publish","type":"page","link":"https:\/\/ppgcultcpaq.ufms.br\/en\/planejamento-e-autoavaliacao\/","title":{"rendered":"Planejamento e Autoavalia\u00e7\u00e3o"},"content":{"rendered":"<h3><span style=\"color: #993366\">Planejamento Estrat\u00e9gico<\/span><\/h3>\n<h4>Planejamento Estrat\u00e9gico 2025-2028 <a href=\"https:\/\/boletimoficial.ufms.br\/bse\/publicacao?id=554533\" target=\"_blank\" rel=\"noopener\">Clique aqui<\/a><\/h4>\n<h4>Planejamento Estrat\u00e9gico 2022-2024.\u00a0<a href=\"https:\/\/drive.google.com\/file\/d\/1ucRcFOUabMVIMCNPOTk91Bolwbiz7AYI\/view?usp=share_link\">Clique aqui<\/a><\/h4>\n<h4>Planejamento Estrat\u00e9gico 2020-2022.\u00a0<a href=\"https:\/\/ppgcultcpaq.ufms.br\/files\/2024\/09\/Planejamento-estrategico-ECT-2020-2022-1.pdf\">Clique aqui<\/a><\/h4>\n<h3><span style=\"color: #993366\">Relat\u00f3rio Final de acompanhamento da Comiss\u00e3o de Planejamento Estrat\u00e9gico e Autoavalia\u00e7\u00e3o\u00a0<\/span><\/h3>\n<p>Resolu\u00e7\u00e3o n\u00ba 1239-CAS\/CPAQ\/UFMS, de 7 de maio de 2025 <a href=\"https:\/\/drive.google.com\/file\/d\/1Bk17Ow1v_1Z4SJ8ZDt7AT7XfnJpxeC_s\/view?usp=drive_link\" target=\"_blank\" rel=\"noopener\">Clique aqui<\/a><\/p>\n<h3><span style=\"color: #993366\">Comiss\u00f5es de Planejamento e Autoavalia\u00e7\u00e3o<\/span><\/h3>\n<p>PORTARIA N\u00ba 57-CPAQ\/UFMS, DE 07 DE MAIO DE 2025\u00a0<a href=\"https:\/\/boletimoficial.ufms.br\/bse\/publicacao?id=558367\" target=\"_blank\" rel=\"noopener\">Clique aqui<\/a><\/p>\n<p>PORTARIA N\u00ba 23-CPAQ\/UFMS, DE 05 DE MAR\u00c7O DE 2025\u00a0<a title=\"https:\/\/boletimoficial.ufms.br\/bse\/publicacao?id=551136\" href=\"https:\/\/boletimoficial.ufms.br\/bse\/publicacao?id=551136\" target=\"_blank\" rel=\"noopener\">Clique aqui.<\/a><\/p>\n<p>PORTARIA N\u00ba 58-CPAQ\/UFMS, DE 18 DE ABRIL DE 2023\u00a0<a title=\"https:\/\/boletimoficial.ufms.br\/bse\/publicacao?id=486811\" href=\"https:\/\/boletimoficial.ufms.br\/bse\/publicacao?id=486811\" target=\"_blank\" rel=\"noopener\">Clique aqui.<\/a><\/p>\n","protected":false},"excerpt":{"rendered":"<p>Planejamento Estrat\u00e9gico Planejamento Estrat\u00e9gico 2025-2028 Clique aqui Planejamento Estrat\u00e9gico 2022-2024.\u00a0Clique aqui Planejamento Estrat\u00e9gico 2020-2022.\u00a0Clique aqui Relat\u00f3rio Final de acompanhamento da Comiss\u00e3o de Planejamento Estrat\u00e9gico e Autoavalia\u00e7\u00e3o\u00a0 Resolu\u00e7\u00e3o n\u00ba 1239-CAS\/CPAQ\/UFMS, de 7 de maio de 2025 Clique aqui Comiss\u00f5es de Planejamento e Autoavalia\u00e7\u00e3o PORTARIA N\u00ba 57-CPAQ\/UFMS, DE 07 DE MAIO DE 2025\u00a0Clique aqui PORTARIA N\u00ba 23-CPAQ\/UFMS, [&hellip;]<\/p>\n","protected":false},"author":3740,"featured_media":0,"parent":0,"menu_order":0,"comment_status":"closed","ping_status":"closed","template":"","meta":{"ngg_post_thumbnail":0,"footnotes":""},"coauthors":[7],"class_list":["post-2975","page","type-page","status-publish","hentry"],"_links":{"self":[{"href":"https:\/\/ppgcultcpaq.ufms.br\/en\/wp-json\/wp\/v2\/pages\/2975","targetHints":{"allow":["GET"]}}],"collection":[{"href":"https:\/\/ppgcultcpaq.ufms.br\/en\/wp-json\/wp\/v2\/pages"}],"about":[{"href":"https:\/\/ppgcultcpaq.ufms.br\/en\/wp-json\/wp\/v2\/types\/page"}],"author":[{"embeddable":true,"href":"https:\/\/ppgcultcpaq.ufms.br\/en\/wp-json\/wp\/v2\/users\/3740"}],"replies":[{"embeddable":true,"href":"https:\/\/ppgcultcpaq.ufms.br\/en\/wp-json\/wp\/v2\/comments?post=2975"}],"version-history":[{"count":6,"href":"https:\/\/ppgcultcpaq.ufms.br\/en\/wp-json\/wp\/v2\/pages\/2975\/revisions"}],"predecessor-version":[{"id":3020,"href":"https:\/\/ppgcultcpaq.ufms.br\/en\/wp-json\/wp\/v2\/pages\/2975\/revisions\/3020"}],"wp:attachment":[{"href":"https:\/\/ppgcultcpaq.ufms.br\/en\/wp-json\/wp\/v2\/media?parent=2975"}],"wp:term":[{"taxonomy":"author","embeddable":true,"href":"https:\/\/ppgcultcpaq.ufms.br\/en\/wp-json\/wp\/v2\/coauthors?post=2975"}],"curies":[{"name":"wp","href":"https:\/\/api.w.org\/{rel}","templated":true}]}}