{"id":2980,"date":"2025-04-01T22:07:16","date_gmt":"2025-04-02T02:07:16","guid":{"rendered":"https:\/\/ppgcultcpaq.ufms.br\/?page_id=2980"},"modified":"2025-11-06T18:42:18","modified_gmt":"2025-11-06T22:42:18","slug":"informacoes-academicas-portal-da-pos-graduacao","status":"publish","type":"page","link":"https:\/\/ppgcultcpaq.ufms.br\/en\/informacoes-academicas-portal-da-pos-graduacao\/","title":{"rendered":"Portal da P\u00f3s-Gradua\u00e7\u00e3o"},"content":{"rendered":"<p>Estudante, para ter acesso a suas informa\u00e7\u00f5es acad\u00eamicas, matr\u00edculas, hist\u00f3rico escolar, atestado de matr\u00edcula, v\u00ednculos com cursos acesse o Portal da P\u00f3s-Gradua\u00e7\u00e3o (<a title=\"https:\/\/posgraduacao.ufms.br\/portal\" href=\"https:\/\/posgraduacao.ufms.br\/portal\" target=\"_blank\" rel=\"noopener\">https:\/\/posgraduacao.ufms.br\/portal)<\/a><\/p>\n<p><a href=\"http:\/\/https\/\/posgraduacao.ufms.br\/portal\" target=\"_blank\" rel=\"noopener\"><img fetchpriority=\"high\" decoding=\"async\" class=\"aligncenter wp-image-3261\" src=\"https:\/\/ppggeografiacpaq.ufms.br\/files\/2025\/04\/download.jpg\" alt=\"\" width=\"332\" height=\"203\" \/><\/a><\/p>\n","protected":false},"excerpt":{"rendered":"<p>Estudante, para ter acesso a suas informa\u00e7\u00f5es acad\u00eamicas, matr\u00edculas, hist\u00f3rico escolar, atestado de matr\u00edcula, v\u00ednculos com cursos acesse o Portal da P\u00f3s-Gradua\u00e7\u00e3o (https:\/\/posgraduacao.ufms.br\/portal)<\/p>\n","protected":false},"author":3740,"featured_media":0,"parent":0,"menu_order":0,"comment_status":"closed","ping_status":"closed","template":"","meta":{"ngg_post_thumbnail":0,"footnotes":""},"coauthors":[7],"class_list":["post-2980","page","type-page","status-publish","hentry"],"_links":{"self":[{"href":"https:\/\/ppgcultcpaq.ufms.br\/en\/wp-json\/wp\/v2\/pages\/2980","targetHints":{"allow":["GET"]}}],"collection":[{"href":"https:\/\/ppgcultcpaq.ufms.br\/en\/wp-json\/wp\/v2\/pages"}],"about":[{"href":"https:\/\/ppgcultcpaq.ufms.br\/en\/wp-json\/wp\/v2\/types\/page"}],"author":[{"embeddable":true,"href":"https:\/\/ppgcultcpaq.ufms.br\/en\/wp-json\/wp\/v2\/users\/3740"}],"replies":[{"embeddable":true,"href":"https:\/\/ppgcultcpaq.ufms.br\/en\/wp-json\/wp\/v2\/comments?post=2980"}],"version-history":[{"count":3,"href":"https:\/\/ppgcultcpaq.ufms.br\/en\/wp-json\/wp\/v2\/pages\/2980\/revisions"}],"predecessor-version":[{"id":3118,"href":"https:\/\/ppgcultcpaq.ufms.br\/en\/wp-json\/wp\/v2\/pages\/2980\/revisions\/3118"}],"wp:attachment":[{"href":"https:\/\/ppgcultcpaq.ufms.br\/en\/wp-json\/wp\/v2\/media?parent=2980"}],"wp:term":[{"taxonomy":"author","embeddable":true,"href":"https:\/\/ppgcultcpaq.ufms.br\/en\/wp-json\/wp\/v2\/coauthors?post=2980"}],"curies":[{"name":"wp","href":"https:\/\/api.w.org\/{rel}","templated":true}]}}