{"id":3103,"date":"2025-11-06T08:29:38","date_gmt":"2025-11-06T12:29:38","guid":{"rendered":"https:\/\/ppgcultcpaq.ufms.br\/?page_id=3103"},"modified":"2026-02-02T17:11:13","modified_gmt":"2026-02-02T21:11:13","slug":"aluno-regular-2026-1","status":"publish","type":"page","link":"https:\/\/ppgcultcpaq.ufms.br\/en\/aluno-regular-2026-1\/","title":{"rendered":"Aluno Regular 2026\/1"},"content":{"rendered":"<p><span style=\"font-size: 14pt\"><strong>Edital de Abertura- <a href=\"https:\/\/drive.google.com\/file\/d\/1PMFD6UN9bnldd4a33E3-84M1VBYmqpSb\/view?usp=sharing\">Edital PROPP-UFMS, n\u00ba 352\/2025<\/a><\/strong><\/span><\/p>\n<p><span style=\"font-size: 14pt\"><strong>Informa\u00e7\u00f5es Espec\u00edficas do Curso- <a href=\"https:\/\/drive.google.com\/file\/d\/16ygRQykD61OnN4EcFDLciN0zATSMWc1T\/view?usp=sharing\">Anexo V<\/a> (Edital Propp-UFMS, n\u00ba 352\/2025)<\/strong><\/span><\/p>\n<p><span style=\"font-size: 14pt\"><strong>Inscri\u00e7\u00f5es:<\/strong> <strong><a href=\"https:\/\/posgraduacao.ufms.br\/portal\">clique aqui<\/a>.<\/strong><\/span><\/p>\n<p><span style=\"font-size: 14pt\"><strong>Orienta\u00e7\u00f5es para elabora\u00e7\u00e3o do Pr\u00e9-projeto: <a href=\"https:\/\/drive.google.com\/file\/d\/1iiFcK1BeAMf8LlKFuF9vGC7y8FY3W7tg\/view?usp=sharing\">clique aqui<\/a>.<\/strong><\/span><\/p>\n<p><span style=\"font-size: 14pt\"><strong>Tabela de Pontua\u00e7\u00e3o do Curr\u00edculo: <a href=\"https:\/\/docs.google.com\/document\/d\/14vayaz8QQguVeLdfv2gXAFsYay0af_fQ\/edit?usp=sharing&amp;ouid=107647770689202858260&amp;rtpof=true&amp;sd=true\">clique aqui<\/a>.<\/strong><\/span><\/p>\n<p><span style=\"font-size: 14pt\"><strong>Auto declara\u00e7\u00e3o de que n\u00e3o h\u00e1 curr\u00edculo a ser pontuado: <a href=\"https:\/\/docs.google.com\/document\/d\/1ES12W71q0aJvlSx3wS9ggWJWy7o2-EH9\/edit?usp=sharing&amp;ouid=107647770689202858260&amp;rtpof=true&amp;sd=true\">clique aqui<\/a>.<\/strong><\/span><\/p>\n<p><span style=\"font-size: 14pt\"><strong>Resultado preliminar dos candidatos inscritos: <a href=\"https:\/\/drive.google.com\/file\/d\/1fz0rhQvKCLcRRhxBavnna-vDwrBbMvqz\/view?usp=sharing\">clique aqui<\/a>.<\/strong><\/span><\/p>\n<p><strong><span style=\"font-size: 14pt\">Retifica\u00e7\u00e3o do Resultado preliminar dos candidatos inscritos: <a href=\"https:\/\/drive.google.com\/file\/d\/1iTmrMvf81G8H-Pn45mbkYrxo8JgAn4rO\/view?usp=sharing\">clique aqui<\/a>.<\/span><\/strong><\/p>\n<p><strong><span style=\"font-size: 14pt\">Resultado dos Recursos Administrativos das Inscri\u00e7\u00f5es e Homologa\u00e7\u00e3o das Inscri\u00e7\u00f5es: <a href=\"https:\/\/drive.google.com\/file\/d\/1jug_ITZxm25-JcOFeV5EWHMIGI2xCsJj\/view?usp=sharing\">clique aqui<\/a>.<\/span><\/strong><\/p>\n<p><span style=\"font-size: 14pt\"><strong>Data de Defesa do Pr\u00e9-Projeto &#8211; Estudos Culturais: <a href=\"https:\/\/drive.google.com\/file\/d\/16qT83xGYJhIPoMb5RF9nEYj-lFAilht2\/view?usp=sharing\">clique aqui<\/a>.<\/strong><\/span><\/p>\n<p><span style=\"font-size: 14pt\"><strong>Resultado Preliminar da Defesa do Pr\u00e9-Projeto: <a href=\"https:\/\/drive.google.com\/file\/d\/1JKylIM8ipMnUqgkVZi2oFfrW6TI32cni\/view?usp=sharing\">clique aqui<\/a>.<span style=\"color: #ff0000\">\u00a0<\/span><\/strong><\/span><\/p>\n<p><span style=\"font-size: 14pt\"><strong><b>Resultado Final da<\/b>\u00a0<b>An\u00e1lise de Pr\u00e9-Projeto\/Defesa de Pr\u00e9-Projeto<\/b>\u00a0<b>e Nota da Etapa da An\u00e1lise de M\u00e9rito<\/b>\u00a0e\u00a0<b>Resultado dos Recursos<\/b>: <a href=\"https:\/\/drive.google.com\/file\/d\/1WxyWnWqDFHZlJLTewlYHro33SF-Y4TM6\/view?usp=sharing\">clique aqui<\/a>.<\/strong><\/span><\/p>\n<p><span style=\"font-size: 14pt\"><strong><b>Resultado Preliminar da An\u00e1lise de Curr\u00edculo, Nota da An\u00e1lise de Curr\u00edculo e Pontua\u00e7\u00e3o Final<\/b>: <a href=\"https:\/\/drive.google.com\/file\/d\/14y2Vho2Jlv-7xLorruz2HXM0FP1buoQr\/view?usp=sharing\">clique aqui<\/a>.<span style=\"color: #ff0000\">\u00a0<\/span><\/strong><\/span><\/p>\n<p><span style=\"font-size: 14pt\"><strong><b>Resultado Final da An\u00e1lise de Curr\u00edculo, Nota da An\u00e1lise de Curr\u00edculo e Pontua\u00e7\u00e3o Final, <\/b>e\u00a0<b>Resultado dos Recursos:<\/b> <a href=\"https:\/\/drive.google.com\/file\/d\/1x8_0LfaSn586qDPovJUVFmeVD4295NUK\/view?usp=drivesdk\">clique aqui<\/a>.\u00a0<\/strong><\/span><\/p>\n<p><span style=\"font-size: 14pt\"><strong><span style=\"color: #ff0000\">Data e Orienta\u00e7\u00f5es para realiza\u00e7\u00e3o da Prova de L\u00ednguas<\/span>: <a href=\"https:\/\/drive.google.com\/file\/d\/1yKsMkR7dfoIyRGNVCHujU6wd2ozW4FKP\/view?usp=sharing\">clique aqui.<\/a><\/p>\n<p><\/strong><\/span><\/p>\n<p><span style=\"font-size: 14pt\"><strong>Homologa\u00e7\u00e3o do Resultado Final de Sele\u00e7\u00e3o: clique aqui.<\/strong><\/span><\/p>\n","protected":false},"excerpt":{"rendered":"<p>Edital de Abertura- Edital PROPP-UFMS, n\u00ba 352\/2025 Informa\u00e7\u00f5es Espec\u00edficas do Curso- Anexo V (Edital Propp-UFMS, n\u00ba 352\/2025) Inscri\u00e7\u00f5es: clique aqui. Orienta\u00e7\u00f5es para elabora\u00e7\u00e3o do Pr\u00e9-projeto: clique aqui. Tabela de Pontua\u00e7\u00e3o do Curr\u00edculo: clique aqui. Auto declara\u00e7\u00e3o de que n\u00e3o h\u00e1 curr\u00edculo a ser pontuado: clique aqui. Resultado preliminar dos candidatos inscritos: clique aqui. Retifica\u00e7\u00e3o do [&hellip;]<\/p>\n","protected":false},"author":3740,"featured_media":0,"parent":0,"menu_order":0,"comment_status":"closed","ping_status":"closed","template":"","meta":{"ngg_post_thumbnail":0,"footnotes":""},"coauthors":[7],"class_list":["post-3103","page","type-page","status-publish","hentry"],"_links":{"self":[{"href":"https:\/\/ppgcultcpaq.ufms.br\/en\/wp-json\/wp\/v2\/pages\/3103","targetHints":{"allow":["GET"]}}],"collection":[{"href":"https:\/\/ppgcultcpaq.ufms.br\/en\/wp-json\/wp\/v2\/pages"}],"about":[{"href":"https:\/\/ppgcultcpaq.ufms.br\/en\/wp-json\/wp\/v2\/types\/page"}],"author":[{"embeddable":true,"href":"https:\/\/ppgcultcpaq.ufms.br\/en\/wp-json\/wp\/v2\/users\/3740"}],"replies":[{"embeddable":true,"href":"https:\/\/ppgcultcpaq.ufms.br\/en\/wp-json\/wp\/v2\/comments?post=3103"}],"version-history":[{"count":28,"href":"https:\/\/ppgcultcpaq.ufms.br\/en\/wp-json\/wp\/v2\/pages\/3103\/revisions"}],"predecessor-version":[{"id":3179,"href":"https:\/\/ppgcultcpaq.ufms.br\/en\/wp-json\/wp\/v2\/pages\/3103\/revisions\/3179"}],"wp:attachment":[{"href":"https:\/\/ppgcultcpaq.ufms.br\/en\/wp-json\/wp\/v2\/media?parent=3103"}],"wp:term":[{"taxonomy":"author","embeddable":true,"href":"https:\/\/ppgcultcpaq.ufms.br\/en\/wp-json\/wp\/v2\/coauthors?post=3103"}],"curies":[{"name":"wp","href":"https:\/\/api.w.org\/{rel}","templated":true}]}}