{"id":425,"date":"2020-01-28T13:58:57","date_gmt":"2020-01-28T17:58:57","guid":{"rendered":"https:\/\/ppgcultcpaq.ufms.br\/?page_id=425"},"modified":"2026-02-09T15:55:11","modified_gmt":"2026-02-09T19:55:11","slug":"aluno-especial-2","status":"publish","type":"page","link":"https:\/\/ppgcultcpaq.ufms.br\/en\/aluno-especial-2\/","title":{"rendered":"Aluno Especial"},"content":{"rendered":"<p>Os resultados das etapas do Processo Seletivo s\u00e3o divulgados na forma de not\u00edcia na <a href=\"https:\/\/ppgcultcpaq.ufms.br\/\" target=\"_blank\" rel=\"noopener noreferrer\">p\u00e1gina inicial<\/a> do site.<\/p>\n<p>Processo Seletivo Aluno Especial 2026.1: <a href=\"https:\/\/drive.google.com\/file\/d\/1hexHG9kotr44k_kCFff0P2JABonUp2LT\/view?usp=sharing\">Clique aqui<\/a>.<\/p>\n<p>Processo Seletivo Aluno Especial 2025.2: <a href=\"https:\/\/drive.google.com\/file\/d\/1uuzkzaa5pIJx7u9Vc7HHcqegTMvdBz-E\/view?usp=sharing\">Clique aqui.<\/a><\/p>\n<p>Processo Seletivo Aluno Especial 2025.1:\u00a0<a title=\"https:\/\/ppgcultcpaq.ufms.br\/edital-de-abertura-para-selecao-de-candidatos-a-alunos-especiais-em-disciplinas-do-curso-de-mestrado\/\" href=\"https:\/\/ppgcultcpaq.ufms.br\/edital-de-abertura-para-selecao-de-candidatos-a-alunos-especiais-em-disciplinas-do-curso-de-mestrado\/\" target=\"_blank\" rel=\"noopener\">Clique aqui.<\/a><\/p>\n<p>Processo Seletivo Aluno Especial 2024.2: <a title=\"https:\/\/ppgcultcpaq.ufms.br\/processo-seletivo-para-aluno-especial-2024-2\/\" href=\"https:\/\/ppgcultcpaq.ufms.br\/processo-seletivo-para-aluno-especial-2024-2\/\" target=\"_blank\" rel=\"noopener\">Clique aqui.<\/a><\/p>\n<p>Processo Seletivo Aluno Especial 2024.1: <a title=\"https:\/\/ppgcultcpaq.ufms.br\/processo-seletivo-para-aluno-especial-2024-1\/\" href=\"https:\/\/ppgcultcpaq.ufms.br\/processo-seletivo-para-aluno-especial-2024-1\/\" target=\"_blank\" rel=\"noopener\">Clique aqui.<\/a><\/p>\n<p>Processo Seletivo Aluno Especial 2023.2: <a href=\"https:\/\/ppgcultcpaq.ufms.br\/2298-2\/\" target=\"_blank\" rel=\"noopener\">Clique aqui.<\/a><\/p>\n<p>Processo Seletivo Aluno Especial 2023.1:\u00a0<a href=\"https:\/\/ppgcultcpaq.ufms.br\/abertas-as-inscricao-no-processo-seletivo-para-aluno-especial-2023-1\/\" target=\"_blank\" rel=\"noopener\">Clique aqui.<\/a><\/p>\n<p>Processo Seletivo Aluno Especial 2022.2: <a href=\"https:\/\/ppgcultcpaq.ufms.br\/mestrado-em-estudos-culturais-divulga-edital-para-selecao-de-alunos-especiais-em-2022-2\/\" target=\"_blank\" rel=\"noopener\">Clique aqui.<\/a><\/p>\n<p>Processo Seletivo Aluno Especial 2022.1:\u00a0<a href=\"https:\/\/ppgcultcpaq.ufms.br\/mestrado-em-estudos-culturais-divulga-edital-para-aluno-especial-2022-1\/\" target=\"_blank\" rel=\"noopener\">Clique aqui.<\/a><\/p>\n<p>Processo Seletivo Aluno Especial 2021.2:\u00a0<a href=\"https:\/\/ppgcultcpaq.ufms.br\/mestrado-em-estudos-culturais-divulga-edital-para-selecao-de-alunos-especial-2021-2\/\" target=\"_blank\" rel=\"noopener noreferrer\">Clique aqui.<\/a><\/p>\n<p>Processo Seletivo Aluno Especial 2021.1: <a href=\"https:\/\/ppgcultcpaq.ufms.br\/divulgado-edital-para-aluno-especial-2021-1-ppgcult-cpaq\/\" target=\"_blank\" rel=\"noopener noreferrer\">Clique aqui.<\/a><\/p>\n<p>Processo Seletivo Aluno Especial 2020.2: <a href=\"https:\/\/ppgcultcpaq.ufms.br\/divulgado-edital-para-aluno-especial-2020-1-ppgcult-cpaq\/\" target=\"_blank\" rel=\"noopener noreferrer\">Clique aqui.<\/a><\/p>\n<p>Processo Seletivo Aluno Especial 2020.1: <a href=\"https:\/\/ppgcultcpaq.ufms.br\/divulgado-edital-para-aluno-especial-2020-1-ppgcult\/\" target=\"_blank\" rel=\"noopener noreferrer\">Clique aqui<\/a><\/p>\n<p>Processo Seletivo Aluno Especial 2019.2: <a href=\"https:\/\/ppgcultcpaq.ufms.br\/176-2\/\" target=\"_blank\" rel=\"noopener noreferrer\">Clique aqui<\/a><\/p>\n<p>Processo Seletivo Aluno Especial 2019.1: <a href=\"https:\/\/ppgcultcpaq.ufms.br\/mestrado-em-estudos-culturais-disponibiliza-15-vagas-para-aluno-especial\/\" target=\"_blank\" rel=\"noopener noreferrer\">Clique aqui<\/a><\/p>\n","protected":false},"excerpt":{"rendered":"<p>Os resultados das etapas do Processo Seletivo s\u00e3o divulgados na forma de not\u00edcia na p\u00e1gina inicial do site. Processo Seletivo Aluno Especial 2026.1: Clique aqui. Processo Seletivo Aluno Especial 2025.2: Clique aqui. Processo Seletivo Aluno Especial 2025.1:\u00a0Clique aqui. Processo Seletivo Aluno Especial 2024.2: Clique aqui. Processo Seletivo Aluno Especial 2024.1: Clique aqui. Processo Seletivo Aluno [&hellip;]<\/p>\n","protected":false},"author":3740,"featured_media":0,"parent":0,"menu_order":0,"comment_status":"closed","ping_status":"closed","template":"","meta":{"ngg_post_thumbnail":0,"footnotes":""},"coauthors":[7],"class_list":["post-425","page","type-page","status-publish","hentry"],"_links":{"self":[{"href":"https:\/\/ppgcultcpaq.ufms.br\/en\/wp-json\/wp\/v2\/pages\/425","targetHints":{"allow":["GET"]}}],"collection":[{"href":"https:\/\/ppgcultcpaq.ufms.br\/en\/wp-json\/wp\/v2\/pages"}],"about":[{"href":"https:\/\/ppgcultcpaq.ufms.br\/en\/wp-json\/wp\/v2\/types\/page"}],"author":[{"embeddable":true,"href":"https:\/\/ppgcultcpaq.ufms.br\/en\/wp-json\/wp\/v2\/users\/3740"}],"replies":[{"embeddable":true,"href":"https:\/\/ppgcultcpaq.ufms.br\/en\/wp-json\/wp\/v2\/comments?post=425"}],"version-history":[{"count":21,"href":"https:\/\/ppgcultcpaq.ufms.br\/en\/wp-json\/wp\/v2\/pages\/425\/revisions"}],"predecessor-version":[{"id":3183,"href":"https:\/\/ppgcultcpaq.ufms.br\/en\/wp-json\/wp\/v2\/pages\/425\/revisions\/3183"}],"wp:attachment":[{"href":"https:\/\/ppgcultcpaq.ufms.br\/en\/wp-json\/wp\/v2\/media?parent=425"}],"wp:term":[{"taxonomy":"author","embeddable":true,"href":"https:\/\/ppgcultcpaq.ufms.br\/en\/wp-json\/wp\/v2\/coauthors?post=425"}],"curies":[{"name":"wp","href":"https:\/\/api.w.org\/{rel}","templated":true}]}}