{"id":429,"date":"2020-01-28T14:06:05","date_gmt":"2020-01-28T18:06:05","guid":{"rendered":"https:\/\/ppgcultcpaq.ufms.br\/?page_id=429"},"modified":"2023-03-17T09:49:36","modified_gmt":"2023-03-17T13:49:36","slug":"pos-doutorado","status":"publish","type":"page","link":"https:\/\/ppgcultcpaq.ufms.br\/en\/pos-doutorado\/","title":{"rendered":"P\u00f3s-Doutorado"},"content":{"rendered":"<p>As normas e formul\u00e1rios referentes ao Est\u00e1gio de P\u00f3s-Doutorado podem ser acessados no link\u00a0<a href=\"https:\/\/ppgcultcpaq.ufms.br\/documentos\/\" target=\"_blank\" rel=\"noopener noreferrer\">(Clique aqui).<\/a><\/p>\n<p>&nbsp;<\/p>\n<p>Processo Seletivo P\u00f3s-Doutorado 2023 &#8211; Fluxo Cont\u00ednuo: <a href=\"https:\/\/boletimoficial.ufms.br\/bse\/publicacao?id=482635\">Clique aqui<\/a><\/p>\n<p>Processo Seletivo P\u00f3s-Doutorado 2022 &#8211; Fluxo Cont\u00ednuo:\u00a0<a href=\"https:\/\/www.ufms.br\/inscricoes-abertas-para-selecao-de-candidatos-para-estagio-de-pos-doutorado-voluntario\/\" target=\"_blank\" rel=\"noopener\">Clique aqui.<\/a><\/p>\n<p>Processo Seletivo P\u00f3s-Doutorado 2021: <a href=\"https:\/\/ppgcultcpaq.ufms.br\/divulgado-edital-de-selecao-2021-fluxo-continuo-para-estagio-de-pos-doutorado-ppgcult-cpaq\/\" target=\"_blank\" rel=\"noopener noreferrer\">Clique aqui.<\/a><\/p>\n<p>Processo Seletivo P\u00f3s-Doutorado 2020.1:\u00a0<a href=\"https:\/\/ppgcultcpaq.ufms.br\/divulgado-edital-do-processo-seletivo-para-estagio-de-pos-doutorado-ppgcult-cpaq\/\" target=\"_blank\" rel=\"noopener noreferrer\">Clique aqui<\/a><\/p>\n","protected":false},"excerpt":{"rendered":"<p>As normas e formul\u00e1rios referentes ao Est\u00e1gio de P\u00f3s-Doutorado podem ser acessados no link\u00a0(Clique aqui). &nbsp; Processo Seletivo P\u00f3s-Doutorado 2023 &#8211; Fluxo Cont\u00ednuo: Clique aqui Processo Seletivo P\u00f3s-Doutorado 2022 &#8211; Fluxo Cont\u00ednuo:\u00a0Clique aqui. Processo Seletivo P\u00f3s-Doutorado 2021: Clique aqui. Processo Seletivo P\u00f3s-Doutorado 2020.1:\u00a0Clique aqui<\/p>\n","protected":false},"author":3740,"featured_media":0,"parent":0,"menu_order":0,"comment_status":"closed","ping_status":"closed","template":"","meta":{"ngg_post_thumbnail":0,"footnotes":""},"coauthors":[],"class_list":["post-429","page","type-page","status-publish","hentry"],"_links":{"self":[{"href":"https:\/\/ppgcultcpaq.ufms.br\/en\/wp-json\/wp\/v2\/pages\/429","targetHints":{"allow":["GET"]}}],"collection":[{"href":"https:\/\/ppgcultcpaq.ufms.br\/en\/wp-json\/wp\/v2\/pages"}],"about":[{"href":"https:\/\/ppgcultcpaq.ufms.br\/en\/wp-json\/wp\/v2\/types\/page"}],"author":[{"embeddable":true,"href":"https:\/\/ppgcultcpaq.ufms.br\/en\/wp-json\/wp\/v2\/users\/3740"}],"replies":[{"embeddable":true,"href":"https:\/\/ppgcultcpaq.ufms.br\/en\/wp-json\/wp\/v2\/comments?post=429"}],"version-history":[{"count":12,"href":"https:\/\/ppgcultcpaq.ufms.br\/en\/wp-json\/wp\/v2\/pages\/429\/revisions"}],"predecessor-version":[{"id":2081,"href":"https:\/\/ppgcultcpaq.ufms.br\/en\/wp-json\/wp\/v2\/pages\/429\/revisions\/2081"}],"wp:attachment":[{"href":"https:\/\/ppgcultcpaq.ufms.br\/en\/wp-json\/wp\/v2\/media?parent=429"}],"wp:term":[{"taxonomy":"author","embeddable":true,"href":"https:\/\/ppgcultcpaq.ufms.br\/en\/wp-json\/wp\/v2\/coauthors?post=429"}],"curies":[{"name":"wp","href":"https:\/\/api.w.org\/{rel}","templated":true}]}}