{"id":82,"date":"2019-06-19T08:32:46","date_gmt":"2019-06-19T12:32:46","guid":{"rendered":"https:\/\/ppgcultcpaq.ufms.br\/?page_id=82"},"modified":"2025-11-06T18:41:36","modified_gmt":"2025-11-06T22:41:36","slug":"apresentacao","status":"publish","type":"page","link":"https:\/\/ppgcultcpaq.ufms.br\/en\/apresentacao\/","title":{"rendered":"Sobre o Programa"},"content":{"rendered":"<h3><span style=\"color: #993300\">Apresenta\u00e7\u00e3o<\/span><\/h3>\n<p>O <strong>Programa de P\u00f3s-Gradua\u00e7\u00e3o em Estudos Culturais<\/strong> do Campus de Aquidauana da Universidade Federal de Mato Grosso do Sul iniciou suas atividades em 16 de maio de 2019. Ele \u00e9 um programa Acad\u00eamico e Interdisciplinar. Nestes seis anos passaram pelo Curso de Mestrado em Estudos Culturais cerca de <strong>350<\/strong> pessoas, entre alunas e alunos regulares, alunas e alunos especiais, pessoas de outros programas cursando as disciplinas oferecidas no curso. S\u00e3o cerca de <strong>80<\/strong> disserta\u00e7\u00f5es defendidas neste per\u00edodo, contribuindo para a elabora\u00e7\u00e3o e circula\u00e7\u00e3o de conhecimento.<\/p>\n<p>Temos recebido pessoas de todas as regi\u00f5es de Mato Grosso do Sul e de outros estados do Brasil. Em Mato Grosso do Sul, pessoas de Amaba\u00ed, Anast\u00e1cio, Ang\u00e9lica, Aquidauana, Bela Vista, Bodoquena, Bonito, Caarap\u00f3, Campo Grande, Chapad\u00e3o do Sul, Corumb\u00e1, Coxim, Dois Irm\u00e3os do Buriti, Dourados, Guia Lopes da Laguna, Jardim, Lad\u00e1rio, Miranda, Mundo Novo, Nioaque, Nova Andradina, Palmeiras &#8211; Dois Irm\u00e3os do Buriti, Ponta Por\u00e3, Porto Murtinho, Ribas do Rio Pardo, Tacuru, Tr\u00eas Lagoas, TI Ipegue \u2013 Aquidauana, TI Lim\u00e3o Verde \u2013 Aquidauana, Aldeia Aldeinha \u2013 Anast\u00e1cio, Aldeia Alves de Barros &#8211; Porto Murtinho, Aldeia P\u00edlad Rebu\u00e1 \u2013 Miranda. De outros estados, pessoas de Aparecida de Goi\u00e2nia \u2013 GO, Aragua\u00edna \u2013 TO, Araruna \u2013 PB, C\u00e1ceres \u2013 MT, Campinas \u2013 SP, Curitiba \u2013 PR, Guararema \u2013 SP, Ilha Solteira \u2013 SP, Itaquaquecetuba \u2013 SP, Jata\u00ed \u2013 GO, Ji-Paran\u00e1 \u2013 RO, Livramento de Nossa Senhora \u2013 BA, Manaus \u2013 AM, Paranava\u00ed \u2013 PR, Parna\u00edba \u2013 PI, Patroc\u00ednio \u2013 MG, Poxor\u00e9u \u2013 MT, Rio de Janeiro \u2013 RJ, Rondon\u00f3polis \u2013 MT, Rosana \u2013 SP, Santa Terezinha \u2013 PE, Santar\u00e9m \u2013 PA, S\u00e3o Francisco do Sul \u2013 SC, S\u00e3o Jos\u00e9 do Rio Preto \u2013 SP, S\u00e3o Lu\u00eds \u2013 MA, Tabira \u2013 PE, Trindade \u2013 GO, Uberl\u00e2ndia \u2013 MG, Votorantim \u2013 SP. Isso demonstra a alta capilaridade que o programa tem conseguido nestes seus ainda poucos anos de exist\u00eancia.<img fetchpriority=\"high\" decoding=\"async\" class=\" wp-image-3023 aligncenter\" src=\"https:\/\/ppgcultcpaq.ufms.br\/files\/2025\/05\/WhatsApp-Image-2025-05-09-at-14.54.08-300x151.jpeg\" alt=\"\" width=\"464\" height=\"233\" srcset=\"https:\/\/ppgcultcpaq.ufms.br\/files\/2025\/05\/WhatsApp-Image-2025-05-09-at-14.54.08-300x151.jpeg 300w, https:\/\/ppgcultcpaq.ufms.br\/files\/2025\/05\/WhatsApp-Image-2025-05-09-at-14.54.08-768x386.jpeg 768w, https:\/\/ppgcultcpaq.ufms.br\/files\/2025\/05\/WhatsApp-Image-2025-05-09-at-14.54.08-637x320.jpeg 637w, https:\/\/ppgcultcpaq.ufms.br\/files\/2025\/05\/WhatsApp-Image-2025-05-09-at-14.54.08.jpeg 997w\" sizes=\"(max-width: 464px) 100vw, 464px\" \/><\/p>\n<p>O <strong>Programa de P\u00f3s-Gradua\u00e7\u00e3o em Estudos Culturais<\/strong> do Campus de Aquidauana da Universidade Federal de Mato Grosso do Sul (C\u00f3digo Capes 51001012178M8) est\u00e1 inserido na <strong>\u00c1rea<\/strong> de Avalia\u00e7\u00e3o e Conhecimento <strong>Interdisciplinar<\/strong> da Coordena\u00e7\u00e3o de Aperfei\u00e7oamento de Pessoal de N\u00edvel Superior (c\u00f3digo 90100000), em sua <strong>C\u00e2mara II \u2013 Sociais, Culturas e Humanidades<\/strong> (c\u00f3digo 90192000).<\/p>\n<h3><span style=\"color: #993300\"><strong>Quanto \u00e0 \u00c1rea de Concentra\u00e7\u00e3o: Estudos Culturais<\/strong><\/span><\/h3>\n<p>Os Estudos Culturais s\u00e3o caracterizados pelo enfoque plural do conhecimento, manifestando-se interdisciplinarmente e propiciando a reuni\u00e3o de pesquisadora e pesquisadores das distintas \u00e1reas das Ci\u00eancias Sociais e Humanas, das Linguagens e da Educa\u00e7\u00e3o, tomando as pr\u00e1ticas socioculturais das diferen\u00e7as, a diversidade de saberes, a produ\u00e7\u00e3o material e imaterial dos sujeitos sociais, a elabora\u00e7\u00e3o, a circula\u00e7\u00e3o e a apropria\u00e7\u00e3o dos bens materiais e imateriais, e as rela\u00e7\u00f5es de poder expressas nestes processos como objetos de an\u00e1lise, elaborando um conhecimento de fronteira que. Os Estudos Culturais visam, assim, fomentar a reflex\u00e3o sobre a produ\u00e7\u00e3o do conhecimento acad\u00eamico-cient\u00edfico, seu estatuto e as intersec\u00e7\u00f5es, os embates, as tens\u00f5es, as negocia\u00e7\u00f5es e aproxima\u00e7\u00f5es que estabelece com os saberes tradicionais e os saberes emergentes, assim como as tens\u00f5es e embates entre as contra hegemonias e as hegemonias.<\/p>\n<h3><\/h3>\n<h3><span style=\"color: #993300\">Linhas de pesquisa<\/span><\/h3>\n<p><strong>DIFEREN\u00c7AS &amp; ALTERIDADES<\/strong>: A linha de pesquisa agrega estudos inter e transdisciplinares acerca das pr\u00e1ticas socioculturais das diferen\u00e7as, uma vez que nelas se busca compreender o complexo tensionamento nas rela\u00e7\u00f5es sociais entre os grupos marcados por sua distin\u00e7\u00e3o, diversidade e diferen\u00e7a, suas resist\u00eancias e pr\u00e1ticas de luta, da produ\u00e7\u00e3o\/dilui\u00e7\u00e3o de identidades, aspectos necess\u00e1rios para compreens\u00e3o da sociedade local-global contempor\u00e2nea.<\/p>\n<p>Docentes pertencentes \u00e0 linha de pesquisa: Aguinaldo Rodrigues Gomes;\u00a0Alcides Freire Ramos;\u00a0Guilherme Rodrigues Passamani; I\u00e1ra Quelho de Castro; Marcelo Victor da Rosa; Miguel Rodrigues de Sousa Neto; Murilo Sebe Bon Meihy; Marina Brasiliano Salerno; e Vera L\u00facia Ferreira Vargas.<\/p>\n<p><strong>SUJEITOS &amp; LINGUAGENS<\/strong>:\u00a0A linha de pesquisa considera as dimens\u00f5es culturais, pol\u00edticas, econ\u00f4micas e discursivas que envolvem os sujeitos e seus saberes em rela\u00e7\u00e3o a suas regi\u00f5es, espa\u00e7os, lugares e n\u00e3o-lugares, e tr\u00e2nsitos. Interessa pensar interdisciplinarmente os sujeitos, constitu\u00eddos no bojo dos processos interacionais e dial\u00f3gicos, bem como seus produtos simb\u00f3licos e n\u00e3o-simb\u00f3licos, nos interconectados momentos de produ\u00e7\u00e3o, circula\u00e7\u00e3o e consumo, al\u00e9m de sempre situados na esfera da cultura e em rela\u00e7\u00e3o\u00a0\u00e0 pluralidade cultural nacional.<\/p>\n<p>Docentes pertencentes \u00e0 linha de pesquisa: Ana Paula Squinelo; Ant\u00f4nio Firmino de Oliveira Neto; F\u00e1bio da Silva Sousa; Helen Paola Vieira Bueno;\u00a0<span data-uw-styling-context=\"true\">Janete Rosa da Fonseca;<\/span>\u00a0Marcos Rogerio Heck Dorneles; Patr\u00edcia Zaczuk Bassinello; Robson Pereira da Silva; e\u00a0Rog\u00e9rio Zaim de Melo.<\/p>\n","protected":false},"excerpt":{"rendered":"<p>Apresenta\u00e7\u00e3o O Programa de P\u00f3s-Gradua\u00e7\u00e3o em Estudos Culturais do Campus de Aquidauana da Universidade Federal de Mato Grosso do Sul iniciou suas atividades em 16 de maio de 2019. Ele \u00e9 um programa Acad\u00eamico e Interdisciplinar. Nestes seis anos passaram pelo Curso de Mestrado em Estudos Culturais cerca de 350 pessoas, entre alunas e alunos [&hellip;]<\/p>\n","protected":false},"author":26697,"featured_media":83,"parent":0,"menu_order":0,"comment_status":"closed","ping_status":"closed","template":"page-templates\/page-coordenadorias.php","meta":{"ngg_post_thumbnail":0,"footnotes":""},"coauthors":[8],"class_list":["post-82","page","type-page","status-publish","has-post-thumbnail","hentry"],"_links":{"self":[{"href":"https:\/\/ppgcultcpaq.ufms.br\/en\/wp-json\/wp\/v2\/pages\/82","targetHints":{"allow":["GET"]}}],"collection":[{"href":"https:\/\/ppgcultcpaq.ufms.br\/en\/wp-json\/wp\/v2\/pages"}],"about":[{"href":"https:\/\/ppgcultcpaq.ufms.br\/en\/wp-json\/wp\/v2\/types\/page"}],"author":[{"embeddable":true,"href":"https:\/\/ppgcultcpaq.ufms.br\/en\/wp-json\/wp\/v2\/users\/26697"}],"replies":[{"embeddable":true,"href":"https:\/\/ppgcultcpaq.ufms.br\/en\/wp-json\/wp\/v2\/comments?post=82"}],"version-history":[{"count":11,"href":"https:\/\/ppgcultcpaq.ufms.br\/en\/wp-json\/wp\/v2\/pages\/82\/revisions"}],"predecessor-version":[{"id":3117,"href":"https:\/\/ppgcultcpaq.ufms.br\/en\/wp-json\/wp\/v2\/pages\/82\/revisions\/3117"}],"wp:featuredmedia":[{"embeddable":true,"href":"https:\/\/ppgcultcpaq.ufms.br\/en\/wp-json\/wp\/v2\/media\/83"}],"wp:attachment":[{"href":"https:\/\/ppgcultcpaq.ufms.br\/en\/wp-json\/wp\/v2\/media?parent=82"}],"wp:term":[{"taxonomy":"author","embeddable":true,"href":"https:\/\/ppgcultcpaq.ufms.br\/en\/wp-json\/wp\/v2\/coauthors?post=82"}],"curies":[{"name":"wp","href":"https:\/\/api.w.org\/{rel}","templated":true}]}}