{"id":85,"date":"2019-06-19T08:33:42","date_gmt":"2019-06-19T12:33:42","guid":{"rendered":"https:\/\/ppgcultcpaq.ufms.br\/?page_id=85"},"modified":"2025-03-20T15:35:29","modified_gmt":"2025-03-20T19:35:29","slug":"bolsas","status":"publish","type":"page","link":"https:\/\/ppgcultcpaq.ufms.br\/en\/bolsas\/","title":{"rendered":"Bolsas"},"content":{"rendered":"<p><strong>Requisitos para concess\u00e3o de bolsas &#8211; Resolu\u00e7\u00e3o 304-PPGCult:<\/strong>\u00a0<strong><a href=\"https:\/\/ppgcultcpaq.ufms.br\/files\/2024\/04\/RESOLUCAO-Mestrado-em-Estudos-Culturais-CPAQ-n-304-de-02-04-2024.pdf\" target=\"_blank\" rel=\"noopener noreferrer\">Clique aqui<\/a><\/strong><\/p>\n<p><strong>Instru\u00e7\u00e3o Normativa n\u00ba 24\/PROPP: \u00a0<a href=\"https:\/\/ppgcultcpaq.ufms.br\/files\/2024\/04\/INSTRUCAO_NORMATIVA_N_24_GAB_PROPP_UFMS__DE_1_Acumulo_ativ_remunerada.pdf\">Clique aqui<\/a><\/strong><\/p>\n<p><strong>Of\u00edcio Capes 4\/2021<\/strong>:\u00a0<span style=\"color: #000000\"><strong><a style=\"color: #000000\" href=\"https:\/\/drive.google.com\/file\/d\/1QVtF2cT0yBZEtmWQfH34CdO9wdp8I9u-\/view?usp=sharing\" target=\"_blank\" rel=\"noopener\">Clique aqui.<\/a><\/strong><\/span><\/p>\n<p><strong>Modelo para Relat\u00f3rio de Atividades Bolsista:\u00a0<span style=\"color: #000000\"><a style=\"color: #000000\" href=\"https:\/\/docs.google.com\/document\/d\/1DmK1iqX98VACkrhUfF2buPjon254hKMV\/edit?usp=sharing&amp;ouid=107647770689202858260&amp;rtpof=true&amp;sd=true\" target=\"_blank\" rel=\"noopener\">Clique aqui.<\/a><\/span><\/strong><\/p>\n<p>&nbsp;<\/p>\n<p>&nbsp;<\/p>\n<p><strong>2025\/1<\/strong><\/p>\n<p>&#8211; Resultado de recurso e resultado final <a title=\"https:\/\/ppgcultcpaq.ufms.br\/resultado-final-do-processo-seletivo-para-concessao-de-bolsas-de-estudo\/\" href=\"https:\/\/ppgcultcpaq.ufms.br\/resultado-final-do-processo-seletivo-para-concessao-de-bolsas-de-estudo\/\" target=\"_blank\" rel=\"noopener\">Clique aqui.<\/a>\u00a0<strong><span style=\"color: #ff0000\">(NOVO)- &#8211;\u00a0<\/span><\/strong><\/p>\n<p>&#8211; Resultado preliminar <a title=\"https:\/\/ppgcultcpaq.ufms.br\/?p=2934&amp;preview=true\" href=\"https:\/\/ppgcultcpaq.ufms.br\/?p=2934&amp;preview=true\" target=\"_blank\" rel=\"noopener\">Clique aqui.<\/a><\/p>\n<p>&#8211; Edital (06\/2025) Concess\u00e3o de bolsas 2025\/1 e Edital (07\/2025 -Retifica\u00e7\u00e3o) <a title=\"https:\/\/ppgcultcpaq.ufms.br\/processo-seletivo-para-concessao-de-bolsas-de-estudo-2025\/\" href=\"https:\/\/ppgcultcpaq.ufms.br\/processo-seletivo-para-concessao-de-bolsas-de-estudo-2025\/\" target=\"_blank\" rel=\"noopener\">Clique aqui.<\/a><\/p>\n<p><strong>2024\/1\u00a0<\/strong><\/p>\n<p>&#8211; Resultado da an\u00e1lise dos recursos e Resultado Final:<span style=\"color: #3366ff\"> <a style=\"color: #3366ff\" href=\"https:\/\/ppgcultcpaq.ufms.br\/resultado-final-processo-seletivo-para-bolsas-de-estudo-2024-1\/\">Clique aqui.<\/a><\/span><\/p>\n<p>&#8211; Resultado preliminar: <span style=\"color: #000000\"><a style=\"color: #000000\" href=\"https:\/\/ppgcultcpaq.ufms.br\/resultado-preliminar-processo-seletivo-para-bolsas-de-estudo-2024-1\/\">Clique aqui<\/a>.<\/span><\/p>\n<p>&#8211; Edital (08\/2024) Concess\u00e3o de bolsas 2024\/1 <span style=\"color: #000000\"><a style=\"color: #000000\" href=\"https:\/\/ppgcultcpaq.ufms.br\/files\/2024\/04\/Edital-Estudos-Culturais-08-Bolsas.pdf\" target=\"_blank\" rel=\"noopener\">Clique aqui.<\/a><\/span><\/p>\n<p><strong>2023\/2<\/strong><\/p>\n<p>&#8211; Resultado da an\u00e1lise dos recursos e Resultado Final:\u00a0<a href=\"https:\/\/ppgcultcpaq.ufms.br\/resultado-dos-recursos-e-resultado-final-processo-seletivo-para-bolsas-de-estudo-2023-2\/\" target=\"_blank\" rel=\"noopener\">Clique aqui.<\/a><\/p>\n<p>&#8211; Resultado preliminar: <a href=\"https:\/\/ppgcultcpaq.ufms.br\/resultado-preliminar-processo-seletivo-para-bolsas-de-estudo-2023-2\/\" target=\"_blank\" rel=\"noopener\">Clique aqui.<\/a><\/p>\n<p>&#8211; Edital (05\/2023) Concess\u00e3o de bolsas 2023\/2 <a href=\"https:\/\/ppgcultcpaq.ufms.br\/mestrado-em-estudos-culturais-divulga-edital-de-bolsas-de-estudo-2023-2\/\" target=\"_blank\" rel=\"noopener\">Clique aqui.<\/a><\/p>\n<p><strong>2023\/1<\/strong><\/p>\n<p>&#8211; Resultado Final:\u00a0<a href=\"https:\/\/ppgcultcpaq.ufms.br\/resultado-final-processo-seletivo-bolsas-de-estudos-2023\/\" target=\"_blank\" rel=\"noopener\">Clique aqui.<\/a><\/p>\n<p>&#8211; Edital (01\/2023) Concess\u00e3o e Renova\u00e7\u00e3o de Bolsas 2023: <a href=\"https:\/\/ppgcultcpaq.ufms.br\/edital-de-bolsas-de-estudos-2023\/\" target=\"_blank\" rel=\"noopener\">Clique aqui.<\/a><\/p>\n<p data-uw-styling-context=\"true\"><strong>2022<\/strong><\/p>\n<p data-uw-styling-context=\"true\">\u2013 Resolu\u00e7\u00e3o Colegiado de Curso \u2013 Homologa\u00e7\u00e3o Resultado Final:\u00a0<a href=\"https:\/\/drive.google.com\/file\/d\/1nNatS8nM-QIgIMWDU4VxorZ8ZNikffdH\/view?usp=sharing\" target=\"_blank\" rel=\"noopener\">Clique aqui.<\/a><\/p>\n<p data-uw-styling-context=\"true\">\u2013 Resultado Final:\u00a0<a href=\"https:\/\/drive.google.com\/file\/d\/1mlA9BiuQlgb-4LGgec0NK0aytdYgFDWg\/view?usp=sharing\" target=\"_blank\" rel=\"noopener\">Clique aqui.<\/a><\/p>\n<p>&#8211; Edital (02\/2022) Concess\u00e3o e Renova\u00e7\u00e3o de Bolsas 2022:\u00a0<a href=\"https:\/\/drive.google.com\/file\/d\/1qZqintXESjrcFF29Fx_79slWzaxX9qdE\/view?usp=sharing\" target=\"_blank\" rel=\"noopener\">Clique aqui.<\/a><\/p>\n<p><strong>2021<\/strong><\/p>\n<p>&#8211; Resolu\u00e7\u00e3o Colegiado de Curso &#8211; Homologa\u00e7\u00e3o Resultado Final:<\/p>\n<p>&#8211; Resultado Final:\u00a0<a href=\"https:\/\/ppgcultcpaq.ufms.br\/resultado-final-processo-seletivo-para-bolsas-de-estudos-2021\/\" target=\"_blank\" rel=\"noopener noreferrer\">Clique aqui.<\/a><\/p>\n<p>&#8211; Edital (05\/21) retifica\u00e7\u00e3o: <a href=\"https:\/\/drive.google.com\/file\/d\/15S4mrSMKqFlEYUSVRe5gKmHHIEvODv8I\/view?usp=sharing\" target=\"_blank\" rel=\"noopener noreferrer\">(Clique aqui).<\/a><\/p>\n<p>&#8211; Edital (04\/21) retifica\u00e7\u00e3o: <a href=\"https:\/\/ppgcultcpaq.ufms.br\/prorrogadas-as-inscricao-para-o-edital-de-bolsas-de-estudos-2021\/\" target=\"_blank\" rel=\"noopener noreferrer\">(Clique aqui).<\/a><\/p>\n<p>&#8211; Edital (03\/2021) Concess\u00e3o e Renova\u00e7\u00e3o de Bolsas 2021: <a href=\"https:\/\/ppgcultcpaq.ufms.br\/edital-de-bolsas-de-estudos-2021\/\" target=\"_blank\" rel=\"noopener noreferrer\">Clique aqui.<\/a><\/p>\n<p><strong>2020<\/strong><\/p>\n<p>&#8211; Resolu\u00e7\u00e3o Colegiado de Curso &#8211; Homologa\u00e7\u00e3o Resultado Final:\u00a0<a href=\"https:\/\/drive.google.com\/open?id=1kbPJG4o8GgfCv6hP7R8xAxpR_RueyFcX\" target=\"_blank\" rel=\"noopener noreferrer\">Clique aqui.<\/a><\/p>\n<p>&#8211; Resultado Final: <a href=\"https:\/\/ppgcultcpaq.ufms.br\/686-2\/\" target=\"_blank\" rel=\"noopener noreferrer\">Clique aqui.<\/a><\/p>\n<p>&#8211; Ata da reuni\u00e3o da Comiss\u00e3o de Bolsas &#8211; 07\/05\/2020: <a href=\"https:\/\/drive.google.com\/open?id=1-y43NY5fv9cUgHJMnK5BG1YujQfizgYH\" target=\"_blank\" rel=\"noopener noreferrer\">Clique aqui<\/a><\/p>\n<p>&#8211; Edital para Concess\u00e3o de Bolsa Fundect\/2020:\u00a0<a href=\"https:\/\/drive.google.com\/open?id=1Xv5EG_focn-3heu7kRv__8JAyYuhyJJs\" target=\"_blank\" rel=\"noopener noreferrer\">Clique aqui<\/a><\/p>\n<p><strong>2019<\/strong><\/p>\n<p>&#8211; Edital Resultado Final para Concess\u00e3o e Renova\u00e7\u00e3o de Bolsas 2019: <a href=\"https:\/\/drive.google.com\/open?id=1ix9JFoesayTtAj7TfQevzrbsKPAo_Zm5\" target=\"_blank\" rel=\"noopener noreferrer\">Clique aqui.<\/a><\/p>\n<p>&#8211; Lista de Presen\u00e7a da Reuni\u00e3o Comiss\u00e3o de Bolsa 2019:\u00a0<a href=\"https:\/\/drive.google.com\/open?id=1jrT_tnekKMmP2NFkIBvx323kx3TNUbf5\" target=\"_blank\" rel=\"noopener noreferrer\">Clique aqui<\/a><\/p>\n<p>&#8211; Edital para Concess\u00e3o e Renova\u00e7\u00e3o de Bolsas 2019:\u00a0<a href=\"https:\/\/drive.google.com\/file\/d\/11ANMe1rO5iiSFnu-iMh_uP5ly2rixrVz\/view?usp=sharing\">clique aqui<\/a><\/p>\n<p>&nbsp;<\/p>\n<div style=\"text-align: center\"><strong>ATEN\u00c7\u00c3O<\/strong><\/div>\n<div style=\"text-align: center\"><strong>\u00c9 OBRIGAT\u00d3RIO QUE BOLSISTAS CAPES APRESENTEM EM SUAS PUBLICA\u00c7\u00d5ES AGRADECIMENTOS \u00c0 CAPES!<\/strong><\/div>\n<div><span style=\"color: #ffffff\">&#8211;<\/span><\/div>\n<div><\/div>\n<div><\/div>\n<div style=\"text-align: center\">FUNDA\u00c7\u00c3O COORDENA\u00c7\u00c3O DE APERFEI\u00c7OAMENTO DE PESSOAL DE N\u00cdVEL SUPERIOR<\/div>\n<div style=\"text-align: center\">PORTARIA N\u00ba 206, DE\u00a0<span id=\"OBJ_PREFIX_DWT55_com_zimbra_date\" class=\"Object\"><span id=\"OBJ_PREFIX_DWT60_com_zimbra_date\" class=\"Object\">4 DE SETEMBRO<\/span><\/span>\u00a0DE 2018<\/div>\n<div style=\"text-align: center\">DI\u00c1RIO OFICIAL DA UNI\u00c3O N\u00ba 172,\u00a0<span id=\"OBJ_PREFIX_DWT61_com_zimbra_date\" class=\"Object\">quarta<\/span>-feira,\u00a0<span id=\"OBJ_PREFIX_DWT56_com_zimbra_date\" class=\"Object\"><span id=\"OBJ_PREFIX_DWT62_com_zimbra_date\" class=\"Object\">5 de setembro<\/span><\/span>\u00a0de 2018<\/div>\n<div><span style=\"color: #ffffff\">&#8211;<\/span><\/div>\n<div><\/div>\n<div><\/div>\n<div><\/div>\n<div style=\"padding-left: 200px\">Disp\u00f5e sobre obrigatoriedade de cita\u00e7\u00e3o da CAPES O PRESIDENTE DA COORDENA\u00c7\u00c3O DE APERFEI\u00c7OAMENTO DE PESSOAL DE N\u00cdVEL SUPERIOR, no uso das atribui\u00e7\u00f5es que lhe foram conferidas pelo art. 26 do (a) Estatuto, aprovado (a) pelo Decreto n\u00ba 8977, de<span id=\"OBJ_PREFIX_DWT57_com_zimbra_date\" class=\"Object\"><span id=\"OBJ_PREFIX_DWT63_com_zimbra_date\" class=\"Object\">30\/01\/2017<\/span><\/span>, e CONSIDERANDO o indicado nos Editais da CAPES, nos Termos de Compromisso de Bolsista, nos regulamentos de bolsas no exterior e de bolsas no pa\u00eds, no Manual de AUXPE, e no termo de ades\u00e3o ao Portal de Peri\u00f3dicos;\u00a0CONSIDERANDO o constante dos autos do processo n\u00ba\u00a0<span id=\"OBJ_PREFIX_DWT58_com_zimbra_phone\" class=\"Object\"><a href=\"https:\/\/ppgcivet.ufms.br\/atencao-bolsistas-capes-ou-beneficiados-por-quaisquer-verbas-da-capes\/23038.013648\">23038.013648<\/a><\/span>\/2018-51, resolve:<\/div>\n<div><span style=\"color: #ffffff\">&#8211;<\/span><\/div>\n<div>Art. 1\u00ba Os trabalhos produzidos ou publicados, em qualquer m\u00eddia, que decorram de atividades financiadas, integral ou parcialmente, pela CAPES, dever\u00e3o, obrigatoriamente, fazer refer\u00eancia ao apoio recebido.<\/div>\n<div>Art. 2\u00ba Para fins de identifica\u00e7\u00e3o da fonte de financiamento fica autorizada a utiliza\u00e7\u00e3o do c\u00f3digo 001 para todos os financiamentos recebidos.<\/div>\n<div>Art. 3\u00ba Dever\u00e3o ser usadas as seguintes express\u00f5es, no idioma do trabalho:<\/div>\n<div><strong>\u201cO presente trabalho foi realizado com apoio da Coordena\u00e7\u00e3o de Aperfei\u00e7oamento de Pessoal de N\u00edvel Superior \u2013 Brasil (CAPES) \u2013 C\u00f3digo de Financiamento 001<\/strong><\/div>\n<div><strong>\u201cThis study was financed in part by the Coordena\u00e7\u00e3o de Aperfei\u00e7oamento de Pessoal de N\u00edvel Superior \u2013 Brasil (CAPES) \u2013 Finance Code 001\u201d<\/strong><\/div>\n<div>Art. 4\u00ba Fica o pr\u00f3-reitor de p\u00f3s-gradua\u00e7\u00e3o ou cong\u00eanere, respons\u00e1vel pela divulga\u00e7\u00e3o e aplica\u00e7\u00e3o da regra dentro das Institui\u00e7\u00f5es de Ensino Superior que recebem apoio da CAPES.<\/div>\n<div>Art. 5\u00ba A falha em obedecer esta norma implicar\u00e1 em mudan\u00e7as eventuais nos apoios da CAPES para as institui\u00e7\u00f5es e pesquisadores envolvidos, a partir de 2020.<\/div>\n<div>Art. 6\u00ba Esta Portaria entra em vigor na data de sua publica\u00e7\u00e3o.<\/div>\n","protected":false},"excerpt":{"rendered":"<p>Requisitos para concess\u00e3o de bolsas &#8211; Resolu\u00e7\u00e3o 304-PPGCult:\u00a0Clique aqui Instru\u00e7\u00e3o Normativa n\u00ba 24\/PROPP: \u00a0Clique aqui Of\u00edcio Capes 4\/2021:\u00a0Clique aqui. Modelo para Relat\u00f3rio de Atividades Bolsista:\u00a0Clique aqui. &nbsp; &nbsp; 2025\/1 &#8211; Resultado de recurso e resultado final Clique aqui.\u00a0(NOVO)- &#8211;\u00a0 &#8211; Resultado preliminar Clique aqui. &#8211; Edital (06\/2025) Concess\u00e3o de bolsas 2025\/1 e Edital (07\/2025 -Retifica\u00e7\u00e3o) [&hellip;]<\/p>\n","protected":false},"author":26697,"featured_media":83,"parent":0,"menu_order":0,"comment_status":"closed","ping_status":"closed","template":"page-templates\/page-coordenadorias.php","meta":{"ngg_post_thumbnail":0,"footnotes":""},"coauthors":[],"class_list":["post-85","page","type-page","status-publish","has-post-thumbnail","hentry"],"_links":{"self":[{"href":"https:\/\/ppgcultcpaq.ufms.br\/en\/wp-json\/wp\/v2\/pages\/85","targetHints":{"allow":["GET"]}}],"collection":[{"href":"https:\/\/ppgcultcpaq.ufms.br\/en\/wp-json\/wp\/v2\/pages"}],"about":[{"href":"https:\/\/ppgcultcpaq.ufms.br\/en\/wp-json\/wp\/v2\/types\/page"}],"author":[{"embeddable":true,"href":"https:\/\/ppgcultcpaq.ufms.br\/en\/wp-json\/wp\/v2\/users\/26697"}],"replies":[{"embeddable":true,"href":"https:\/\/ppgcultcpaq.ufms.br\/en\/wp-json\/wp\/v2\/comments?post=85"}],"version-history":[{"count":59,"href":"https:\/\/ppgcultcpaq.ufms.br\/en\/wp-json\/wp\/v2\/pages\/85\/revisions"}],"predecessor-version":[{"id":2942,"href":"https:\/\/ppgcultcpaq.ufms.br\/en\/wp-json\/wp\/v2\/pages\/85\/revisions\/2942"}],"wp:featuredmedia":[{"embeddable":true,"href":"https:\/\/ppgcultcpaq.ufms.br\/en\/wp-json\/wp\/v2\/media\/83"}],"wp:attachment":[{"href":"https:\/\/ppgcultcpaq.ufms.br\/en\/wp-json\/wp\/v2\/media?parent=85"}],"wp:term":[{"taxonomy":"author","embeddable":true,"href":"https:\/\/ppgcultcpaq.ufms.br\/en\/wp-json\/wp\/v2\/coauthors?post=85"}],"curies":[{"name":"wp","href":"https:\/\/api.w.org\/{rel}","templated":true}]}}