{"id":87,"date":"2019-06-19T08:34:19","date_gmt":"2019-06-19T12:34:19","guid":{"rendered":"https:\/\/ppgcultcpaq.ufms.br\/?page_id=87"},"modified":"2026-03-20T14:54:49","modified_gmt":"2026-03-20T18:54:49","slug":"contato","status":"publish","type":"page","link":"https:\/\/ppgcultcpaq.ufms.br\/en\/contato\/","title":{"rendered":"Contato"},"content":{"rendered":"<h3>Universidade Federal de Mato Grosso do sul \u2013 C\u00e2mpus de Aquidauana<\/h3>\n<p>Programa de P\u00f3s-Gradua\u00e7\u00e3o em Estudos Culturais (<strong>PPGCult<\/strong>)<\/p>\n<p>Endere\u00e7o: Pra\u00e7a Nossa Senhora Imaculada Concei\u00e7\u00e3o, 163 \u2013 Centro \u2013 Aquidauana\/MS \u2013 CEP: 79.200-000.<\/p>\n<p>&nbsp;<\/p>\n<p><span style=\"font-size: 14pt\"><strong>Coordena\u00e7\u00e3o de Curso<\/strong><\/span><\/p>\n<p>Coordenador: Aguinaldo Rodrigues Gomes<\/p>\n<p>Endere\u00e7o: Pra\u00e7a Nossa Senhora Imaculada Concei\u00e7\u00e3o, 163 \u2013 Centro \u2013 Aquidauana\/MS \u2013 CEP: 79.200-000, sala 14.<\/p>\n<p>Telefones: Fixo (67) 3241-0330; M\u00f3vel e WhatsApp (67) 99929-4841<\/p>\n<p>Ramal: 2330<\/p>\n<p>E-mail:\u00a0<a href=\"mailto:ppgcult.cpaq@ufms.br\">ppgcult.cpaq@ufms.br<\/a><\/p>\n<p>&nbsp;<\/p>\n<p><span style=\"font-size: 14pt\"><strong>Secretaria de Curso<\/strong><\/span><\/p>\n<p>Secret\u00e1rios:<\/p>\n<p>\u00c2ngelo Luiz Perboni<\/p>\n<p>Diego Almeida Oliveira<\/p>\n<p>Atendimento ao p\u00fablico:<\/p>\n<table width=\"576\">\n<tbody>\n<tr style=\"border-color: #000000;border-style: solid\">\n<td width=\"69\"><\/td>\n<td style=\"text-align: center\" width=\"91\"><strong>Segunda-feira<\/strong><\/td>\n<td style=\"text-align: center\" width=\"113\"><strong>Ter\u00e7a-feira<\/strong><\/td>\n<td style=\"text-align: center\" width=\"110\"><strong>Quarta-feira<\/strong><\/td>\n<td style=\"text-align: center\" width=\"116\"><strong>Quinta-feira<\/strong><\/td>\n<td style=\"text-align: center\" width=\"76\"><strong>Sexta-feira<\/strong><\/td>\n<\/tr>\n<tr style=\"border-color: #000000;border-style: solid\">\n<td width=\"69\"><strong>Manh\u00e3<\/strong><\/td>\n<td style=\"text-align: center\" width=\"91\">07h-11h<\/td>\n<td style=\"text-align: center\" width=\"113\">07h-11h<\/td>\n<td style=\"text-align: center\" width=\"110\">07h-11h<\/td>\n<td style=\"text-align: center\" width=\"116\">07h-11h<\/td>\n<td style=\"text-align: center\" width=\"76\">07h-11h<\/td>\n<\/tr>\n<tr style=\"border-color: #000000;border-style: solid\">\n<td width=\"69\"><strong>Tarde<\/strong><\/td>\n<td style=\"text-align: center\" width=\"91\">13h-17h<\/td>\n<td style=\"text-align: center\" width=\"113\">13h-17h<\/td>\n<td style=\"text-align: center\" width=\"110\">13h-17h<\/td>\n<td style=\"text-align: center\" width=\"116\">13h-17h<\/td>\n<td style=\"text-align: center\" width=\"76\">13h-17h<\/td>\n<\/tr>\n<\/tbody>\n<\/table>\n<p>Telefones:<\/p>\n<p>(67) 3241-0310\/0301\u00a0 Ramais:\u00a0 2310\/2301<\/p>\n<p>E-mail: <a href=\"mailto:ppgcult.cpaq@ufms.br\">ppgcult.cpaq@ufms.br<\/a><\/p>\n<p>&nbsp;","protected":false},"excerpt":{"rendered":"<p>Universidade Federal de Mato Grosso do sul \u2013 C\u00e2mpus de Aquidauana Programa de P\u00f3s-Gradua\u00e7\u00e3o em Estudos Culturais (PPGCult) Endere\u00e7o: Pra\u00e7a Nossa Senhora Imaculada Concei\u00e7\u00e3o, 163 \u2013 Centro \u2013 Aquidauana\/MS \u2013 CEP: 79.200-000. &nbsp; Coordena\u00e7\u00e3o de Curso Coordenador: Aguinaldo Rodrigues Gomes Endere\u00e7o: Pra\u00e7a Nossa Senhora Imaculada Concei\u00e7\u00e3o, 163 \u2013 Centro \u2013 Aquidauana\/MS \u2013 CEP: 79.200-000, sala [&hellip;]<\/p>\n","protected":false},"author":26697,"featured_media":83,"parent":0,"menu_order":0,"comment_status":"closed","ping_status":"closed","template":"page-templates\/page-coordenadorias.php","meta":{"ngg_post_thumbnail":0,"footnotes":""},"coauthors":[8],"class_list":["post-87","page","type-page","status-publish","has-post-thumbnail","hentry"],"_links":{"self":[{"href":"https:\/\/ppgcultcpaq.ufms.br\/en\/wp-json\/wp\/v2\/pages\/87","targetHints":{"allow":["GET"]}}],"collection":[{"href":"https:\/\/ppgcultcpaq.ufms.br\/en\/wp-json\/wp\/v2\/pages"}],"about":[{"href":"https:\/\/ppgcultcpaq.ufms.br\/en\/wp-json\/wp\/v2\/types\/page"}],"author":[{"embeddable":true,"href":"https:\/\/ppgcultcpaq.ufms.br\/en\/wp-json\/wp\/v2\/users\/26697"}],"replies":[{"embeddable":true,"href":"https:\/\/ppgcultcpaq.ufms.br\/en\/wp-json\/wp\/v2\/comments?post=87"}],"version-history":[{"count":33,"href":"https:\/\/ppgcultcpaq.ufms.br\/en\/wp-json\/wp\/v2\/pages\/87\/revisions"}],"predecessor-version":[{"id":3212,"href":"https:\/\/ppgcultcpaq.ufms.br\/en\/wp-json\/wp\/v2\/pages\/87\/revisions\/3212"}],"wp:featuredmedia":[{"embeddable":true,"href":"https:\/\/ppgcultcpaq.ufms.br\/en\/wp-json\/wp\/v2\/media\/83"}],"wp:attachment":[{"href":"https:\/\/ppgcultcpaq.ufms.br\/en\/wp-json\/wp\/v2\/media?parent=87"}],"wp:term":[{"taxonomy":"author","embeddable":true,"href":"https:\/\/ppgcultcpaq.ufms.br\/en\/wp-json\/wp\/v2\/coauthors?post=87"}],"curies":[{"name":"wp","href":"https:\/\/api.w.org\/{rel}","templated":true}]}}