{"id":89,"date":"2019-06-19T08:34:46","date_gmt":"2019-06-19T12:34:46","guid":{"rendered":"https:\/\/ppgcultcpaq.ufms.br\/?page_id=89"},"modified":"2023-03-13T13:52:42","modified_gmt":"2023-03-13T17:52:42","slug":"discentes","status":"publish","type":"page","link":"https:\/\/ppgcultcpaq.ufms.br\/en\/discentes\/","title":{"rendered":"Discentes"},"content":{"rendered":"<ul>\n<li><strong>Turma 2023\/1<\/strong><\/li>\n<\/ul>\n<p>Ana L\u00facia Franco<\/p>\n<p>Beth\u00e2nia Rodrigues<\/p>\n<p>Ellen Maria Machado Santos Fernandes<\/p>\n<p>Glacieli Braga Ferreira Campos<\/p>\n<p>Leonara Flores Mergareno<\/p>\n<p>Let\u00edcia Ribeiro Pereira<\/p>\n<p>Marina Nascimento Silva Souza<\/p>\n<p>Priscila Roberta Alves Lemos<\/p>\n<p>Rogerio Marques de Oliveira<\/p>\n<p>Ta\u00eds Mendes Carneiro<\/p>\n<p>Vin\u00edcius Marques Fagundes Queiroz<\/p>\n<ul>\n<li><strong>Turma 2022\/2<\/strong><\/li>\n<\/ul>\n<p>Andreza Sales Ferreira<\/p>\n<p>Marcia Helena Messa Longo<\/p>\n<p>Nayane Vieira de Lima Miyashiro<\/p>\n<p>Wilson Marques Dias<\/p>\n<ul>\n<li><strong>Turma 2022\/1<\/strong><\/li>\n<\/ul>\n<p>Bruna Raquel Nunes de Morais<\/p>\n<p>Carlos Alberto de Almeida Passarinho<\/p>\n<p>David Arioch da Silva Alves Barcelos<\/p>\n<p>Diego Gebara Fallah<\/p>\n<p>Eudes Mendes Ferreira<\/p>\n<p>Fernando Oliveira Cruz<\/p>\n<p>Ian Rari Nogueira Faria<\/p>\n<p>Josaphat Batista dos Santos Filho<\/p>\n<p>Karen de Souza Cruz Brasil<\/p>\n<p>Larissa Ezidio da Silva<\/p>\n<p>Luis Henrique Domingues Ver\u00e3o das Neves<\/p>\n<p>Ma\u00edra Dutra de Oliveira<\/p>\n<p>Marcello Augusto Ferreira da Silva Portocarrero<\/p>\n<p>Marcelo Barbosa Alves<\/p>\n<p>Mary Juvencio Macedo<\/p>\n<p>Mayara Cristina dos Santos Vieira<\/p>\n<p>Petronio Francisco de Barros<\/p>\n<p>Roselene Silva Moura<\/p>\n<p>Teylor Fuchs Cardoso dos Santos<\/p>\n<ul>\n<li><strong>Turma 2021<\/strong><\/li>\n<\/ul>\n<p>Alessandro Cintra<\/p>\n<p>Amanda Mamede<\/p>\n<p>Anna Beatriz Passos da Silva Carlos<\/p>\n<p>Caio Rodrigues<\/p>\n<p>Carla Drielly Costa Santana<\/p>\n<p>Jean Batista da Cunha<\/p>\n<p>Janete Andrade de Lima<\/p>\n<p>Jefferson Cestari<\/p>\n<p>Kamila dos Santos Bento<\/p>\n<p>Larissa Papa Nogueira Martins<\/p>\n<p>Lise Rossi Jones Lima<\/p>\n<p>Maristela Santiago de Souza<\/p>\n<p>Pablo Siminio<\/p>\n<p>Rafael Dantas de Oliveira<\/p>\n<p>Sandra da Silva Costa<\/p>\n<p>Sarah da Silva Corr\u00eaa Lima<\/p>\n<p>Tatiana Roberta Medeiros<\/p>\n<p>Tha\u00eds Monique Batista Constantino<\/p>\n<p>&nbsp;<\/p>\n<ul>\n<li><strong>Turma 2020<\/strong><\/li>\n<\/ul>\n<p>Aim\u00ea Barbosa Martins Bast<\/p>\n<p>Aparecida Alessandra de Oliveira Faria dos Santos<\/p>\n<p>C\u00e9sar Augusto Vareiro da Silva<\/p>\n<p>Eduardo Ramirez Meza<\/p>\n<p>Ekarolaine Silva de Amarilha Garcia<\/p>\n<p>Elz\u00e9ber Paiz Fl\u00f4res<\/p>\n<p>Geiselly Mar\u00e7al da Silva Le\u00e3o<\/p>\n<p>Giovana Alle Hollender Azambuja<\/p>\n<p>Israel Aparecido da Silva Junior<\/p>\n<p>Jessica Ferreira Alves<\/p>\n<p>Jussara Le\u00e3o Balbueno<\/p>\n<p>Katia Rosana Hernandes<\/p>\n<p>Laila Cristina Domingos Ferreira<\/p>\n<p>Marcos Nathaniel Pereira<\/p>\n<p>Mateus Calvis Soares<\/p>\n<p>Paulo Apolin\u00e1rio Bispo<\/p>\n<p>Rafael Mascarenhas Matos<\/p>\n<p>Renata Cordeiro Peguin<\/p>\n<p>Valdevino Gon\u00e7alves Cardoso<\/p>\n<p>Yara Karolina Santana de Mattos Messias<\/p>\n<p>&nbsp;<\/p>\n<p>&nbsp;<\/p>\n","protected":false},"excerpt":{"rendered":"<p>Turma 2023\/1 Ana L\u00facia Franco Beth\u00e2nia Rodrigues Ellen Maria Machado Santos Fernandes Glacieli Braga Ferreira Campos Leonara Flores Mergareno Let\u00edcia Ribeiro Pereira Marina Nascimento Silva Souza Priscila Roberta Alves Lemos Rogerio Marques de Oliveira Ta\u00eds Mendes Carneiro Vin\u00edcius Marques Fagundes Queiroz Turma 2022\/2 Andreza Sales Ferreira Marcia Helena Messa Longo Nayane Vieira de Lima Miyashiro [&hellip;]<\/p>\n","protected":false},"author":26697,"featured_media":83,"parent":0,"menu_order":0,"comment_status":"closed","ping_status":"closed","template":"page-templates\/page-coordenadorias.php","meta":{"ngg_post_thumbnail":0,"footnotes":""},"coauthors":[],"class_list":["post-89","page","type-page","status-publish","has-post-thumbnail","hentry"],"_links":{"self":[{"href":"https:\/\/ppgcultcpaq.ufms.br\/en\/wp-json\/wp\/v2\/pages\/89","targetHints":{"allow":["GET"]}}],"collection":[{"href":"https:\/\/ppgcultcpaq.ufms.br\/en\/wp-json\/wp\/v2\/pages"}],"about":[{"href":"https:\/\/ppgcultcpaq.ufms.br\/en\/wp-json\/wp\/v2\/types\/page"}],"author":[{"embeddable":true,"href":"https:\/\/ppgcultcpaq.ufms.br\/en\/wp-json\/wp\/v2\/users\/26697"}],"replies":[{"embeddable":true,"href":"https:\/\/ppgcultcpaq.ufms.br\/en\/wp-json\/wp\/v2\/comments?post=89"}],"version-history":[{"count":12,"href":"https:\/\/ppgcultcpaq.ufms.br\/en\/wp-json\/wp\/v2\/pages\/89\/revisions"}],"predecessor-version":[{"id":2079,"href":"https:\/\/ppgcultcpaq.ufms.br\/en\/wp-json\/wp\/v2\/pages\/89\/revisions\/2079"}],"wp:featuredmedia":[{"embeddable":true,"href":"https:\/\/ppgcultcpaq.ufms.br\/en\/wp-json\/wp\/v2\/media\/83"}],"wp:attachment":[{"href":"https:\/\/ppgcultcpaq.ufms.br\/en\/wp-json\/wp\/v2\/media?parent=89"}],"wp:term":[{"taxonomy":"author","embeddable":true,"href":"https:\/\/ppgcultcpaq.ufms.br\/en\/wp-json\/wp\/v2\/coauthors?post=89"}],"curies":[{"name":"wp","href":"https:\/\/api.w.org\/{rel}","templated":true}]}}