{"id":91,"date":"2019-06-19T08:35:21","date_gmt":"2019-06-19T12:35:21","guid":{"rendered":"https:\/\/ppgcultcpaq.ufms.br\/?page_id=91"},"modified":"2023-05-26T10:45:24","modified_gmt":"2023-05-26T14:45:24","slug":"dissertacoes","status":"publish","type":"page","link":"https:\/\/ppgcultcpaq.ufms.br\/en\/dissertacoes\/","title":{"rendered":"Disserta\u00e7\u00f5es"},"content":{"rendered":"<p><a href=\"https:\/\/ppgcultcpaq.ufms.br\/turma-2021\/\" target=\"_blank\" rel=\"noopener\">Disserta\u00e7\u00f5es Turma 2021<\/a><\/p>\n<p><a href=\"https:\/\/ppgcultcpaq.ufms.br\/dissertacoes-turma-de-2020\/\" target=\"_blank\" rel=\"noopener\">Disserta\u00e7\u00f5es Turma 2020\/1 e 2020\/2<\/a><\/p>\n<p><a href=\"https:\/\/ppgcultcpaq.ufms.br\/turma-de-2019\/\" target=\"_blank\" rel=\"noopener\">Disserta\u00e7\u00f5es Turma 2019<\/a><\/p>\n","protected":false},"excerpt":{"rendered":"<p>Disserta\u00e7\u00f5es Turma 2021 Disserta\u00e7\u00f5es Turma 2020\/1 e 2020\/2 Disserta\u00e7\u00f5es Turma 2019<\/p>\n","protected":false},"author":26697,"featured_media":83,"parent":0,"menu_order":0,"comment_status":"closed","ping_status":"closed","template":"page-templates\/page-coordenadorias.php","meta":{"ngg_post_thumbnail":0,"footnotes":""},"coauthors":[],"class_list":["post-91","page","type-page","status-publish","has-post-thumbnail","hentry"],"_links":{"self":[{"href":"https:\/\/ppgcultcpaq.ufms.br\/en\/wp-json\/wp\/v2\/pages\/91","targetHints":{"allow":["GET"]}}],"collection":[{"href":"https:\/\/ppgcultcpaq.ufms.br\/en\/wp-json\/wp\/v2\/pages"}],"about":[{"href":"https:\/\/ppgcultcpaq.ufms.br\/en\/wp-json\/wp\/v2\/types\/page"}],"author":[{"embeddable":true,"href":"https:\/\/ppgcultcpaq.ufms.br\/en\/wp-json\/wp\/v2\/users\/26697"}],"replies":[{"embeddable":true,"href":"https:\/\/ppgcultcpaq.ufms.br\/en\/wp-json\/wp\/v2\/comments?post=91"}],"version-history":[{"count":10,"href":"https:\/\/ppgcultcpaq.ufms.br\/en\/wp-json\/wp\/v2\/pages\/91\/revisions"}],"predecessor-version":[{"id":2223,"href":"https:\/\/ppgcultcpaq.ufms.br\/en\/wp-json\/wp\/v2\/pages\/91\/revisions\/2223"}],"wp:featuredmedia":[{"embeddable":true,"href":"https:\/\/ppgcultcpaq.ufms.br\/en\/wp-json\/wp\/v2\/media\/83"}],"wp:attachment":[{"href":"https:\/\/ppgcultcpaq.ufms.br\/en\/wp-json\/wp\/v2\/media?parent=91"}],"wp:term":[{"taxonomy":"author","embeddable":true,"href":"https:\/\/ppgcultcpaq.ufms.br\/en\/wp-json\/wp\/v2\/coauthors?post=91"}],"curies":[{"name":"wp","href":"https:\/\/api.w.org\/{rel}","templated":true}]}}