{"id":95,"date":"2019-06-19T08:36:21","date_gmt":"2019-06-19T12:36:21","guid":{"rendered":"https:\/\/ppgcultcpaq.ufms.br\/?page_id=95"},"modified":"2025-07-23T10:12:38","modified_gmt":"2025-07-23T14:12:38","slug":"estrutura-curricular","status":"publish","type":"page","link":"https:\/\/ppgcultcpaq.ufms.br\/en\/estrutura-curricular\/","title":{"rendered":"Estrutura Curricular"},"content":{"rendered":"<table style=\"border-style: solid;width: 100%\" width=\"100%\">\n<thead>\n<tr>\n<td style=\"border-style: solid\" width=\"14%\"><strong>C\u00f3d. Disc.<\/strong><\/td>\n<td style=\"border-style: solid\" width=\"62%\"><strong>Disciplina<\/strong><\/td>\n<td style=\"border-style: solid\" width=\"7%\"><strong>CH<\/strong><\/td>\n<td style=\"border-style: solid\" width=\"16%\"><strong>Modalidade<\/strong><\/td>\n<\/tr>\n<\/thead>\n<tbody>\n<tr>\n<td style=\"border-style: solid\" width=\"14%\">20002001<\/td>\n<td style=\"border-style: solid\" width=\"62%\">Estudos Culturais: teorias e m\u00e9todos<\/td>\n<td style=\"border-style: solid\" width=\"7%\">60<\/td>\n<td style=\"border-style: solid\" width=\"16%\">Obrigat\u00f3ria<\/td>\n<\/tr>\n<tr>\n<td style=\"border-style: solid\" width=\"14%\">20002002<\/td>\n<td style=\"border-style: solid\" width=\"62%\">Semin\u00e1rios interdisciplinares de pesquisa<\/td>\n<td style=\"border-style: solid\" width=\"7%\">60<\/td>\n<td style=\"border-style: solid\" width=\"16%\">Obrigat\u00f3ria<\/td>\n<\/tr>\n<tr>\n<td style=\"border-style: solid\" width=\"14%\">20002003<\/td>\n<td style=\"border-style: solid\" width=\"62%\">Elabora\u00e7\u00e3o de Disserta\u00e7\u00e3o<\/td>\n<td style=\"border-style: solid\" width=\"7%\">60<\/td>\n<td style=\"border-style: solid\" width=\"16%\">Obrigat\u00f3ria<\/td>\n<\/tr>\n<tr>\n<td style=\"border-style: solid\" width=\"14%\">20002004<\/td>\n<td style=\"border-style: solid\" width=\"62%\">Estudos Culturais: \u00c1frica, \u00c1sia e Am\u00e9rica Latina em perspectiva comparada<\/td>\n<td style=\"border-style: solid\" width=\"7%\">60<\/td>\n<td style=\"border-style: solid\" width=\"16%\">Optativa<\/td>\n<\/tr>\n<tr>\n<td style=\"border-style: solid\" width=\"14%\">20002005<\/td>\n<td style=\"border-style: solid\" width=\"62%\">Estudos interdisciplinares em diferen\u00e7a, diversidade e alteridade<\/td>\n<td style=\"border-style: solid\" width=\"7%\">60<\/td>\n<td style=\"border-style: solid\" width=\"16%\">Optativa<\/td>\n<\/tr>\n<tr>\n<td style=\"border-style: solid\" width=\"14%\">20002006<\/td>\n<td style=\"border-style: solid\" width=\"62%\">Estudos interdisciplinares em sujeitos, saberes e linguagens<\/td>\n<td style=\"border-style: solid\" width=\"7%\">60<\/td>\n<td style=\"border-style: solid\" width=\"16%\">Optativa<\/td>\n<\/tr>\n<tr>\n<td style=\"border-style: solid\" width=\"14%\">20002007<\/td>\n<td style=\"border-style: solid\" width=\"62%\">Fronteiras: pol\u00edtica e cultura<\/td>\n<td style=\"border-style: solid\" width=\"7%\">60<\/td>\n<td style=\"border-style: solid\" width=\"16%\">Optativa<\/td>\n<\/tr>\n<tr>\n<td style=\"border-style: solid\" width=\"14%\">20002008<\/td>\n<td style=\"border-style: solid\" width=\"62%\">Manuais did\u00e1ticos: g\u00eanero, camadas populares, afrodescendentes e ind\u00edgenas &#8211; autores, textos, usos e leituras<\/td>\n<td style=\"border-style: solid\" width=\"7%\">60<\/td>\n<td style=\"border-style: solid\" width=\"16%\">Optativa<\/td>\n<\/tr>\n<tr>\n<td style=\"border-style: solid\" width=\"14%\">20002009<\/td>\n<td style=\"border-style: solid\" width=\"62%\">M\u00eddias, linguagens e transculturalidades<\/td>\n<td style=\"border-style: solid\" width=\"7%\">60<\/td>\n<td style=\"border-style: solid\" width=\"16%\">Optativa<\/td>\n<\/tr>\n<tr>\n<td style=\"border-style: solid\" width=\"14%\">20002010<\/td>\n<td style=\"border-style: solid\" width=\"62%\">Movimentos fronteiri\u00e7os, mem\u00f3ria e diversidade cultural<\/td>\n<td style=\"border-style: solid\" width=\"7%\">60<\/td>\n<td style=\"border-style: solid\" width=\"16%\">Optativa<\/td>\n<\/tr>\n<tr>\n<td style=\"border-style: solid\" width=\"14%\">20002011<\/td>\n<td style=\"border-style: solid\" width=\"62%\">Performatividade de g\u00eanero, ciberespa\u00e7o e diferen\u00e7a<\/td>\n<td style=\"border-style: solid\" width=\"7%\">60<\/td>\n<td style=\"border-style: solid\" width=\"16%\">Optativa<\/td>\n<\/tr>\n<tr>\n<td style=\"border-style: solid\" width=\"14%\">20002012<\/td>\n<td style=\"border-style: solid\" width=\"62%\">Perspectivas dos estudos contempor\u00e2neos sobre os povos ind\u00edgenas<\/td>\n<td style=\"border-style: solid\" width=\"7%\">60<\/td>\n<td style=\"border-style: solid\" width=\"16%\">Optativa<\/td>\n<\/tr>\n<tr>\n<td style=\"border-style: solid\" width=\"14%\">20002013<\/td>\n<td style=\"border-style: solid\" width=\"62%\">Representa\u00e7\u00f5es das mulheres na literatura brasileira e em outras linguagens.<\/td>\n<td style=\"border-style: solid\" width=\"7%\">60<\/td>\n<td style=\"border-style: solid\" width=\"16%\">Optativa<\/td>\n<\/tr>\n<tr>\n<td style=\"border-style: solid\" width=\"14%\">20002014<\/td>\n<td style=\"border-style: solid\" width=\"62%\">Sexualidade e marcadores sociais de diferen\u00e7a<\/td>\n<td style=\"border-style: solid\" width=\"7%\">60<\/td>\n<td style=\"border-style: solid\" width=\"16%\">Optativa<\/td>\n<\/tr>\n<tr>\n<td style=\"border-style: solid\" width=\"14%\">20002015<\/td>\n<td style=\"border-style: solid\" width=\"62%\">T\u00f3picos especiais em Estudos Culturais<\/td>\n<td style=\"border-style: solid\" width=\"7%\">15<\/td>\n<td style=\"border-style: solid\" width=\"16%\">Optativa<\/td>\n<\/tr>\n<tr>\n<td style=\"border-style: solid\" width=\"14%\">20002016<\/td>\n<td style=\"border-style: solid\" width=\"62%\">T\u00f3picos especiais em Estudos Culturais<\/td>\n<td style=\"border-style: solid\" width=\"7%\">30<\/td>\n<td style=\"border-style: solid\" width=\"16%\">Optativa<\/td>\n<\/tr>\n<tr>\n<td style=\"border-style: solid\" width=\"14%\">20002017<\/td>\n<td style=\"border-style: solid\" width=\"62%\">T\u00f3picos especiais em Estudos Culturais<\/td>\n<td style=\"border-style: solid\" width=\"7%\">45<\/td>\n<td style=\"border-style: solid\" width=\"16%\">Optativa<\/td>\n<\/tr>\n<tr>\n<td style=\"border-style: solid\" width=\"14%\">20002018<\/td>\n<td style=\"border-style: solid\" width=\"62%\">T\u00f3picos especiais em Estudos Culturais<\/td>\n<td style=\"border-style: solid\" width=\"7%\">60<\/td>\n<td style=\"border-style: solid\" width=\"16%\">Optativa<\/td>\n<\/tr>\n<tr>\n<td style=\"border-style: solid\" width=\"14%\">20002019<\/td>\n<td style=\"border-style: solid\" width=\"62%\">Disserta\u00e7\u00e3o<\/td>\n<td style=\"border-style: solid\" width=\"7%\">240<\/td>\n<td style=\"border-style: solid\" width=\"16%\">Obrigat\u00f3ria<\/td>\n<\/tr>\n<\/tbody>\n<\/table>\n<p>&nbsp;<\/p>\n<p>Resolu\u00e7\u00e3o COPP n\u00b003, de 03 de janeiro de 2019, aprova\u00e7\u00e3o da Estrutura Curricular:\u00a0<a href=\"https:\/\/drive.google.com\/open?id=1KejD_NlK9FBG2LUyKqQltHLZvS_3PjvY\" target=\"_blank\" rel=\"noopener noreferrer\">Resolu\u00e7\u00e3o<\/a><\/p>\n<p>Resolu\u00e7\u00e3o COPP n\u00b0 94, de 27 de maio de 2019, altera\u00e7\u00e3o da Estrutura Curricular:\u00a0<a href=\"https:\/\/drive.google.com\/open?id=1olyq62z96CXf1tyYHvYEMZV0sltyxnTA\" target=\"_blank\" rel=\"noopener noreferrer\">Resolu\u00e7\u00e3o<\/a><\/p>\n","protected":false},"excerpt":{"rendered":"<p>C\u00f3d. Disc. Disciplina CH Modalidade 20002001 Estudos Culturais: teorias e m\u00e9todos 60 Obrigat\u00f3ria 20002002 Semin\u00e1rios interdisciplinares de pesquisa 60 Obrigat\u00f3ria 20002003 Elabora\u00e7\u00e3o de Disserta\u00e7\u00e3o 60 Obrigat\u00f3ria 20002004 Estudos Culturais: \u00c1frica, \u00c1sia e Am\u00e9rica Latina em perspectiva comparada 60 Optativa 20002005 Estudos interdisciplinares em diferen\u00e7a, diversidade e alteridade 60 Optativa 20002006 Estudos interdisciplinares em sujeitos, saberes [&hellip;]<\/p>\n","protected":false},"author":26697,"featured_media":83,"parent":0,"menu_order":0,"comment_status":"closed","ping_status":"closed","template":"page-templates\/page-coordenadorias.php","meta":{"ngg_post_thumbnail":0,"footnotes":""},"coauthors":[8],"class_list":["post-95","page","type-page","status-publish","has-post-thumbnail","hentry"],"_links":{"self":[{"href":"https:\/\/ppgcultcpaq.ufms.br\/en\/wp-json\/wp\/v2\/pages\/95","targetHints":{"allow":["GET"]}}],"collection":[{"href":"https:\/\/ppgcultcpaq.ufms.br\/en\/wp-json\/wp\/v2\/pages"}],"about":[{"href":"https:\/\/ppgcultcpaq.ufms.br\/en\/wp-json\/wp\/v2\/types\/page"}],"author":[{"embeddable":true,"href":"https:\/\/ppgcultcpaq.ufms.br\/en\/wp-json\/wp\/v2\/users\/26697"}],"replies":[{"embeddable":true,"href":"https:\/\/ppgcultcpaq.ufms.br\/en\/wp-json\/wp\/v2\/comments?post=95"}],"version-history":[{"count":6,"href":"https:\/\/ppgcultcpaq.ufms.br\/en\/wp-json\/wp\/v2\/pages\/95\/revisions"}],"predecessor-version":[{"id":3065,"href":"https:\/\/ppgcultcpaq.ufms.br\/en\/wp-json\/wp\/v2\/pages\/95\/revisions\/3065"}],"wp:featuredmedia":[{"embeddable":true,"href":"https:\/\/ppgcultcpaq.ufms.br\/en\/wp-json\/wp\/v2\/media\/83"}],"wp:attachment":[{"href":"https:\/\/ppgcultcpaq.ufms.br\/en\/wp-json\/wp\/v2\/media?parent=95"}],"wp:term":[{"taxonomy":"author","embeddable":true,"href":"https:\/\/ppgcultcpaq.ufms.br\/en\/wp-json\/wp\/v2\/coauthors?post=95"}],"curies":[{"name":"wp","href":"https:\/\/api.w.org\/{rel}","templated":true}]}}