{"id":97,"date":"2019-06-19T08:37:13","date_gmt":"2019-06-19T12:37:13","guid":{"rendered":"https:\/\/ppgcultcpaq.ufms.br\/?page_id=97"},"modified":"2025-09-05T08:30:42","modified_gmt":"2025-09-05T12:30:42","slug":"documentos","status":"publish","type":"page","link":"https:\/\/ppgcultcpaq.ufms.br\/en\/documentos\/","title":{"rendered":"Documentos"},"content":{"rendered":"<p><strong>CURSO DE MESTRADO<\/strong><\/p>\n<ul>\n<li>NORMAS E REGULAMENTOS<\/li>\n<\/ul>\n<p>Regulamento de Curso &#8211; Resolu\u00e7\u00e3o n\u00ba 892-COPP\/UFMS, de 30 de outubro de 2024. <a href=\"https:\/\/ppgcultcpaq.ufms.br\/files\/2024\/11\/RESOLUCAO-COPP-n-892-de-30-10-2024.pdf\" target=\"_blank\" rel=\"noopener noreferrer\">Clique aqui<\/a><\/p>\n<p>Normas da P\u00f3s-Gradua\u00e7\u00e3o Stricto Sensu &#8211;\u00a0 Resolu\u00e7\u00e3o COPP n\u00b0458, de 17 de dezembro de 2021. <a href=\"https:\/\/drive.google.com\/file\/d\/19FowQM5kbHjLhByWOAyj92j9bzpCGY0c\/view?usp=sharing\" target=\"_blank\" rel=\"noopener noreferrer\">Clique aqui<\/a><\/p>\n<p>Regime Disciplinar dos Estudantes da UFMS, Resolu\u00e7\u00e3o COUN n\u00b073, de 23 de agosto de 2018.\u00a0<a href=\"https:\/\/drive.google.com\/open?id=1ErwP657nNQf5nVgBDp9D6WgE3AKCNHvV\" target=\"_blank\" rel=\"noopener noreferrer\">Clique aqui<\/a><\/p>\n<p>Planejamento Estrat\u00e9gico 2020-2022. <a href=\"https:\/\/ppgcultcpaq.ufms.br\/files\/2024\/09\/Planejamento-estrategico-ECT-2020-2022-1.pdf\">Clique aqui<\/a><\/p>\n<p>Planejamento Estrat\u00e9gico 2022-2024.\u00a0<a href=\"https:\/\/drive.google.com\/file\/d\/1ucRcFOUabMVIMCNPOTk91Bolwbiz7AYI\/view?usp=share_link\">Clique aqui<\/a><\/p>\n<p>&nbsp;<\/p>\n<ul>\n<li>ENVIO DA VERS\u00c3O FINAL DA DISSERTA\u00c7\u00c3O<\/li>\n<\/ul>\n<p class=\"Texto_Justificado_Recuo_Primeira_Linha\">1\u00b0 O\/a <strong>orientador\/orientadora<\/strong> deve aprovar o\/a estudante na disciplina &#8220;Disserta\u00e7\u00e3o&#8221; <a href=\"https:\/\/ppgcultcpaq.ufms.br\/files\/2023\/05\/Tutorial-para-lancamento-na-disciplina-Dissertacao-1.pdf\">(Tutorial)<\/a>.<\/p>\n<p>2\u00b0 Ap\u00f3s<strong> o\/a estudante<\/strong> dever\u00e1 realizar o envio do seu trabalho via Portal\u00a0<a href=\"https:\/\/drive.google.com\/file\/d\/1FGEx8YD4T0RD3Kb7B8XQv0WD0d1mVCb1\/view?usp=sharing\" target=\"_blank\" rel=\"noopener noreferrer\">(Tutorial).<\/a><\/p>\n<p>3\u00b0 Ap\u00f3s, <strong>o\/a orientador\/orientadora<\/strong> dever\u00e1 analisar os dados e documento enviados pelo egresso e aprovar ou reprovar a solicita\u00e7\u00e3o, podendo alter\u00e1-la, se necess\u00e1rio\u00a0<a href=\"https:\/\/drive.google.com\/file\/d\/1fD81h5pXOHw1BFf_j6EzK1Tjk2u6yJAW\/view?usp=sharing\" target=\"_blank\" rel=\"noopener noreferrer\">(Tutorial).<\/a><\/p>\n<p>4\u00b0 O coordenador conseguir\u00e1 alterar a restri\u00e7\u00e3o do trabalho aprovado pelo orientador como &#8220;n\u00e3o p\u00fablico&#8221;\u00a0<a href=\"https:\/\/drive.google.com\/file\/d\/1THuxjalGWiiCTPb4-4d9uq1cl2DInncL\/view?usp=sharing\" target=\"_blank\" rel=\"noopener noreferrer\">(Tutorial).<\/a><\/p>\n<p>Obs: o passo a passo detalhado est\u00e1 dispon\u00edvel para os\/as orientadores\/as no processo SEI (<span id=\"span3171763\" class=\"\" title=\"Stricto Sensu: Disserta\u00e7\u00e3o e Tese\">23450.00081<\/span><span id=\"span3171763\" class=\"\" title=\"Stricto Sensu: Disserta\u00e7\u00e3o e Tese\">0\/2021-04<\/span>).<\/p>\n<p>&nbsp;<\/p>\n<ul>\n<li>EXAME DE QUALIFICA\u00c7\u00c3O<\/li>\n<\/ul>\n<p>Orienta\u00e7\u00f5es para solicita\u00e7\u00e3o e realiza\u00e7\u00e3o do Exame de Qualifica\u00e7\u00e3o: <a href=\"https:\/\/drive.google.com\/file\/d\/1SK4Le9lUQAVaqCoVkpV7V6eAWMwjb_JS\/view?usp=sharing\" target=\"_blank\" rel=\"noopener noreferrer\">Orienta\u00e7\u00f5es Exame de Qualifica\u00e7\u00e3o<\/a><\/p>\n<p>&nbsp;<\/p>\n<p><strong>EST\u00c1GIO DE P\u00d3S-DOUTORADO<\/strong><\/p>\n<ul>\n<li>DOCUMENTOS<\/li>\n<\/ul>\n<p>Modelo de relat\u00f3rio Final\u00a0<a href=\"https:\/\/drive.google.com\/file\/d\/1uJ2yFPNQW37MH2HM-0ClFn_GoNcOeoQ0\/view?usp=sharing\" target=\"_blank\" rel=\"noopener noreferrer\">(Clique aqui).<\/a><\/p>\n<p>Normas do Programa de P\u00f3s-Doutorado da UFMS (Servi\u00e7o Volunt\u00e1rio) <a href=\"https:\/\/boletimoficial.ufms.br\/bse\/publicacao?id=452360\" target=\"_blank\" rel=\"noopener\">(Clique aqui).<\/a><\/p>\n","protected":false},"excerpt":{"rendered":"<p>CURSO DE MESTRADO NORMAS E REGULAMENTOS Regulamento de Curso &#8211; Resolu\u00e7\u00e3o n\u00ba 892-COPP\/UFMS, de 30 de outubro de 2024. Clique aqui Normas da P\u00f3s-Gradua\u00e7\u00e3o Stricto Sensu &#8211;\u00a0 Resolu\u00e7\u00e3o COPP n\u00b0458, de 17 de dezembro de 2021. Clique aqui Regime Disciplinar dos Estudantes da UFMS, Resolu\u00e7\u00e3o COUN n\u00b073, de 23 de agosto de 2018.\u00a0Clique aqui Planejamento [&hellip;]<\/p>\n","protected":false},"author":26697,"featured_media":83,"parent":0,"menu_order":0,"comment_status":"closed","ping_status":"closed","template":"page-templates\/page-coordenadorias.php","meta":{"ngg_post_thumbnail":0,"footnotes":""},"coauthors":[8],"class_list":["post-97","page","type-page","status-publish","has-post-thumbnail","hentry"],"_links":{"self":[{"href":"https:\/\/ppgcultcpaq.ufms.br\/en\/wp-json\/wp\/v2\/pages\/97","targetHints":{"allow":["GET"]}}],"collection":[{"href":"https:\/\/ppgcultcpaq.ufms.br\/en\/wp-json\/wp\/v2\/pages"}],"about":[{"href":"https:\/\/ppgcultcpaq.ufms.br\/en\/wp-json\/wp\/v2\/types\/page"}],"author":[{"embeddable":true,"href":"https:\/\/ppgcultcpaq.ufms.br\/en\/wp-json\/wp\/v2\/users\/26697"}],"replies":[{"embeddable":true,"href":"https:\/\/ppgcultcpaq.ufms.br\/en\/wp-json\/wp\/v2\/comments?post=97"}],"version-history":[{"count":33,"href":"https:\/\/ppgcultcpaq.ufms.br\/en\/wp-json\/wp\/v2\/pages\/97\/revisions"}],"predecessor-version":[{"id":3087,"href":"https:\/\/ppgcultcpaq.ufms.br\/en\/wp-json\/wp\/v2\/pages\/97\/revisions\/3087"}],"wp:featuredmedia":[{"embeddable":true,"href":"https:\/\/ppgcultcpaq.ufms.br\/en\/wp-json\/wp\/v2\/media\/83"}],"wp:attachment":[{"href":"https:\/\/ppgcultcpaq.ufms.br\/en\/wp-json\/wp\/v2\/media?parent=97"}],"wp:term":[{"taxonomy":"author","embeddable":true,"href":"https:\/\/ppgcultcpaq.ufms.br\/en\/wp-json\/wp\/v2\/coauthors?post=97"}],"curies":[{"name":"wp","href":"https:\/\/api.w.org\/{rel}","templated":true}]}}